{"id":20142,"date":"2021-01-19T10:22:26","date_gmt":"2021-01-19T09:22:26","guid":{"rendered":"https:\/\/jhcakes.com\/shop\/?post_type=product&#038;p=20142"},"modified":"2022-12-06T15:34:34","modified_gmt":"2022-12-06T14:34:34","slug":"sarkany-mezes-kiszuro","status":"publish","type":"product","link":"https:\/\/jhcakes.com\/shop\/termek\/sarkany-mezes-kiszuro\/","title":{"rendered":"S\u00e1rk\u00e1ny m\u00e9zes kisz\u00far\u00f3"},"content":{"rendered":"<h3><span style=\"color: #878787;\">R\u00e9gen v\u00e1rt, aranyos form\u00e1j\u00fa\u00a0<\/span><strong><span style=\"color: #ec008c;\">s\u00e1rk\u00e1ny kisz\u00far\u00f3,<\/span>\u00a0<\/strong>mindenkorra.<\/h3>\n<p>&nbsp;<\/p>\n<h3><strong><span style=\"color: #878787;\">Mihez aj\u00e1nljuk a kisz\u00far\u00f3t?<\/span><\/strong><\/h3>\n<ul>\n<li>\n<h3><span style=\"color: #878787;\">m\u00e9zes \u00e9s egy\u00e9b t\u00e9sztaf\u00e9l\u00e9khez<\/span><\/h3>\n<\/li>\n<li>\n<h3><span style=\"color: #878787;\">fondant, cukormassza \u00e9s marcip\u00e1n form\u00e1k kisz\u00far\u00e1s\u00e1hoz<\/span><\/h3>\n<\/li>\n<\/ul>\n<h3><strong><span style=\"color: #878787;\">Alapanyag:<\/span><\/strong><\/h3>\n<ul>\n<li>\n<h3><span style=\"color: #878787;\">\u00f3nozott lemez, haszn\u00e1latkor formatart\u00f3 marad<\/span><\/h3>\n<\/li>\n<\/ul>\n<h3 id=\"tab-description\"><strong><span style=\"color: #878787;\">Kezel\u00e9si \u00fatmutat\u00f3:<\/span><\/strong><\/h3>\n<ul>\n<li>\n<h3><span style=\"color: #878787;\">k\u00e9zzel moshat\u00f3, leveg\u0151n sz\u00e1r\u00edtand\u00f3<\/span><\/h3>\n<\/li>\n<\/ul>\n<div id=\"themify_builder_content-20142\" data-postid=\"20142\" class=\"themify_builder_content themify_builder_content-20142 themify_builder\">\n    <\/div>\n<!-- \/themify_builder_content -->","protected":false},"excerpt":{"rendered":"<h3><strong>Kisz\u00far\u00f3 m\u00e9rete:<\/strong><\/h3>\n<ul>\n<li>\n<h3>sz\u00e9less\u00e9g: \u00a0 \u00a0 \u00a0 \u00a095 mm<\/h3>\n<\/li>\n<li>\n<h3>magass\u00e1g: \u00a0 \u00a0 \u00a080 mm<\/h3>\n<\/li>\n<\/ul>\n","protected":false},"featured_media":20144,"comment_status":"closed","ping_status":"closed","template":"","meta":[],"builder_content":"","_links":{"self":[{"href":"https:\/\/jhcakes.com\/shop\/wp-json\/wp\/v2\/product\/20142"}],"collection":[{"href":"https:\/\/jhcakes.com\/shop\/wp-json\/wp\/v2\/product"}],"about":[{"href":"https:\/\/jhcakes.com\/shop\/wp-json\/wp\/v2\/types\/product"}],"replies":[{"embeddable":true,"href":"https:\/\/jhcakes.com\/shop\/wp-json\/wp\/v2\/comments?post=20142"}],"wp:featuredmedia":[{"embeddable":true,"href":"https:\/\/jhcakes.com\/shop\/wp-json\/wp\/v2\/media\/20144"}],"wp:attachment":[{"href":"https:\/\/jhcakes.com\/shop\/wp-json\/wp\/v2\/media?parent=20142"}],"curies":[{"name":"wp","href":"https:\/\/api.w.org\/{rel}","templated":true}]}}