{"id":17218,"date":"2020-10-30T12:00:40","date_gmt":"2020-10-30T11:00:40","guid":{"rendered":"https:\/\/jhcakes.com\/shop\/?post_type=product&#038;p=17218"},"modified":"2023-09-24T18:19:15","modified_gmt":"2023-09-24T16:19:15","slug":"mini-orokzold-magyal-kiszuro","status":"publish","type":"product","link":"https:\/\/jhcakes.com\/shop\/termek\/mini-orokzold-magyal-kiszuro\/","title":{"rendered":"Mini \u00f6r\u00f6kz\u00f6ld magyal kisz\u00far\u00f3"},"content":{"rendered":"<h3 style=\"text-align: justify;\"><span style=\"color: #878787;\"><span style=\"color: #ff6600;\"><strong><a style=\"color: #1ba6b4;\" href=\"https:\/\/jhcakes.com\/shop\/termek\/magyalzold-sugarflair-gelfestek\/\" target=\"_blank\" rel=\"noopener noreferrer\">Magyalz\u00f6ld<\/a><\/strong><\/span> \u00e9s <span style=\"color: #ff6600;\"><strong><a style=\"color: #1ba6b4;\" href=\"https:\/\/jhcakes.com\/shop\/termek\/karacsonyi-piros-sugarflair-gelfestek\/\" target=\"_blank\" rel=\"noopener noreferrer\">piros<\/a><\/strong><\/span> ter\u00fcl\u0151m\u00e1zzal nagyon aranyos<\/span><strong><span style=\"color: #888888;\">\u00a0<\/span><span style=\"color: #ec008c;\">mini \u00f6r\u00f6kz\u00f6ld magyal <\/span><\/strong><span style=\"color: #878787;\">levelek k\u00e9sz\u00fclhetnek.<\/span><\/h3>\n<p>&nbsp;<\/p>\n<h3><strong>Mihez aj\u00e1nljuk a kisz\u00far\u00f3t?<\/strong><\/h3>\n<ul>\n<li>\n<h3>m\u00e9zes \u00e9s egy\u00e9b t\u00e9sztaf\u00e9l\u00e9khez<\/h3>\n<\/li>\n<li>\n<h3>fondant, cukormassza \u00e9s marcip\u00e1n form\u00e1k kisz\u00far\u00e1s\u00e1hoz<\/h3>\n<\/li>\n<\/ul>\n<h3><strong>Alapanyag:<\/strong><\/h3>\n<ul>\n<li>\n<h3>\u00f3nozott lemez, haszn\u00e1latkor formatart\u00f3 marad<\/h3>\n<\/li>\n<\/ul>\n<h3><strong>Kezel\u00e9si \u00fatmutat\u00f3:<\/strong><\/h3>\n<ul>\n<li>\n<h3>k\u00e9zzel moshat\u00f3, leveg\u0151n sz\u00e1r\u00edtand\u00f3<\/h3>\n<\/li>\n<\/ul>\n<div id=\"themify_builder_content-17218\" data-postid=\"17218\" class=\"themify_builder_content themify_builder_content-17218 themify_builder\">\n    <\/div>\n<!-- \/themify_builder_content -->","protected":false},"excerpt":{"rendered":"<h3><strong>Kisz\u00far\u00f3 m\u00e9rete:<\/strong><\/h3>\n<ul>\n<li>\n<h3>sz\u00e9less\u00e9g: \u00a0 \u00a0 45 mm<\/h3>\n<\/li>\n<li>\n<h3>magass\u00e1g: \u00a0 \u00a024 mm<\/h3>\n<\/li>\n<\/ul>\n","protected":false},"featured_media":17219,"comment_status":"open","ping_status":"closed","template":"","meta":[],"builder_content":"","_links":{"self":[{"href":"https:\/\/jhcakes.com\/shop\/wp-json\/wp\/v2\/product\/17218"}],"collection":[{"href":"https:\/\/jhcakes.com\/shop\/wp-json\/wp\/v2\/product"}],"about":[{"href":"https:\/\/jhcakes.com\/shop\/wp-json\/wp\/v2\/types\/product"}],"replies":[{"embeddable":true,"href":"https:\/\/jhcakes.com\/shop\/wp-json\/wp\/v2\/comments?post=17218"}],"wp:featuredmedia":[{"embeddable":true,"href":"https:\/\/jhcakes.com\/shop\/wp-json\/wp\/v2\/media\/17219"}],"wp:attachment":[{"href":"https:\/\/jhcakes.com\/shop\/wp-json\/wp\/v2\/media?parent=17218"}],"curies":[{"name":"wp","href":"https:\/\/api.w.org\/{rel}","templated":true}]}}