{"id":15420,"date":"2020-09-14T13:55:21","date_gmt":"2020-09-14T11:55:21","guid":{"rendered":"https:\/\/jhcakes.com\/shop\/?post_type=product&#038;p=15420"},"modified":"2025-12-16T20:15:12","modified_gmt":"2025-12-16T19:15:12","slug":"metalezust-szorocukorka-2","status":"publish","type":"product","link":"https:\/\/jhcakes.com\/shop\/termek\/metalezust-szorocukorka-2\/","title":{"rendered":"Met\u00e1lez\u00fcst sz\u00f3r\u00f3cukorka"},"content":{"rendered":"<h3><strong><span style=\"color: #ec008c;\">Met\u00e1lez\u00fcst sz\u00f3r\u00f3cukorka<\/span><\/strong>\u00a0apr\u00f3s\u00fctik, cupcake-ek, m\u00e9zesek, tort\u00e1k d\u00edsz\u00edt\u00e9s\u00e9re.<\/h3>\n<p>&nbsp;<\/p>\n<h3><strong>\u00d6sszetev\u0151k:<\/strong><\/h3>\n<ul>\n<li>\n<h3>cukor, b\u00faza- \u00e9s kukoricakem\u00e9ny\u00edt\u0151, gluk\u00f3zszirup, zselatin<\/h3>\n<\/li>\n<li>\n<h3>sz\u00ednez\u00e9k: E174<\/h3>\n<\/li>\n<\/ul>\n<h3><strong>T\u00e1rol\u00e1si javaslat:<\/strong><\/h3>\n<ul>\n<li>\n<h3>alacsony p\u00e1ratartalommal rendelkez\u0151, sz\u00e1raz, h\u0171v\u00f6s helyen t\u00e1roland\u00f3<\/h3>\n<\/li>\n<\/ul>\n<h3><strong>Lej\u00e1rati id\u0151<\/strong><strong>:<\/strong><\/h3>\n<ul>\n<li>\n<h3>2027. janu\u00e1r 30.<\/h3>\n<\/li>\n<\/ul>\n<h3><strong>Nett\u00f3 s\u00faly:<\/strong><\/h3>\n<ul>\n<li>\n<h3>50 gramm<\/h3>\n<\/li>\n<\/ul>\n<div id=\"themify_builder_content-15420\" data-postid=\"15420\" class=\"themify_builder_content themify_builder_content-15420 themify_builder\">\n    <\/div>\n<!-- \/themify_builder_content -->","protected":false},"excerpt":{"rendered":"<h3><strong>Cukorszemek m\u00e9rete:<\/strong><\/h3>\n<ul>\n<li>\n<h3>kb 1 mm<\/h3>\n<\/li>\n<\/ul>\n","protected":false},"featured_media":15422,"comment_status":"open","ping_status":"closed","template":"","meta":[],"builder_content":"","_links":{"self":[{"href":"https:\/\/jhcakes.com\/shop\/wp-json\/wp\/v2\/product\/15420"}],"collection":[{"href":"https:\/\/jhcakes.com\/shop\/wp-json\/wp\/v2\/product"}],"about":[{"href":"https:\/\/jhcakes.com\/shop\/wp-json\/wp\/v2\/types\/product"}],"replies":[{"embeddable":true,"href":"https:\/\/jhcakes.com\/shop\/wp-json\/wp\/v2\/comments?post=15420"}],"wp:featuredmedia":[{"embeddable":true,"href":"https:\/\/jhcakes.com\/shop\/wp-json\/wp\/v2\/media\/15422"}],"wp:attachment":[{"href":"https:\/\/jhcakes.com\/shop\/wp-json\/wp\/v2\/media?parent=15420"}],"curies":[{"name":"wp","href":"https:\/\/api.w.org\/{rel}","templated":true}]}}