{"id":15414,"date":"2020-09-14T13:14:20","date_gmt":"2020-09-14T11:14:20","guid":{"rendered":"https:\/\/jhcakes.com\/shop\/?post_type=product&#038;p=15414"},"modified":"2025-12-16T11:01:59","modified_gmt":"2025-12-16T10:01:59","slug":"ezust-3-mm-cukorgyongy","status":"publish","type":"product","link":"https:\/\/jhcakes.com\/shop\/termek\/ezust-3-mm-cukorgyongy\/","title":{"rendered":"Met\u00e1lez\u00fcst 3 mm cukorgy\u00f6ngy"},"content":{"rendered":"<h3>Nagyon sz\u00e9p, \u00e9l\u00e9nken csillog\u00f3\u00a0<strong><span style=\"color: #ec008c;\">ez\u00fcst cukorgy\u00f6ngy<\/span><\/strong>\u00a0apr\u00f3s\u00fctik, cupcake-ek, m\u00e9zesek, tort\u00e1k d\u00edsz\u00edt\u00e9s\u00e9re.<\/h3>\n<p>&nbsp;<\/p>\n<h3><strong>\u00d6sszetev\u0151k:<\/strong><\/h3>\n<ul>\n<li>\n<h3>cukor, b\u00fazaliszt, kukoricakem\u00e9ny\u00edt\u0151, gluk\u00f3zszirup, stabiliz\u00e1tor: E414, marhazselatin<\/h3>\n<\/li>\n<li>\n<h3>sz\u00ednez\u00e9k: E174<\/h3>\n<\/li>\n<\/ul>\n<h3><strong>T\u00e1rol\u00e1si javaslat:<\/strong><\/h3>\n<ul>\n<li>\n<h3>alacsony p\u00e1ratartalommal rendelkez\u0151, sz\u00e1raz, h\u0171v\u00f6s helyen t\u00e1roland\u00f3<\/h3>\n<\/li>\n<\/ul>\n<h3><strong>Lej\u00e1rati id\u0151:<\/strong><\/h3>\n<ul>\n<li>\n<h3>2026. december 31.<\/h3>\n<\/li>\n<\/ul>\n<h3><strong>Nett\u00f3 s\u00faly:<\/strong><\/h3>\n<ul>\n<li>\n<h3>50 gramm<\/h3>\n<\/li>\n<\/ul>\n<div id=\"themify_builder_content-15414\" data-postid=\"15414\" class=\"themify_builder_content themify_builder_content-15414 themify_builder\">\n    <\/div>\n<!-- \/themify_builder_content -->","protected":false},"excerpt":{"rendered":"<h3><strong>Cukorszemek m\u00e9rete:<\/strong><\/h3>\n<ul>\n<li>\n<h3>kb 3 mm<\/h3>\n<\/li>\n<\/ul>\n","protected":false},"featured_media":15415,"comment_status":"open","ping_status":"closed","template":"","meta":[],"builder_content":"","_links":{"self":[{"href":"https:\/\/jhcakes.com\/shop\/wp-json\/wp\/v2\/product\/15414"}],"collection":[{"href":"https:\/\/jhcakes.com\/shop\/wp-json\/wp\/v2\/product"}],"about":[{"href":"https:\/\/jhcakes.com\/shop\/wp-json\/wp\/v2\/types\/product"}],"replies":[{"embeddable":true,"href":"https:\/\/jhcakes.com\/shop\/wp-json\/wp\/v2\/comments?post=15414"}],"wp:featuredmedia":[{"embeddable":true,"href":"https:\/\/jhcakes.com\/shop\/wp-json\/wp\/v2\/media\/15415"}],"wp:attachment":[{"href":"https:\/\/jhcakes.com\/shop\/wp-json\/wp\/v2\/media?parent=15414"}],"curies":[{"name":"wp","href":"https:\/\/api.w.org\/{rel}","templated":true}]}}