{"id":14831,"date":"2020-05-16T16:25:14","date_gmt":"2020-05-16T14:25:14","guid":{"rendered":"https:\/\/jhcakes.com\/shop\/?post_type=product&#038;p=14831"},"modified":"2026-04-15T07:50:55","modified_gmt":"2026-04-15T05:50:55","slug":"kozepes-levelcso-68-wilton","status":"publish","type":"product","link":"https:\/\/jhcakes.com\/shop\/termek\/kozepes-levelcso-68-wilton\/","title":{"rendered":"K\u00f6zepes lev\u00e9lcs\u0151 #68 Wilton"},"content":{"rendered":"<h3 style=\"text-align: justify;\"><strong><span style=\"color: #ec008c;\">#68 Wilton lev\u00e9lcs\u0151<\/span><\/strong>\u00a0k\u00f6zepes m\u00e9ret\u0171 levelek k\u00e9sz\u00edt\u00e9s\u00e9re.<\/h3>\n<p>&nbsp;<\/p>\n<h3 style=\"text-align: justify;\"><strong>Mit k\u00e9sz\u00edthet\u00fcnk a 68-as sz\u00e1m\u00fa Wilton lev\u00e9lcs\u0151vel?<\/strong><\/h3>\n<ul>\n<li>\n<h3>k\u00f6zepes leveleket k\u00f6zep\u00fck\u00f6n \u00e1tfut\u00f3 \u00e9rrel<\/h3>\n<\/li>\n<\/ul>\n<h3><strong>Milyen alapanyagot haszn\u00e1lhatunk?<\/strong><\/h3>\n<ul>\n<li>\n<h3>vajkr\u00e9met<\/h3>\n<\/li>\n<li>\n<h3>glaz\u00fart\/\u00edr\u00f3k\u00e1t<\/h3>\n<\/li>\n<\/ul>\n<h3><strong>Milyen kieg\u00e9sz\u00edt\u0151t aj\u00e1nlunk a d\u00edsz\u00edt\u0151cs\u0151h\u00f6z?<\/strong><\/h3>\n<ul>\n<li>\n<h3>habzs\u00e1kot<\/h3>\n<\/li>\n<li>\n<h3><a href=\"https:\/\/jhcakes.com\/shop\/termek\/normal-meretu-csatolocso-szett\/\" target=\"_blank\" rel=\"noopener noreferrer\"><strong><span style=\"color: #1ba6b4;\">norm\u00e1l m\u00e9ret\u0171 csatol\u00f3cs\u00f6vet<\/span><\/strong><\/a><\/h3>\n<\/li>\n<\/ul>\n<h3><strong>Alapanyag:<\/strong><\/h3>\n<ul>\n<li>\n<h3>rozsdamentes ac\u00e9l<\/h3>\n<\/li>\n<\/ul>\n<h3 id=\"tab-description\"><strong>Kezel\u00e9si \u00fatmutat\u00f3:<\/strong><\/h3>\n<ul>\n<li>\n<h3>k\u00e9zzel moshat\u00f3, leveg\u0151n sz\u00e1r\u00edtand\u00f3<\/h3>\n<\/li>\n<\/ul>\n<div id=\"themify_builder_content-14831\" data-postid=\"14831\" class=\"themify_builder_content themify_builder_content-14831 themify_builder\">\n    <\/div>\n<!-- \/themify_builder_content -->","protected":false},"excerpt":{"rendered":"<h3><strong>Cs\u0151 m\u00e9rete:<\/strong><\/h3>\n<ul>\n<li>\n<h3>dekor\u00e1l\u00f3v\u00e9g sz\u00e9less\u00e9ge: \u00a0 \u00a0 \u00a0 \u00a0 8 mm<\/h3>\n<\/li>\n<li>\n<h3>cs\u0151magass\u00e1g: \u00a0 \u00a0 \u00a0 \u00a0 \u00a0 \u00a0 \u00a0 \u00a0 \u00a0 \u00a0 \u00a0 \u00a0 \u00a033 mm<\/h3>\n<\/li>\n<\/ul>\n","protected":false},"featured_media":14837,"comment_status":"closed","ping_status":"closed","template":"","meta":[],"builder_content":"","_links":{"self":[{"href":"https:\/\/jhcakes.com\/shop\/wp-json\/wp\/v2\/product\/14831"}],"collection":[{"href":"https:\/\/jhcakes.com\/shop\/wp-json\/wp\/v2\/product"}],"about":[{"href":"https:\/\/jhcakes.com\/shop\/wp-json\/wp\/v2\/types\/product"}],"replies":[{"embeddable":true,"href":"https:\/\/jhcakes.com\/shop\/wp-json\/wp\/v2\/comments?post=14831"}],"wp:featuredmedia":[{"embeddable":true,"href":"https:\/\/jhcakes.com\/shop\/wp-json\/wp\/v2\/media\/14837"}],"wp:attachment":[{"href":"https:\/\/jhcakes.com\/shop\/wp-json\/wp\/v2\/media?parent=14831"}],"curies":[{"name":"wp","href":"https:\/\/api.w.org\/{rel}","templated":true}]}}