{"id":14781,"date":"2020-05-16T10:41:17","date_gmt":"2020-05-16T08:41:17","guid":{"rendered":"https:\/\/jhcakes.com\/shop\/?post_type=product&#038;p=14781"},"modified":"2023-12-09T16:19:45","modified_gmt":"2023-12-09T15:19:45","slug":"kerek-diszitocso-1-0-wilton","status":"publish","type":"product","link":"https:\/\/jhcakes.com\/shop\/termek\/kerek-diszitocso-1-0-wilton\/","title":{"rendered":"Kerek d\u00edsz\u00edt\u0151cs\u0151  #1.0 Wilton"},"content":{"rendered":"<h3><span style=\"color: #ec008c;\"><strong>#1.0 Wilton<\/strong><\/span><span style=\"color: #ec008c;\"><strong>\u00a0kerek d\u00edsz\u00edt\u0151cs\u0151 <\/strong>\u00a0<\/span>torta-, cupcake- \u00e9s m\u00e9zesdekor\u00e1l\u00e1shoz.<\/h3>\n<h3>A Wilton d\u00edsz\u00edt\u0151cs\u00f6vek csak eg\u00e9sz-sz\u00e1moz\u00e1s\u00faak, f\u00e9lsz\u00e1mos m\u00e9retek nem k\u00e9sz\u00fclnek.<\/h3>\n<h3><\/h3>\n<p>&nbsp;<\/p>\n<h3 style=\"text-align: justify;\"><strong>Mit k\u00e9sz\u00edthet\u00fcnk az 1.0-es sz\u00e1m\u00fa Wilton d\u00edsz\u00edt\u0151cs\u0151vel?<\/strong><\/h3>\n<ul>\n<li>\n<h3>v\u00e9kony kont\u00far \u00e9s dekor\u00e1l\u00f3 vonalakat<\/h3>\n<\/li>\n<li>\n<h3>p\u00f6tty\u00f6ket<\/h3>\n<\/li>\n<li>\n<h3>kis ter\u00fcletet bevon\u00f3 ter\u00fcl\u0151m\u00e1zat<\/h3>\n<\/li>\n<\/ul>\n<h3><strong>Milyen alapanyagot haszn\u00e1ljunk?<\/strong><\/h3>\n<ul>\n<li>\n<h3>glaz\u00fart\/\u00edr\u00f3k\u00e1t<\/h3>\n<\/li>\n<\/ul>\n<h3><strong>Milyen kieg\u00e9sz\u00edt\u0151t aj\u00e1nlunk a d\u00edsz\u00edt\u0151cs\u0151h\u00f6z?<\/strong><\/h3>\n<ul>\n<li>\n<h3>habzs\u00e1kot<\/h3>\n<\/li>\n<li>\n<h3><a href=\"https:\/\/jhcakes.com\/shop\/termek\/normal-meretu-csatolocso-szett\/\" target=\"_blank\" rel=\"noopener noreferrer\"><strong><span style=\"color: #1ba6b4;\">norm\u00e1l m\u00e9ret\u0171 csatol\u00f3cs\u00f6vet<\/span><\/strong><\/a><\/h3>\n<\/li>\n<\/ul>\n<h3><strong>Alapanyag:<\/strong><\/h3>\n<ul>\n<li>\n<h3>nikkelezett r\u00e9z<\/h3>\n<\/li>\n<\/ul>\n<h3 id=\"tab-description\"><strong>Kezel\u00e9si \u00fatmutat\u00f3:<\/strong><\/h3>\n<ul>\n<li>\n<h3>k\u00e9zzel moshat\u00f3, leveg\u0151n sz\u00e1r\u00edtand\u00f3<\/h3>\n<\/li>\n<\/ul>\n<div id=\"themify_builder_content-14781\" data-postid=\"14781\" class=\"themify_builder_content themify_builder_content-14781 themify_builder\">\n    <\/div>\n<!-- \/themify_builder_content -->","protected":false},"excerpt":{"rendered":"<h3><strong>Cs\u0151 m\u00e9rete:<\/strong><\/h3>\n<ul>\n<li>\n<h3>\u00e1tm\u00e9r\u0151: \u00a0 \u00a0 \u00a0 \u00a0 \u00a0 \u00a01 mm<\/h3>\n<\/li>\n<li>\n<h3>cs\u0151hossz: \u00a0 \u00a0 \u00a0 31 mm<\/h3>\n<\/li>\n<\/ul>\n","protected":false},"featured_media":14785,"comment_status":"closed","ping_status":"closed","template":"","meta":[],"builder_content":"","_links":{"self":[{"href":"https:\/\/jhcakes.com\/shop\/wp-json\/wp\/v2\/product\/14781"}],"collection":[{"href":"https:\/\/jhcakes.com\/shop\/wp-json\/wp\/v2\/product"}],"about":[{"href":"https:\/\/jhcakes.com\/shop\/wp-json\/wp\/v2\/types\/product"}],"replies":[{"embeddable":true,"href":"https:\/\/jhcakes.com\/shop\/wp-json\/wp\/v2\/comments?post=14781"}],"wp:featuredmedia":[{"embeddable":true,"href":"https:\/\/jhcakes.com\/shop\/wp-json\/wp\/v2\/media\/14785"}],"wp:attachment":[{"href":"https:\/\/jhcakes.com\/shop\/wp-json\/wp\/v2\/media?parent=14781"}],"curies":[{"name":"wp","href":"https:\/\/api.w.org\/{rel}","templated":true}]}}