{"id":14732,"date":"2020-05-14T15:55:03","date_gmt":"2020-05-14T13:55:03","guid":{"rendered":"https:\/\/jhcakes.com\/shop\/?post_type=product&#038;p=14732"},"modified":"2026-01-24T21:09:23","modified_gmt":"2026-01-24T20:09:23","slug":"kozepes-jem-sziromcso-61","status":"publish","type":"product","link":"https:\/\/jhcakes.com\/shop\/termek\/kozepes-jem-sziromcso-61\/","title":{"rendered":"K\u00f6zepes \u00edves JEM sziromcs\u0151 #61"},"content":{"rendered":"<h3 style=\"text-align: justify;\"><strong><span style=\"color: #ec008c;\">#61 \u00edves JEM sziromcs\u0151,<\/span><\/strong>\u00a0k\u00f6zepes vir\u00e1gszirmok, fodrok, szalagok k\u00e9sz\u00edt\u00e9s\u00e9hez.<\/h3>\n<p>&nbsp;<\/p>\n<h3><strong>Mit k\u00e9sz\u00edthet\u00fcnk a 61-es sz\u00e1m\u00fa, \u00edves JEM sziromcs\u0151vel?<\/strong><\/h3>\n<ul>\n<li>\n<h3>egyes\u00e9vel k\u00e9sz\u00edtett k\u00f6zepes m\u00e9ret\u0171 r\u00f3zsaszirmokat<\/h3>\n<\/li>\n<li>\n<h3>fektetett vir\u00e1gokat<\/h3>\n<\/li>\n<li>\n<h3>fodrokat<\/h3>\n<\/li>\n<li>\n<h3>szalagokat<\/h3>\n<\/li>\n<\/ul>\n<h3><strong>Milyen alapanyagot haszn\u00e1ljunk?<\/strong><\/h3>\n<ul>\n<li>\n<h3>vajkr\u00e9met<\/h3>\n<\/li>\n<li>\n<h3>glaz\u00fart\/\u00edr\u00f3k\u00e1t<\/h3>\n<\/li>\n<\/ul>\n<h3><strong>Milyen kieg\u00e9sz\u00edt\u0151t aj\u00e1nlunk a d\u00edsz\u00edt\u0151cs\u0151h\u00f6z?<\/strong><\/h3>\n<ul>\n<li>\n<h3>habzs\u00e1kot<\/h3>\n<\/li>\n<li>\n<h3><a href=\"https:\/\/jhcakes.com\/shop\/termek\/normal-meretu-csatolocso-szett\/\" target=\"_blank\" rel=\"noopener noreferrer\"><strong><span style=\"color: #1ba6b4;\">norm\u00e1l m\u00e9ret\u0171 csatol\u00f3cs\u00f6vet<\/span><\/strong><\/a><\/h3>\n<\/li>\n<\/ul>\n<h3><strong>Alapanyag:<\/strong><\/h3>\n<ul>\n<li>\n<h3>rozsdamentes ac\u00e9l<\/h3>\n<\/li>\n<\/ul>\n<h3 id=\"tab-description\"><strong>Kezel\u00e9si \u00fatmutat\u00f3:<\/strong><\/h3>\n<ul>\n<li>\n<h3>k\u00e9zzel moshat\u00f3, leveg\u0151n sz\u00e1r\u00edtand\u00f3<\/h3>\n<\/li>\n<\/ul>\n<div id=\"themify_builder_content-14732\" data-postid=\"14732\" class=\"themify_builder_content themify_builder_content-14732 themify_builder\">\n    <\/div>\n<!-- \/themify_builder_content -->","protected":false},"excerpt":{"rendered":"<h3><strong>Cs\u0151 m\u00e9rete:<\/strong><\/h3>\n<ul>\n<li>\n<h3>dekor\u00e1l\u00f3v\u00e9g sz\u00e9less\u00e9ge: \u00a0 \u00a0 \u00a012 mm<\/h3>\n<\/li>\n<li>\n<h3>cs\u0151magass\u00e1g: \u00a0 \u00a0 \u00a0 \u00a0 \u00a0 \u00a0 \u00a0 \u00a0 \u00a0 \u00a0 \u00a0 \u00a027 mm<\/h3>\n<\/li>\n<\/ul>\n","protected":false},"featured_media":14733,"comment_status":"closed","ping_status":"closed","template":"","meta":[],"builder_content":"","_links":{"self":[{"href":"https:\/\/jhcakes.com\/shop\/wp-json\/wp\/v2\/product\/14732"}],"collection":[{"href":"https:\/\/jhcakes.com\/shop\/wp-json\/wp\/v2\/product"}],"about":[{"href":"https:\/\/jhcakes.com\/shop\/wp-json\/wp\/v2\/types\/product"}],"replies":[{"embeddable":true,"href":"https:\/\/jhcakes.com\/shop\/wp-json\/wp\/v2\/comments?post=14732"}],"wp:featuredmedia":[{"embeddable":true,"href":"https:\/\/jhcakes.com\/shop\/wp-json\/wp\/v2\/media\/14733"}],"wp:attachment":[{"href":"https:\/\/jhcakes.com\/shop\/wp-json\/wp\/v2\/media?parent=14732"}],"curies":[{"name":"wp","href":"https:\/\/api.w.org\/{rel}","templated":true}]}}