{"id":14580,"date":"2020-02-03T16:11:08","date_gmt":"2020-02-03T15:11:08","guid":{"rendered":"https:\/\/jhcakes.com\/shop\/?post_type=product&#038;p=14580"},"modified":"2026-02-25T14:34:43","modified_gmt":"2026-02-25T13:34:43","slug":"eheto-ezustfolia-80-x-80-mm-2","status":"publish","type":"product","link":"https:\/\/jhcakes.com\/shop\/termek\/eheto-ezustfolia-80-x-80-mm-2\/","title":{"rendered":"Ehet\u0151 ez\u00fcstf\u00f3lia 80 x 80 mm"},"content":{"rendered":"<h3><strong><span style=\"color: #ec008c;\">Ehet\u0151 ez\u00fcstf\u00f3li\u00e1ink <\/span><\/strong><span style=\"color: #ec008c;\"><span style=\"color: #878787;\">v\u00e9kony transzferpap\u00edrra kas\u00edrozottak \u00e9s laponk\u00e9nt rendelhet\u0151k. Ritka esetben a f\u00f3li\u00e1k apr\u00f3bb, n\u00e9h\u00e1ny mm-es hi\u00e1nyokkal \u00e9rkezhetnek.\u00a0<\/span><\/span><\/h3>\n<p>&nbsp;<\/p>\n<h3><strong>Mihez aj\u00e1nljuk az ehet\u0151 ez\u00fcstf\u00f3li\u00e1kat?<\/strong><\/h3>\n<ul>\n<li>\n<h3>luxus desszertek, bonbonok, macaronok, cake pop-ok d\u00edsz\u00edt\u00e9s\u00e9hez<\/h3>\n<\/li>\n<li>\n<h3>tort\u00e1k befed\u00e9s\u00e9hez<\/h3>\n<\/li>\n<\/ul>\n<h3><strong>\u00d6sszet\u00e9tel:<\/strong><\/h3>\n<ul>\n<li>\n<h3>E174<\/h3>\n<\/li>\n<\/ul>\n<h3><strong>T\u00e1rol\u00e1si \u00fatmutat\u00f3:<\/strong><\/h3>\n<ul>\n<li>\n<h3>sz\u00e1raz, h\u0171v\u00f6s helyen t\u00e1roland\u00f3<\/h3>\n<\/li>\n<\/ul>\n<h3><strong>Lej\u00e1rati id\u0151:<\/strong><\/h3>\n<ul>\n<li>\n<h3><strong><span style=\"color: #ec008c;\">2026. okt\u00f3ber 31.<\/span><\/strong><\/h3>\n<\/li>\n<\/ul>\n<h3><span style=\"color: #878787;\"><strong><span style=\"color: #1ba6b4;\">TIPP:<br \/>\n<\/span><\/strong><\/span><span style=\"color: #878787;\"><strong>S\u00fctik d\u00edsz\u00edt\u00e9se:<\/strong><\/span><br \/>\n<span style=\"color: #878787;\">Amennyiben csak kisebb ez\u00fcstdarabk\u00e1kat szeretn\u00e9nk haszn\u00e1lni, csipesszel vagy ecsettel tudjuk a f\u00f3li\u00e1kat feldarabolni. K\u00e9zzel ne ny\u00faljunk a f\u00f3li\u00e1khoz, mert hozz\u00e1nkragadnak.\u00a0<\/span><\/h3>\n<p>&nbsp;<\/p>\n<h3><span style=\"color: #878787;\"><span style=\"color: #1ba6b4;\"><strong>TIPP:<br \/>\n<\/strong><\/span><\/span><span style=\"color: #878787;\"><strong>Tort\u00e1k d\u00edsz\u00edt\u00e9se:<\/strong><\/span><br \/>\n<span style=\"color: #878787;\">Amennyiben teljes lapokat szeretn\u00e9nk felhaszn\u00e1lni tort\u00e1k oldal\u00e1ra, tetej\u00e9re, a transzferpap\u00edrt tartsuk k\u00e9zben \u00e9s ne \u00e9rintkezz\u00fcnk a f\u00f3li\u00e1val, mert elszakadhat.<\/span><\/h3>\n<div id=\"themify_builder_content-14580\" data-postid=\"14580\" class=\"themify_builder_content themify_builder_content-14580 themify_builder\">\n    <\/div>\n<!-- \/themify_builder_content -->","protected":false},"excerpt":{"rendered":"<h3><strong>Ez\u00fcstf\u00f3li\u00e1k m\u00e9rete:<\/strong><\/h3>\n<ul>\n<li>\n<h3>sz\u00e9less\u00e9g: \u00a0 \u00a0 \u00a080 mm<\/h3>\n<\/li>\n<li>\n<h3>magass\u00e1g: \u00a0 \u00a080 mm<\/h3>\n<\/li>\n<\/ul>\n","protected":false},"featured_media":22934,"comment_status":"closed","ping_status":"closed","template":"","meta":[],"builder_content":"","_links":{"self":[{"href":"https:\/\/jhcakes.com\/shop\/wp-json\/wp\/v2\/product\/14580"}],"collection":[{"href":"https:\/\/jhcakes.com\/shop\/wp-json\/wp\/v2\/product"}],"about":[{"href":"https:\/\/jhcakes.com\/shop\/wp-json\/wp\/v2\/types\/product"}],"replies":[{"embeddable":true,"href":"https:\/\/jhcakes.com\/shop\/wp-json\/wp\/v2\/comments?post=14580"}],"wp:featuredmedia":[{"embeddable":true,"href":"https:\/\/jhcakes.com\/shop\/wp-json\/wp\/v2\/media\/22934"}],"wp:attachment":[{"href":"https:\/\/jhcakes.com\/shop\/wp-json\/wp\/v2\/media?parent=14580"}],"curies":[{"name":"wp","href":"https:\/\/api.w.org\/{rel}","templated":true}]}}