{"id":14407,"date":"2019-12-07T10:50:32","date_gmt":"2019-12-07T09:50:32","guid":{"rendered":"https:\/\/jhcakes.com\/shop\/?post_type=product&#038;p=14407"},"modified":"2024-05-07T00:11:19","modified_gmt":"2024-05-06T22:11:19","slug":"burgundi-matt-szirompor","status":"publish","type":"product","link":"https:\/\/jhcakes.com\/shop\/termek\/burgundi-matt-szirompor\/","title":{"rendered":"Burgundi matt szirompor"},"content":{"rendered":"<h3 style=\"text-align: center;\"><span style=\"color: #878787;\">Gy\u00f6ny\u00f6r\u0171en \u00e9l\u00e9nk, <\/span><strong><span style=\"color: #ec008c;\">ehet\u0151, burgundi sz\u00edn\u0171, matt szirompor\u00a0<\/span><\/strong><span style=\"color: #878787;\">cukorvir\u00e1gok, m\u00e9zesek, tort\u00e1k dekor\u00e1l\u00e1s\u00e1ra<\/span><\/h3>\n<p>&nbsp;<\/p>\n<div id=\"themify_builder_content-14407\" data-postid=\"14407\" class=\"themify_builder_content themify_builder_content-14407 themify_builder\">\n    \t<!-- module_row -->\n\t<div  class=\"themify_builder_row module_row clearfix module_row_0 themify_builder_14407_row module_row_14407-0 tb_e1i9725\">\n\t    \t    <div class=\"row_inner col_align_top\" >\n\t\t\t<div  class=\"module_column tb-column col-full first tb_14407_column module_column_0 module_column_14407-0-0 tb_dmv3806\">\n\t    \t    \t        <div class=\"tb-column-inner\">\n\t\t    <!-- module text -->\n<div  class=\"module module-text tb_irzk855  repeat  \">\n            <div  class=\"tb_text_wrap\">\n    <h3><strong>\u00c1ltal\u00e1nos jellemz\u0151k a matt sziromfest\u00e9kekre:<\/strong><\/h3><ul><li><h3 style=\"text-align: justify;\">kiv\u00e1l\u00f3 sz\u00ednez\u00e9si adotts\u00e1g\u00a0<\/h3><\/li><li style=\"text-align: justify;\"><h3>kiv\u00e1l\u00f3 sz\u00edntart\u00e1s<\/h3><\/li><li><h3 style=\"text-align: justify;\">k\u00f6nny\u0171 felvitel<\/h3><\/li><li><h3 style=\"text-align: justify;\">gazdas\u00e1goss\u00e1g &#8211; kis mennyis\u00e9g haszn\u00e1lata is kiv\u00e1l\u00f3 eredm\u00e9nyt hoz<\/h3><\/li><\/ul><h3><strong>Hogyan haszn\u00e1ljuk a sziromporokat?<\/strong><\/h3><ul><li><h3>sz\u00e1raz ecsettel fess\u00fck \u00e1t a k\u00edv\u00e1nt dekor\u00e1ci\u00f3s r\u00e9szletet, vagy<\/h3><\/li><li><h3>keverj\u00fck \u00f6ssze a sziromport egy kis alkohollal \u00e9s az \u00edgy k\u00e9sz\u00edtett fest\u00e9kkel fess\u00fcnk<\/h3><\/li><\/ul>    <\/div>\n<\/div>\n<!-- \/module text -->\n\t        <\/div>\n\t    \t<\/div>\n\t\t    <\/div>\n\t    <!-- \/row_inner -->\n\t<\/div>\n\t<!-- \/module_row -->\n\t\t<!-- module_row -->\n\t<div  class=\"themify_builder_row module_row clearfix module_row_1 themify_builder_14407_row module_row_14407-1 tb_0rkf807\">\n\t    \t    <div class=\"row_inner col_align_top\" >\n\t\t\t<div  class=\"module_column tb-column col4-2 first tb_14407_column module_column_0 module_column_14407-1-0 tb_eywi768\">\n\t    \t    \t        <div class=\"tb-column-inner\">\n\t\t    <!-- module text -->\n<div  class=\"module module-text tb_c473078  repeat  \">\n            <div  class=\"tb_text_wrap\">\n    <h3><span style=\"color: #878787;\"><strong>Nett\u00f3 tartalom:<\/strong><\/span><\/h3><ul><li><h3><strong><span style=\"color: #ec008c;\">5 gramm<\/span><\/strong><\/h3><\/li><\/ul>    <\/div>\n<\/div>\n<!-- \/module text -->\n<!-- module text -->\n<div  class=\"module module-text tb_oztf097  repeat  \">\n            <div  class=\"tb_text_wrap\">\n    <h3><strong>\u00d6sszetev\u0151:<\/strong><\/h3><ul><li><h3>sz\u00ednez\u0151k: E122, E133<\/h3><\/li><\/ul>    <\/div>\n<\/div>\n<!-- \/module text -->\n\t<div  class=\"themify_builder_sub_row module_subrow clearfix sub_row_1-0-2 tb_nj6h774\">\n\t    \t    <div class=\"subrow_inner col_align_top\" >\n\t\t\t<div  class=\"sub_column module_column col4-2 first sub_column_post_14407 sub_column_1-0-2-0 tb_pq0l933\"> \n\t    \t    \t<\/div>\n\t\t<div  class=\"sub_column module_column col4-2 last sub_column_post_14407 sub_column_1-0-2-1 tb_cglx887\"> \n\t    \t    \t<\/div>\n\t\t    <\/div>\n\t<\/div><!-- \/themify_builder_sub_row -->\n\t\t        <\/div>\n\t    \t<\/div>\n\t\t<div  class=\"module_column tb-column col4-2 last tb_14407_column module_column_1 module_column_14407-1-1 tb_jczz740\">\n\t    \t    \t        <div class=\"tb-column-inner\">\n\t\t    <!-- module text -->\n<div  class=\"module module-text tb_z6im070  repeat  \">\n            <div  class=\"tb_text_wrap\">\n    <h3><span style=\"color: #878787;\"><strong>Lej\u00e1rati id\u0151:<\/strong><\/span><\/h3><ul><li><h3><strong><span style=\"color: #ec008c;\">2026. december 31.<\/span><\/strong><\/h3><\/li><\/ul>    <\/div>\n<\/div>\n<!-- \/module text -->\n<!-- module text -->\n<div  class=\"module module-text tb_cume788  repeat  \">\n            <div  class=\"tb_text_wrap\">\n    <h3><span style=\"color: #878787;\"><strong>T\u00e1rol\u00e1si \u00fatmutat\u00f3:<\/strong><\/span><\/h3><ul><li><h3><span style=\"color: #878787;\">s\u00f6t\u00e9t, h\u0171v\u00f6s, sz\u00e1raz helyen t\u00e1roland\u00f3<\/span><\/h3><\/li><\/ul>    <\/div>\n<\/div>\n<!-- \/module text -->\n\t        <\/div>\n\t    \t<\/div>\n\t\t    <\/div>\n\t    <!-- \/row_inner -->\n\t<\/div>\n\t<!-- \/module_row -->\n\t<\/div>\n\n","protected":false},"excerpt":{"rendered":"<p>Gy\u00f6ny\u00f6r\u0171en \u00e9l\u00e9nk, ehet\u0151, burgundi sz\u00edn\u0171, matt szirompor\u00a0cukorvir\u00e1gok, m\u00e9zesek, tort\u00e1k dekor\u00e1l\u00e1s\u00e1ra &nbsp; \u00c1ltal\u00e1nos jellemz\u0151k a matt sziromfest\u00e9kekre: kiv\u00e1l\u00f3 sz\u00ednez\u00e9si adotts\u00e1g kiv\u00e1l\u00f3 sz\u00edntart\u00e1s k\u00f6nny\u0171 felvitel gazdas\u00e1goss\u00e1g &#8211; kis mennyis\u00e9g haszn\u00e1lata is kiv\u00e1l\u00f3 eredm\u00e9nyt hoz Hogyan haszn\u00e1ljuk a sziromporokat? sz\u00e1raz ecsettel fess\u00fck \u00e1t a k\u00edv\u00e1nt dekor\u00e1ci\u00f3s r\u00e9szletet, vagy keverj\u00fck \u00f6ssze a sziromport egy kis alkohollal \u00e9s az \u00edgy [&hellip;]<\/p>\n","protected":false},"featured_media":14397,"comment_status":"open","ping_status":"closed","template":"","meta":[],"builder_content":"<h3><strong>\u00c1ltal\u00e1nos jellemz\u0151k a matt sziromfest\u00e9kekre:<\/strong><\/h3><ul><li><h3 style=\"text-align: justify;\">kiv\u00e1l\u00f3 sz\u00ednez\u00e9si adotts\u00e1g\u00a0<\/h3><\/li><li style=\"text-align: justify;\"><h3>kiv\u00e1l\u00f3 sz\u00edntart\u00e1s<\/h3><\/li><li><h3 style=\"text-align: justify;\">k\u00f6nny\u0171 felvitel<\/h3><\/li><li><h3 style=\"text-align: justify;\">gazdas\u00e1goss\u00e1g - kis mennyis\u00e9g haszn\u00e1lata is kiv\u00e1l\u00f3 eredm\u00e9nyt hoz<\/h3><\/li><\/ul><h3><strong>Hogyan haszn\u00e1ljuk a sziromporokat?<\/strong><\/h3><ul><li><h3>sz\u00e1raz ecsettel fess\u00fck \u00e1t a k\u00edv\u00e1nt dekor\u00e1ci\u00f3s r\u00e9szletet, vagy<\/h3><\/li><li><h3>keverj\u00fck \u00f6ssze a sziromport egy kis alkohollal \u00e9s az \u00edgy k\u00e9sz\u00edtett fest\u00e9kkel fess\u00fcnk<\/h3><\/li><\/ul>\n<h3><strong>Nett\u00f3 tartalom:<\/strong><\/h3><ul><li><h3><strong>5 gramm<\/strong><\/h3><\/li><\/ul>\n<h3><strong>\u00d6sszetev\u0151:<\/strong><\/h3><ul><li><h3>sz\u00ednez\u0151k: E122, E133<\/h3><\/li><\/ul>\n<h3><strong>Lej\u00e1rati id\u0151:<\/strong><\/h3><ul><li><h3><strong>2026. december 31.<\/strong><\/h3><\/li><\/ul>\n<h3><strong>T\u00e1rol\u00e1si \u00fatmutat\u00f3:<\/strong><\/h3><ul><li><h3>s\u00f6t\u00e9t, h\u0171v\u00f6s, sz\u00e1raz helyen t\u00e1roland\u00f3<\/h3><\/li><\/ul>","_links":{"self":[{"href":"https:\/\/jhcakes.com\/shop\/wp-json\/wp\/v2\/product\/14407"}],"collection":[{"href":"https:\/\/jhcakes.com\/shop\/wp-json\/wp\/v2\/product"}],"about":[{"href":"https:\/\/jhcakes.com\/shop\/wp-json\/wp\/v2\/types\/product"}],"replies":[{"embeddable":true,"href":"https:\/\/jhcakes.com\/shop\/wp-json\/wp\/v2\/comments?post=14407"}],"wp:featuredmedia":[{"embeddable":true,"href":"https:\/\/jhcakes.com\/shop\/wp-json\/wp\/v2\/media\/14397"}],"wp:attachment":[{"href":"https:\/\/jhcakes.com\/shop\/wp-json\/wp\/v2\/media?parent=14407"}],"curies":[{"name":"wp","href":"https:\/\/api.w.org\/{rel}","templated":true}]}}