{"id":14361,"date":"2019-12-06T15:40:49","date_gmt":"2019-12-06T14:40:49","guid":{"rendered":"https:\/\/jhcakes.com\/shop\/?post_type=product&#038;p=14361"},"modified":"2024-05-06T23:38:07","modified_gmt":"2024-05-06T21:38:07","slug":"eper-fagyi-matt-szirompor","status":"publish","type":"product","link":"https:\/\/jhcakes.com\/shop\/termek\/eper-fagyi-matt-szirompor\/","title":{"rendered":"Eper fagyi matt szirompor"},"content":{"rendered":"<h3 style=\"text-align: center;\"><span style=\"color: #878787;\">Nagyon sz\u00e9p t\u00f3nus\u00fa\u00a0<\/span><strong><span style=\"color: #ec008c;\">eper fagyi, matt szirompor\u00a0<\/span><\/strong><span style=\"color: #878787;\">cukorvir\u00e1gok, m\u00e9zesek, tort\u00e1k dekor\u00e1l\u00e1s\u00e1ra<\/span><\/h3>\n<p>&nbsp;<\/p>\n<div id=\"themify_builder_content-14361\" data-postid=\"14361\" class=\"themify_builder_content themify_builder_content-14361 themify_builder\">\n    \t<!-- module_row -->\n\t<div  class=\"themify_builder_row module_row clearfix module_row_0 themify_builder_14361_row module_row_14361-0 tb_e1i9725\">\n\t    \t    <div class=\"row_inner col_align_top\" >\n\t\t\t<div  class=\"module_column tb-column col-full first tb_14361_column module_column_0 module_column_14361-0-0 tb_dmv3806\">\n\t    \t    \t        <div class=\"tb-column-inner\">\n\t\t    <!-- module text -->\n<div  class=\"module module-text tb_irzk855  repeat  \">\n            <div  class=\"tb_text_wrap\">\n    <h3><strong>\u00c1ltal\u00e1nos jellemz\u0151k a matt sziromfest\u00e9kekre:<\/strong><\/h3><ul><li><h3 style=\"text-align: justify;\">kiv\u00e1l\u00f3 sz\u00ednez\u00e9si adotts\u00e1g\u00a0<\/h3><\/li><li style=\"text-align: justify;\"><h3>kiv\u00e1l\u00f3 sz\u00edntart\u00e1s<\/h3><\/li><li><h3 style=\"text-align: justify;\">k\u00f6nny\u0171 felvitel<\/h3><\/li><li><h3 style=\"text-align: justify;\">gazdas\u00e1goss\u00e1g &#8211; kis mennyis\u00e9g haszn\u00e1lata is kiv\u00e1l\u00f3 eredm\u00e9nyt hoz<\/h3><\/li><\/ul>    <\/div>\n<\/div>\n<!-- \/module text -->\n\t        <\/div>\n\t    \t<\/div>\n\t\t    <\/div>\n\t    <!-- \/row_inner -->\n\t<\/div>\n\t<!-- \/module_row -->\n\t\t<!-- module_row -->\n\t<div  class=\"themify_builder_row module_row clearfix module_row_1 themify_builder_14361_row module_row_14361-1 tb_0rkf807\">\n\t    \t    <div class=\"row_inner col_align_top\" >\n\t\t\t<div  class=\"module_column tb-column col4-2 first tb_14361_column module_column_0 module_column_14361-1-0 tb_eywi768\">\n\t    \t    \t        <div class=\"tb-column-inner\">\n\t\t    <!-- module text -->\n<div  class=\"module module-text tb_c473078  repeat  \">\n            <div  class=\"tb_text_wrap\">\n    <h3><span style=\"color: #878787;\"><strong>Nett\u00f3 tartalom:<\/strong><\/span><\/h3><ul><li><h3><strong><span style=\"color: #ec008c;\">5 gramm<\/span><\/strong><\/h3><\/li><\/ul>    <\/div>\n<\/div>\n<!-- \/module text -->\n<!-- module text -->\n<div  class=\"module module-text tb_oztf097  repeat  \">\n            <div  class=\"tb_text_wrap\">\n    <h3><strong>\u00d6sszetev\u0151k:<\/strong><\/h3><ul><li><h3>sz\u00ednez\u0151k: E171, E122, E124<\/h3><\/li><\/ul>    <\/div>\n<\/div>\n<!-- \/module text -->\n\t<div  class=\"themify_builder_sub_row module_subrow clearfix sub_row_1-0-2 tb_nj6h774\">\n\t    \t    <div class=\"subrow_inner col_align_top\" >\n\t\t\t<div  class=\"sub_column module_column col4-2 first sub_column_post_14361 sub_column_1-0-2-0 tb_pq0l933\"> \n\t    \t    \t<\/div>\n\t\t<div  class=\"sub_column module_column col4-2 last sub_column_post_14361 sub_column_1-0-2-1 tb_cglx887\"> \n\t    \t    \t<\/div>\n\t\t    <\/div>\n\t<\/div><!-- \/themify_builder_sub_row -->\n\t\t        <\/div>\n\t    \t<\/div>\n\t\t<div  class=\"module_column tb-column col4-2 last tb_14361_column module_column_1 module_column_14361-1-1 tb_jczz740\">\n\t    \t    \t        <div class=\"tb-column-inner\">\n\t\t    <!-- module text -->\n<div  class=\"module module-text tb_z6im070  repeat  \">\n            <div  class=\"tb_text_wrap\">\n    <h3><span style=\"color: #878787;\"><strong>Lej\u00e1rati id\u0151:<\/strong><\/span><\/h3><ul><li><h3><strong><span style=\"color: #ec008c;\">2026. december 31.<\/span><\/strong><\/h3><\/li><\/ul>    <\/div>\n<\/div>\n<!-- \/module text -->\n<!-- module text -->\n<div  class=\"module module-text tb_cume788  repeat  \">\n            <div  class=\"tb_text_wrap\">\n    <h3><span style=\"color: #878787;\"><strong>T\u00e1rol\u00e1si \u00fatmutat\u00f3:<\/strong><\/span><\/h3><ul><li><h3><span style=\"color: #878787;\">s\u00f6t\u00e9t, h\u0171v\u00f6s, sz\u00e1raz helyen t\u00e1roland\u00f3<\/span><\/h3><\/li><\/ul>    <\/div>\n<\/div>\n<!-- \/module text -->\n\t        <\/div>\n\t    \t<\/div>\n\t\t    <\/div>\n\t    <!-- \/row_inner -->\n\t<\/div>\n\t<!-- \/module_row -->\n\t<\/div>\n\n","protected":false},"excerpt":{"rendered":"<p>Nagyon sz\u00e9p t\u00f3nus\u00fa\u00a0eper fagyi, matt szirompor\u00a0cukorvir\u00e1gok, m\u00e9zesek, tort\u00e1k dekor\u00e1l\u00e1s\u00e1ra &nbsp; \u00c1ltal\u00e1nos jellemz\u0151k a Sugarflair \u00e1ltal gy\u00e1rtott g\u00e9lekre: kiv\u00e1l\u00f3 sz\u00ednez\u00e9si adotts\u00e1g kiv\u00e1l\u00f3 sz\u00edntart\u00e1s sz\u00e9les sk\u00e1l\u00e1j\u00fa felhaszn\u00e1l\u00e1si lehet\u0151s\u00e9gek, professzion\u00e1lis eredm\u00e9nnyel &#8211; fondant, cukormassza, marcip\u00e1n, glaz\u00far \u00e9s egy\u00e9b alapanyagok sz\u00ednez\u00e9s\u00e9re, kiv\u00e1l\u00f3 eredm\u00e9nnyel gazdas\u00e1goss\u00e1g &#8211; kis mennyis\u00e9g haszn\u00e1lata is kiv\u00e1l\u00f3 eredm\u00e9nyt hoz Adagol\u00e1si \u00fatmutat\u00f3: mindig kis mennyis\u00e9geket adagoljunk \u00e9s [&hellip;]<\/p>\n","protected":false},"featured_media":14363,"comment_status":"open","ping_status":"closed","template":"","meta":[],"builder_content":"<h3><strong>\u00c1ltal\u00e1nos jellemz\u0151k a matt sziromfest\u00e9kekre:<\/strong><\/h3><ul><li><h3 style=\"text-align: justify;\">kiv\u00e1l\u00f3 sz\u00ednez\u00e9si adotts\u00e1g\u00a0<\/h3><\/li><li style=\"text-align: justify;\"><h3>kiv\u00e1l\u00f3 sz\u00edntart\u00e1s<\/h3><\/li><li><h3 style=\"text-align: justify;\">k\u00f6nny\u0171 felvitel<\/h3><\/li><li><h3 style=\"text-align: justify;\">gazdas\u00e1goss\u00e1g - kis mennyis\u00e9g haszn\u00e1lata is kiv\u00e1l\u00f3 eredm\u00e9nyt hoz<\/h3><\/li><\/ul>\n<h3><strong>Nett\u00f3 tartalom:<\/strong><\/h3><ul><li><h3><strong>5 gramm<\/strong><\/h3><\/li><\/ul>\n<h3><strong>\u00d6sszetev\u0151k:<\/strong><\/h3><ul><li><h3>sz\u00ednez\u0151k: E171, E122, E124<\/h3><\/li><\/ul>\n<h3><strong>Lej\u00e1rati id\u0151:<\/strong><\/h3><ul><li><h3><strong>2026. december 31.<\/strong><\/h3><\/li><\/ul>\n<h3><strong>T\u00e1rol\u00e1si \u00fatmutat\u00f3:<\/strong><\/h3><ul><li><h3>s\u00f6t\u00e9t, h\u0171v\u00f6s, sz\u00e1raz helyen t\u00e1roland\u00f3<\/h3><\/li><\/ul>","_links":{"self":[{"href":"https:\/\/jhcakes.com\/shop\/wp-json\/wp\/v2\/product\/14361"}],"collection":[{"href":"https:\/\/jhcakes.com\/shop\/wp-json\/wp\/v2\/product"}],"about":[{"href":"https:\/\/jhcakes.com\/shop\/wp-json\/wp\/v2\/types\/product"}],"replies":[{"embeddable":true,"href":"https:\/\/jhcakes.com\/shop\/wp-json\/wp\/v2\/comments?post=14361"}],"wp:featuredmedia":[{"embeddable":true,"href":"https:\/\/jhcakes.com\/shop\/wp-json\/wp\/v2\/media\/14363"}],"wp:attachment":[{"href":"https:\/\/jhcakes.com\/shop\/wp-json\/wp\/v2\/media?parent=14361"}],"curies":[{"name":"wp","href":"https:\/\/api.w.org\/{rel}","templated":true}]}}