{"id":14005,"date":"2019-11-04T22:30:07","date_gmt":"2019-11-04T21:30:07","guid":{"rendered":"https:\/\/jhcakes.com\/shop\/?post_type=product&#038;p=14005"},"modified":"2025-05-08T00:21:33","modified_gmt":"2025-05-07T22:21:33","slug":"23-karatos-aranyszorat-100-mg-2","status":"publish","type":"product","link":"https:\/\/jhcakes.com\/shop\/termek\/23-karatos-aranyszorat-100-mg-2\/","title":{"rendered":"23 kar\u00e1tos aranysz\u00f3rat 100 mg"},"content":{"rendered":"<h3 style=\"text-align: center;\"><strong><span style=\"color: #ec008c;\">23 kar\u00e1tos ehet\u0151 aranysz\u00f3rat,\u00a0<\/span><\/strong><span style=\"color: #878787;\">a dekadencia fokoz\u00e1s\u00e1ra.<\/span><\/h3>\n<p>&nbsp;<\/p>\n<div id=\"themify_builder_content-14005\" data-postid=\"14005\" class=\"themify_builder_content themify_builder_content-14005 themify_builder\">\n    \t<!-- module_row -->\n\t<div  class=\"themify_builder_row module_row clearfix module_row_0 themify_builder_14005_row module_row_14005-0 tb_5810795\">\n\t    \t    <div class=\"row_inner col_align_top\" >\n\t\t\t<div  class=\"module_column tb-column col-full first tb_14005_column module_column_0 module_column_14005-0-0 tb_8c6w598\">\n\t    \t    \t        <div class=\"tb-column-inner\">\n\t\t    <!-- module text -->\n<div  class=\"module module-text tb_ce44027  repeat  \">\n            <div  class=\"tb_text_wrap\">\n    <h3><span style=\"color: #878787;\">A <strong><span style=\"color: #ec008c;\">23 kar\u00e1tos ehet\u0151 aranysz\u00f3rat<\/span><\/strong>\u00a02-5 mm-es nagys\u00e1g\u00fa, arany darabk\u00e1kb\u00f3l \u00e1ll. A darabk\u00e1k folyad\u00e9kban nem old\u00f3dnak, f\u00e9nyre nem \u00e9rz\u00e9kenyek.\u00a0<\/span><\/h3><h3>\u00a0<\/h3><h3><strong>Mihez aj\u00e1nljuk az ehet\u0151 aranysz\u00f3ratot?<\/strong><\/h3><ul><li><h3>luxus desszertek, bonbonok, macaronok, cake pop-ok d\u00edsz\u00edt\u00e9s\u00e9hez<\/h3><\/li><li><h3>cocktailok, pezsg\u0151k \u00e9s egy\u00e9b italok d\u00edsz\u00edt\u00e9sehez<\/h3><\/li><\/ul><h3><strong>\u00d6sszet\u00e9tel:<\/strong><\/h3><ul><li><h3>E175<\/h3><\/li><\/ul>    <\/div>\n<\/div>\n<!-- \/module text -->\n\t        <\/div>\n\t    \t<\/div>\n\t\t    <\/div>\n\t    <!-- \/row_inner -->\n\t<\/div>\n\t<!-- \/module_row -->\n\t\t<!-- module_row -->\n\t<div  class=\"themify_builder_row module_row clearfix module_row_1 themify_builder_14005_row module_row_14005-1 tb_k5rx570\">\n\t    \t    <div class=\"row_inner col_align_top\" >\n\t\t\t<div  class=\"module_column tb-column col4-2 first tb_14005_column module_column_0 module_column_14005-1-0 tb_2i7j900\">\n\t    \t    \t        <div class=\"tb-column-inner\">\n\t\t    <!-- module text -->\n<div  class=\"module module-text tb_2p84778  repeat  \">\n            <div  class=\"tb_text_wrap\">\n    <h3><span style=\"color: #878787;\"><strong>Nett\u00f3 tartalom:<\/strong><\/span><\/h3>\n<ul>\n<li>\n<h3><strong><span style=\"color: #ec008c;\">100 mg<\/span><\/strong><\/h3>\n<\/li>\n<\/ul>    <\/div>\n<\/div>\n<!-- \/module text -->\n\t        <\/div>\n\t    \t<\/div>\n\t\t<div  class=\"module_column tb-column col4-2 last tb_14005_column module_column_1 module_column_14005-1-1 tb_neg7751\">\n\t    \t    \t        <div class=\"tb-column-inner\">\n\t\t    <!-- module text -->\n<div  class=\"module module-text tb_xo0z009  repeat  \">\n            <div  class=\"tb_text_wrap\">\n    <h3><span style=\"color: #878787;\"><strong>Lej\u00e1rati id\u0151:<\/strong><\/span><\/h3>\n<ul>\n<li>\n<h3><strong><span style=\"color: #ec008c;\">2030. november 30.<\/span><\/strong><\/h3>\n<\/li>\n<\/ul>    <\/div>\n<\/div>\n<!-- \/module text -->\n\t        <\/div>\n\t    \t<\/div>\n\t\t    <\/div>\n\t    <!-- \/row_inner -->\n\t<\/div>\n\t<!-- \/module_row -->\n\t<\/div>\n\n","protected":false},"excerpt":{"rendered":"<p>23 kar\u00e1tos ehet\u0151 aranysz\u00f3rat,\u00a0a dekadencia fokoz\u00e1s\u00e1ra. &nbsp; A 23 kar\u00e1tos ehet\u0151 aranysz\u00f3rat\u00a02-5 mm-es nagys\u00e1g\u00fa, arany darabk\u00e1kb\u00f3l \u00e1ll. A darabk\u00e1k folyad\u00e9kban nem old\u00f3dnak, f\u00e9nyre nem \u00e9rz\u00e9kenyek.\u00a0 \u00a0 Mihez aj\u00e1nljuk az ehet\u0151 aranysz\u00f3ratot? luxus desszertek, bonbonok, macaronok, cake pop-ok d\u00edsz\u00edt\u00e9s\u00e9hez cocktailok, pezsg\u0151k \u00e9s egy\u00e9b italok d\u00edsz\u00edt\u00e9sehez \u00d6sszet\u00e9tel: E175 Nett\u00f3 tartalom: 100 mg Lej\u00e1rati id\u0151: 2030. november 30.<\/p>\n","protected":false},"featured_media":11202,"comment_status":"open","ping_status":"closed","template":"","meta":[],"builder_content":"<h3>A <strong>23 kar\u00e1tos ehet\u0151 aranysz\u00f3rat<\/strong>\u00a02-5 mm-es nagys\u00e1g\u00fa, arany darabk\u00e1kb\u00f3l \u00e1ll. A darabk\u00e1k folyad\u00e9kban nem old\u00f3dnak, f\u00e9nyre nem \u00e9rz\u00e9kenyek.\u00a0<\/h3><h3>\u00a0<\/h3><h3><strong>Mihez aj\u00e1nljuk az ehet\u0151 aranysz\u00f3ratot?<\/strong><\/h3><ul><li><h3>luxus desszertek, bonbonok, macaronok, cake pop-ok d\u00edsz\u00edt\u00e9s\u00e9hez<\/h3><\/li><li><h3>cocktailok, pezsg\u0151k \u00e9s egy\u00e9b italok d\u00edsz\u00edt\u00e9sehez<\/h3><\/li><\/ul><h3><strong>\u00d6sszet\u00e9tel:<\/strong><\/h3><ul><li><h3>E175<\/h3><\/li><\/ul>\n<h3><strong>Nett\u00f3 tartalom:<\/strong><\/h3> <ul> <li> <h3><strong>100 mg<\/strong><\/h3> <\/li> <\/ul>\n<h3><strong>Lej\u00e1rati id\u0151:<\/strong><\/h3> <ul> <li> <h3><strong>2030. november 30.<\/strong><\/h3> <\/li> <\/ul>","_links":{"self":[{"href":"https:\/\/jhcakes.com\/shop\/wp-json\/wp\/v2\/product\/14005"}],"collection":[{"href":"https:\/\/jhcakes.com\/shop\/wp-json\/wp\/v2\/product"}],"about":[{"href":"https:\/\/jhcakes.com\/shop\/wp-json\/wp\/v2\/types\/product"}],"replies":[{"embeddable":true,"href":"https:\/\/jhcakes.com\/shop\/wp-json\/wp\/v2\/comments?post=14005"}],"wp:featuredmedia":[{"embeddable":true,"href":"https:\/\/jhcakes.com\/shop\/wp-json\/wp\/v2\/media\/11202"}],"wp:attachment":[{"href":"https:\/\/jhcakes.com\/shop\/wp-json\/wp\/v2\/media?parent=14005"}],"curies":[{"name":"wp","href":"https:\/\/api.w.org\/{rel}","templated":true}]}}