{"id":14001,"date":"2019-11-04T21:29:05","date_gmt":"2019-11-04T20:29:05","guid":{"rendered":"https:\/\/jhcakes.com\/shop\/?post_type=product&#038;p=14001"},"modified":"2026-04-25T09:53:52","modified_gmt":"2026-04-25T07:53:52","slug":"23-karatos-eheto-aranyfolia-2","status":"publish","type":"product","link":"https:\/\/jhcakes.com\/shop\/termek\/23-karatos-eheto-aranyfolia-2\/","title":{"rendered":"23 kar\u00e1tos ehet\u0151 aranyf\u00f3lia"},"content":{"rendered":"<h3><strong><span style=\"color: #ec008c;\">\u00a023 kar\u00e1tos, ehet\u0151 aranyf\u00f3li\u00e1ink <\/span><\/strong><span style=\"color: #ec008c;\"><span style=\"color: #878787;\">v\u00e9kony transzferpap\u00edrra kas\u00edrozottak \u00e9s laponk\u00e9nt rendelhet\u0151k. Ritka esetben el\u0151fordul, hogy\u00a0<\/span><\/span>a f\u00f3li\u00e1k kisebb hi\u00e1nyokkal, esetleges eldeform\u00e1l\u00f3d\u00e1ssal \u00e9rkeznek.<\/h3>\n<p>&nbsp;<\/p>\n<h3><span style=\"color: #878787;\"><strong>Mihez aj\u00e1nljuk az ehet\u0151 aranyf\u00f3li\u00e1kat?<\/strong><\/span><\/h3>\n<ul>\n<li>\n<h3><span style=\"color: #878787;\">luxus desszertek, bonbonok, macaronok, cake pop-ok d\u00edsz\u00edt\u00e9s\u00e9hez<\/span><\/h3>\n<\/li>\n<li>\n<h3><span style=\"color: #878787;\">tort\u00e1k befed\u00e9s\u00e9hez<\/span><\/h3>\n<\/li>\n<\/ul>\n<h3><strong>\u00d6sszet\u00e9tel:<\/strong><\/h3>\n<ul>\n<li>\n<h3>E175<\/h3>\n<\/li>\n<\/ul>\n<h3><strong>T\u00e1rol\u00e1si \u00fatmutat\u00f3:<\/strong><\/h3>\n<ul>\n<li>\n<h3>sz\u00e1raz, h\u0171v\u00f6s helyen t\u00e1roland\u00f3<\/h3>\n<\/li>\n<\/ul>\n<h3><strong>Lej\u00e1rati id\u0151:<\/strong><\/h3>\n<ul>\n<li>\n<h3><strong><span style=\"color: #ec008c;\">2030. december 30.<\/span><\/strong><\/h3>\n<\/li>\n<\/ul>\n<h3><span style=\"color: #878787;\"><strong><span style=\"color: #1ba6b4;\">TIPP:<br \/>\n<\/span><\/strong><\/span><span style=\"color: #878787;\"><strong>S\u00fctik d\u00edsz\u00edt\u00e9se:<\/strong><\/span><br \/>\n<span style=\"color: #878787;\">Amennyiben csak kisebb aranydarabk\u00e1kat szeretn\u00e9nk haszn\u00e1lni, csipesszel vagy ecsettel tudjuk a f\u00f3li\u00e1kat feldarabolni. K\u00e9zzel ne ny\u00faljunk a f\u00f3li\u00e1khoz, mert azonnal hozz\u00e1nk ragadnak.\u00a0<\/span><\/h3>\n<p>&nbsp;<\/p>\n<h3><span style=\"color: #878787;\"><span style=\"color: #1ba6b4;\"><strong>TIPP:<br \/>\n<\/strong><\/span><\/span><span style=\"color: #878787;\"><strong>Tort\u00e1k d\u00edsz\u00edt\u00e9se:<\/strong><\/span><br \/>\n<span style=\"color: #878787;\">Amennyiben teljes lapokat szeretn\u00e9nk felhaszn\u00e1lni tort\u00e1k oldal\u00e1ra, tetej\u00e9re, a transzferpap\u00edrt tartsuk k\u00e9zben \u00e9s ne \u00e9rintkezz\u00fcnk a f\u00f3li\u00e1val, mert azonnal elszakadhat.<\/span><\/h3>\n<div id=\"themify_builder_content-14001\" data-postid=\"14001\" class=\"themify_builder_content themify_builder_content-14001 themify_builder\">\n    <\/div>\n<!-- \/themify_builder_content -->","protected":false},"excerpt":{"rendered":"<h3><strong>Aranyf\u00f3li\u00e1k m\u00e9rete:<\/strong><\/h3>\n<ul>\n<li>\n<h3>sz\u00e9less\u00e9g: \u00a0 \u00a0 \u00a0 \u00a080 mm<\/h3>\n<\/li>\n<li>\n<h3>hossz\u00fas\u00e1g: \u00a0 \u00a0 \u00a080 mm<\/h3>\n<\/li>\n<\/ul>\n","protected":false},"featured_media":9355,"comment_status":"closed","ping_status":"closed","template":"","meta":[],"builder_content":"","_links":{"self":[{"href":"https:\/\/jhcakes.com\/shop\/wp-json\/wp\/v2\/product\/14001"}],"collection":[{"href":"https:\/\/jhcakes.com\/shop\/wp-json\/wp\/v2\/product"}],"about":[{"href":"https:\/\/jhcakes.com\/shop\/wp-json\/wp\/v2\/types\/product"}],"replies":[{"embeddable":true,"href":"https:\/\/jhcakes.com\/shop\/wp-json\/wp\/v2\/comments?post=14001"}],"wp:featuredmedia":[{"embeddable":true,"href":"https:\/\/jhcakes.com\/shop\/wp-json\/wp\/v2\/media\/9355"}],"wp:attachment":[{"href":"https:\/\/jhcakes.com\/shop\/wp-json\/wp\/v2\/media?parent=14001"}],"curies":[{"name":"wp","href":"https:\/\/api.w.org\/{rel}","templated":true}]}}