{"id":13914,"date":"2019-10-24T22:05:11","date_gmt":"2019-10-24T20:05:11","guid":{"rendered":"https:\/\/jhcakes.com\/shop\/?post_type=product&#038;p=13914"},"modified":"2024-04-19T10:20:24","modified_gmt":"2024-04-19T08:20:24","slug":"kozepes-kalligrafiacso-25","status":"publish","type":"product","link":"https:\/\/jhcakes.com\/shop\/termek\/kozepes-kalligrafiacso-25\/","title":{"rendered":"K\u00f6zepes kalligr\u00e1fiacs\u0151 #25"},"content":{"rendered":"<h3><span style=\"color: #ec008c;\"><strong>#25 PME p<\/strong><\/span><span style=\"color: #ec008c;\"><strong>rofesszion\u00e1lis k\u00f6zepes kalligr\u00e1fiacs\u0151 <\/strong>\u00a0<\/span>torta-, cupcake- \u00e9s m\u00e9zesdekor\u00e1l\u00e1shoz.\u00a0A PME d\u00edsz\u00edt\u0151cs\u00f6vek a legjobb min\u0151s\u00e9g\u0171 cs\u00f6vek Magyarorsz\u00e1gon. Egyik legnagyobb el\u0151ny\u00fck, hogy hossz\u00faak, ezzel nagyobb kontrollt biztos\u00edtanak az \u00edr\u00f3k\u00e1z\u00e1shoz.<\/h3>\n<p>&nbsp;<\/p>\n<h3><strong>Egy\u00e9b el\u0151nyeik:<\/strong><\/h3>\n<ul>\n<li>\n<h3>nem sz\u00ednez\u0151dnek el<\/h3>\n<\/li>\n<li>\n<h3>nem rozsd\u00e1sodnak<\/h3>\n<\/li>\n<li>\n<h3>nincsenek \u00f6sszeforraszt\u00e1si vonalai &#8211; a glaz\u00far nem p\u00f6r\u00f6g a cs\u0151b\u0151l t\u00f6rt\u00e9n\u0151 kinyom\u00e1skor<\/h3>\n<\/li>\n<\/ul>\n<h3 style=\"text-align: justify;\"><strong>Mit k\u00e9sz\u00edthet\u00fcnk a 25-\u00f6s sz\u00e1m\u00fa PME d\u00edsz\u00edt\u0151cs\u0151vel?<\/strong><\/h3>\n<ul>\n<li>\n<h3>k\u00f6zepesen v\u00e9kony, kalligr\u00e1fia st\u00edlus\u00fa feliratokat<\/h3>\n<\/li>\n<li>\n<h3>k\u00f6zepesen v\u00e9kony vonalakat, sz\u00e1mokat<\/h3>\n<\/li>\n<li>\n<h3>kis p\u00f6tty\u00f6ket<\/h3>\n<\/li>\n<\/ul>\n<h3><strong>Milyen alapanyagot haszn\u00e1ljunk?<\/strong><\/h3>\n<ul>\n<li>\n<h3>glaz\u00fart\/\u00edr\u00f3k\u00e1t<\/h3>\n<\/li>\n<\/ul>\n<h3><strong>Milyen kieg\u00e9sz\u00edt\u0151t aj\u00e1nlunk a d\u00edsz\u00edt\u0151cs\u0151h\u00f6z?<\/strong><\/h3>\n<ul>\n<li>\n<h3>habzs\u00e1kot<\/h3>\n<\/li>\n<li>\n<h3><a href=\"https:\/\/jhcakes.com\/shop\/termek\/normal-meretu-csatolocso-szett\/\" target=\"_blank\" rel=\"noopener noreferrer\"><strong><span style=\"color: #1ba6b4;\">norm\u00e1l m\u00e9ret\u0171 csatol\u00f3cs\u00f6vet<\/span><\/strong><\/a><\/h3>\n<\/li>\n<\/ul>\n<h3><strong>Alapanyag:<\/strong><\/h3>\n<ul>\n<li>\n<h3>rozsdamentes ac\u00e9l<\/h3>\n<\/li>\n<\/ul>\n<h3 id=\"tab-description\"><strong>Kezel\u00e9si \u00fatmutat\u00f3:<\/strong><\/h3>\n<ul>\n<li>\n<h3>k\u00e9zzel moshat\u00f3, leveg\u0151n sz\u00e1r\u00edtand\u00f3<\/h3>\n<\/li>\n<\/ul>\n<div id=\"themify_builder_content-13914\" data-postid=\"13914\" class=\"themify_builder_content themify_builder_content-13914 themify_builder\">\n    <\/div>\n<!-- \/themify_builder_content -->","protected":false},"excerpt":{"rendered":"<h3><strong>Cs\u0151 m\u00e9rete:<\/strong><\/h3>\n<ul>\n<li>\n<h3>ny\u00edl\u00e1s m\u00e9rete: \u00a0 \u00a0 \u00a0 \u00a0sz: 1 mm x h: 2,5 mm<\/h3>\n<\/li>\n<li>\n<h3>cs\u0151hossz: \u00a0 \u00a0 \u00a0 \u00a0 \u00a0 \u00a0 \u00a0 \u00a040 mm<\/h3>\n<\/li>\n<\/ul>\n","protected":false},"featured_media":13917,"comment_status":"closed","ping_status":"closed","template":"","meta":[],"builder_content":"","_links":{"self":[{"href":"https:\/\/jhcakes.com\/shop\/wp-json\/wp\/v2\/product\/13914"}],"collection":[{"href":"https:\/\/jhcakes.com\/shop\/wp-json\/wp\/v2\/product"}],"about":[{"href":"https:\/\/jhcakes.com\/shop\/wp-json\/wp\/v2\/types\/product"}],"replies":[{"embeddable":true,"href":"https:\/\/jhcakes.com\/shop\/wp-json\/wp\/v2\/comments?post=13914"}],"wp:featuredmedia":[{"embeddable":true,"href":"https:\/\/jhcakes.com\/shop\/wp-json\/wp\/v2\/media\/13917"}],"wp:attachment":[{"href":"https:\/\/jhcakes.com\/shop\/wp-json\/wp\/v2\/media?parent=13914"}],"curies":[{"name":"wp","href":"https:\/\/api.w.org\/{rel}","templated":true}]}}