{"id":13887,"date":"2019-10-23T18:23:34","date_gmt":"2019-10-23T16:23:34","guid":{"rendered":"https:\/\/jhcakes.com\/shop\/?post_type=product&#038;p=13887"},"modified":"2024-11-19T20:23:14","modified_gmt":"2024-11-19T19:23:14","slug":"kozepes-fem-jem-viragtu-7","status":"publish","type":"product","link":"https:\/\/jhcakes.com\/shop\/termek\/kozepes-fem-jem-viragtu-7\/","title":{"rendered":"K\u00f6zepes f\u00e9m vir\u00e1gt\u0171 JEM #7"},"content":{"rendered":"<h3>Kiv\u00e1l\u00f3 min\u0151s\u00e9g\u0171, <span style=\"color: #ec008c;\"><strong>k\u00f6zepes m\u00e9ret\u0171, 7-es sz\u00e1m\u00fa f\u00e9m vir\u00e1gt\u0171 <\/strong><\/span>glaz\u00far \u00e9s vajkr\u00e9m vir\u00e1gok k\u00e9sz\u00edt\u00e9s\u00e9hez, a JEM c\u00e9gt\u0151l. A vir\u00e1gt\u0171 fog\u00f3ja nagyon j\u00f3, hossz\u00fa \u00e9s bar\u00e1zd\u00e1kkal ell\u00e1tott, mely megk\u00f6nny\u00edti a t\u0171 forgat\u00e1s\u00e1t.<\/h3>\n<p>&nbsp;<\/p>\n<h3 style=\"text-align: justify;\"><strong>Mit k\u00e9sz\u00edthet\u00fcnk k\u00f6zepes m\u00e9ret\u0171 vir\u00e1gt\u0171vel?<\/strong><\/h3>\n<ul>\n<li>\n<h3>k\u00f6zepes \u00e9s nagyobb m\u00e9ret\u0171 habzs\u00e1kos vir\u00e1gokat, leveleket<\/h3>\n<\/li>\n<\/ul>\n<h3><strong>Milyen alapanyagot haszn\u00e1ljunk?<\/strong><\/h3>\n<ul>\n<li>\n<h3>glaz\u00fart\/\u00edr\u00f3k\u00e1t<\/h3>\n<\/li>\n<li>\n<h3>vajkr\u00e9met<\/h3>\n<\/li>\n<\/ul>\n<h3><strong>Milyen kieg\u00e9sz\u00edt\u0151t aj\u00e1nlunk a vir\u00e1gt\u0171h\u00f6z?<\/strong><\/h3>\n<ul>\n<li>\n<h3>habzs\u00e1kot<\/h3>\n<\/li>\n<li>\n<h3><a href=\"https:\/\/jhcakes.com\/shop\/termek\/normal-meretu-csatolocso-szett\/\" target=\"_blank\" rel=\"noopener noreferrer\"><strong><span style=\"color: #1ba6b4;\">norm\u00e1l m\u00e9ret\u0171 csatol\u00f3cs\u00f6vet<\/span><\/strong><\/a><\/h3>\n<\/li>\n<li>\n<h3><a href=\"https:\/\/jhcakes.com\/shop\/termekkategoria\/habzsakos-diszites\/\" target=\"_blank\" rel=\"noopener noreferrer\"><span style=\"color: #1ba6b4;\"><strong>dekor\u00e1l\u00f3cs\u00f6veket<\/strong><\/span><\/a><\/h3>\n<\/li>\n<\/ul>\n<h3><strong>Alapanyag:<\/strong><\/h3>\n<ul>\n<li>\n<h3>f\u00e9m<\/h3>\n<\/li>\n<\/ul>\n<h3 id=\"tab-description\"><strong>Kezel\u00e9si \u00fatmutat\u00f3:<\/strong><\/h3>\n<ul>\n<li>\n<h3>k\u00e9zzel moshat\u00f3, leveg\u0151n sz\u00e1r\u00edtand\u00f3<\/h3>\n<\/li>\n<\/ul>\n<div id=\"themify_builder_content-13887\" data-postid=\"13887\" class=\"themify_builder_content themify_builder_content-13887 themify_builder\">\n    <\/div>\n<!-- \/themify_builder_content -->","protected":false},"excerpt":{"rendered":"<h3><strong>K\u00f6zepes vir\u00e1gt\u0171 m\u00e9rete:<\/strong><\/h3>\n<ul>\n<li>\n<h3>\u00e1tm\u00e9r\u0151: \u00a0 \u00a0 \u00a0 \u00a0 40 mm<\/h3>\n<\/li>\n<li>\n<h3>t\u0171 hossza: \u00a0 \u00a0 69 mm<\/h3>\n<\/li>\n<\/ul>\n","protected":false},"featured_media":13888,"comment_status":"closed","ping_status":"closed","template":"","meta":[],"builder_content":"","_links":{"self":[{"href":"https:\/\/jhcakes.com\/shop\/wp-json\/wp\/v2\/product\/13887"}],"collection":[{"href":"https:\/\/jhcakes.com\/shop\/wp-json\/wp\/v2\/product"}],"about":[{"href":"https:\/\/jhcakes.com\/shop\/wp-json\/wp\/v2\/types\/product"}],"replies":[{"embeddable":true,"href":"https:\/\/jhcakes.com\/shop\/wp-json\/wp\/v2\/comments?post=13887"}],"wp:featuredmedia":[{"embeddable":true,"href":"https:\/\/jhcakes.com\/shop\/wp-json\/wp\/v2\/media\/13888"}],"wp:attachment":[{"href":"https:\/\/jhcakes.com\/shop\/wp-json\/wp\/v2\/media?parent=13887"}],"curies":[{"name":"wp","href":"https:\/\/api.w.org\/{rel}","templated":true}]}}