{"id":13769,"date":"2019-10-15T18:19:58","date_gmt":"2019-10-15T16:19:58","guid":{"rendered":"https:\/\/jhcakes.com\/shop\/?post_type=product&#038;p=13769"},"modified":"2023-05-31T22:15:41","modified_gmt":"2023-05-31T20:15:41","slug":"kor-mezes-kiszuro-128-mm","status":"publish","type":"product","link":"https:\/\/jhcakes.com\/shop\/termek\/kor-mezes-kiszuro-128-mm\/","title":{"rendered":"K\u00f6r m\u00e9zes kisz\u00far\u00f3 128 mm"},"content":{"rendered":"<h3>T\u00f6k\u00e9letesen kerek form\u00e1j\u00fa, nagy m\u00e9ret\u0171\u00a0<strong><span style=\"color: #ec008c;\">k\u00f6r kisz\u00far\u00f3\u00a0<\/span><\/strong><span style=\"color: #878787;\">nem csak egyszer\u0171 linzerek \u00e9s m\u00e9zesek k\u00e9sz\u00edt\u00e9s\u00e9hez, hanem ak\u00e1r m\u00e9csesalapok szaggat\u00e1s\u00e1hoz is, a t\u00e9li \u00fcnnepekre.<\/span><\/h3>\n<p>&nbsp;<\/p>\n<h3><strong>Mihez aj\u00e1nljuk a kisz\u00far\u00f3t?<\/strong><\/h3>\n<ul>\n<li>\n<h3>m\u00e9zes \u00e9s egy\u00e9b t\u00e9sztaf\u00e9l\u00e9khez<\/h3>\n<\/li>\n<li>\n<h3>fondant, cukormassza \u00e9s marcip\u00e1n form\u00e1k kisz\u00far\u00e1s\u00e1hoz<\/h3>\n<\/li>\n<\/ul>\n<h3><strong>Alapanyag:<\/strong><\/h3>\n<ul>\n<li>\n<h3>\u00f3nozott lemez, haszn\u00e1latkor formatart\u00f3 marad<\/h3>\n<\/li>\n<\/ul>\n<h3 id=\"tab-description\"><strong>Kezel\u00e9si \u00fatmutat\u00f3:<\/strong><\/h3>\n<ul>\n<li>\n<h3>k\u00e9zzel moshat\u00f3, leveg\u0151n sz\u00e1r\u00edtand\u00f3<\/h3>\n<\/li>\n<\/ul>\n<div id=\"themify_builder_content-13769\" data-postid=\"13769\" class=\"themify_builder_content themify_builder_content-13769 themify_builder\">\n    <\/div>\n<!-- \/themify_builder_content -->","protected":false},"excerpt":{"rendered":"<h3><strong>Kisz\u00far\u00f3 m\u00e9rete:<\/strong><\/h3>\n<ul>\n<li>\n<h3>\u00e1tm\u00e9r\u0151: \u00a0 128 mm<\/h3>\n<\/li>\n<\/ul>\n","protected":false},"featured_media":13770,"comment_status":"open","ping_status":"closed","template":"","meta":[],"builder_content":"","_links":{"self":[{"href":"https:\/\/jhcakes.com\/shop\/wp-json\/wp\/v2\/product\/13769"}],"collection":[{"href":"https:\/\/jhcakes.com\/shop\/wp-json\/wp\/v2\/product"}],"about":[{"href":"https:\/\/jhcakes.com\/shop\/wp-json\/wp\/v2\/types\/product"}],"replies":[{"embeddable":true,"href":"https:\/\/jhcakes.com\/shop\/wp-json\/wp\/v2\/comments?post=13769"}],"wp:featuredmedia":[{"embeddable":true,"href":"https:\/\/jhcakes.com\/shop\/wp-json\/wp\/v2\/media\/13770"}],"wp:attachment":[{"href":"https:\/\/jhcakes.com\/shop\/wp-json\/wp\/v2\/media?parent=13769"}],"curies":[{"name":"wp","href":"https:\/\/api.w.org\/{rel}","templated":true}]}}