{"id":13761,"date":"2019-10-15T15:39:06","date_gmt":"2019-10-15T13:39:06","guid":{"rendered":"https:\/\/jhcakes.com\/shop\/?post_type=product&#038;p=13761"},"modified":"2024-06-13T21:01:17","modified_gmt":"2024-06-13T19:01:17","slug":"elenkpink-cake-pop-palcikak-15-cm","status":"publish","type":"product","link":"https:\/\/jhcakes.com\/shop\/termek\/elenkpink-cake-pop-palcikak-15-cm\/","title":{"rendered":"\u00c9l\u00e9nkpink cake pop p\u00e1lcik\u00e1k 15 cm"},"content":{"rendered":"<h3><strong><span style=\"color: #ec008c;\">M\u0171anyag, \u00e9l\u00e9nkpink cake pop p\u00e1lcik\u00e1k <\/span><\/strong><span style=\"color: #ec008c;\"><span style=\"color: #878787;\">desszert asztalokra.<br \/>\nEzek a p\u00e1lcik\u00e1k NEM s\u00fcthet\u0151k.<br \/>\nM\u00e9zessel, linzerrel egy\u00fctt s\u00fcthet\u0151 15 cm-es p\u00e1lcik\u00e1ink <span style=\"color: #008000;\"><strong><a style=\"color: #008000;\" href=\"https:\/\/jhcakes.com\/shop\/termek\/sutheto-feher-cake-pop-palcikak-15-cm\/\" target=\"_blank\" rel=\"noopener noreferrer\">ITT<\/a><\/strong><\/span>, 20 cm-es p\u00e1lcik\u00e1ink pedig <span style=\"color: #1ba6b4;\"><strong><a style=\"color: #1ba6b4;\" href=\"https:\/\/jhcakes.com\/shop\/termek\/sutheto-feher-cake-pop-palcikak-20-cm\/\" target=\"_blank\" rel=\"noopener noreferrer\">ITT<\/a><\/strong><\/span> tal\u00e1lhat\u00f3k.<\/span><\/span><\/h3>\n<p>&nbsp;<\/p>\n<h3><span style=\"color: #878787;\"><strong>Kiszerel\u00e9s:<\/strong><\/span><\/h3>\n<ul>\n<li>\n<h3><span style=\"color: #878787;\">25 darab p\u00e1lcika per csomag<\/span><\/h3>\n<\/li>\n<\/ul>\n<h3><span style=\"color: #878787;\"><strong>Alapanyag:<\/strong><\/span><\/h3>\n<ul>\n<li>\n<h3><span style=\"color: #878787;\">nem s\u00fcthet\u0151 m\u0171anyag<\/span><\/h3>\n<\/li>\n<\/ul>\n<div id=\"themify_builder_content-13761\" data-postid=\"13761\" class=\"themify_builder_content themify_builder_content-13761 themify_builder\">\n    <\/div>\n<!-- \/themify_builder_content -->","protected":false},"excerpt":{"rendered":"<h3><strong>P\u00e1lcik\u00e1k<\/strong><strong>\u00a0hossza \u00e9s \u00e1tm\u00e9r\u0151je:<\/strong><\/h3>\n<ul>\n<li>\n<h3>150 mm x 4 mm<\/h3>\n<\/li>\n<\/ul>\n","protected":false},"featured_media":13755,"comment_status":"open","ping_status":"closed","template":"","meta":[],"builder_content":"","_links":{"self":[{"href":"https:\/\/jhcakes.com\/shop\/wp-json\/wp\/v2\/product\/13761"}],"collection":[{"href":"https:\/\/jhcakes.com\/shop\/wp-json\/wp\/v2\/product"}],"about":[{"href":"https:\/\/jhcakes.com\/shop\/wp-json\/wp\/v2\/types\/product"}],"replies":[{"embeddable":true,"href":"https:\/\/jhcakes.com\/shop\/wp-json\/wp\/v2\/comments?post=13761"}],"wp:featuredmedia":[{"embeddable":true,"href":"https:\/\/jhcakes.com\/shop\/wp-json\/wp\/v2\/media\/13755"}],"wp:attachment":[{"href":"https:\/\/jhcakes.com\/shop\/wp-json\/wp\/v2\/media?parent=13761"}],"curies":[{"name":"wp","href":"https:\/\/api.w.org\/{rel}","templated":true}]}}