{"id":13540,"date":"2019-09-27T18:38:03","date_gmt":"2019-09-27T16:38:03","guid":{"rendered":"https:\/\/jhcakes.com\/shop\/?post_type=product&#038;p=13540"},"modified":"2021-11-03T19:05:20","modified_gmt":"2021-11-03T18:05:20","slug":"legnagyobb-zsiraf-kiszuro","status":"publish","type":"product","link":"https:\/\/jhcakes.com\/shop\/termek\/legnagyobb-zsiraf-kiszuro\/","title":{"rendered":"Legnagyobb zsir\u00e1f kisz\u00far\u00f3"},"content":{"rendered":"<h3 style=\"text-align: justify;\"><span style=\"color: #878787;\">Nagyon aranyos form\u00e1j\u00fa, <\/span><strong><span style=\"color: #ec008c;\">legnagyobb zsir\u00e1f kisz\u00far\u00f3<\/span><\/strong><span style=\"color: #878787;\">.<\/span><\/h3>\n<p>&nbsp;<\/p>\n<h3><span style=\"color: #7a7a7a;\"><strong>Mihez aj\u00e1nljuk a kisz\u00far\u00f3t?<\/strong><\/span><\/h3>\n<ul>\n<li>\n<h3><span style=\"color: #878787;\">m\u00e9zes \u00e9s egy\u00e9b t\u00e9sztaf\u00e9l\u00e9khez<\/span><\/h3>\n<\/li>\n<li>\n<h3><span style=\"color: #878787;\">fondant, cukormassza \u00e9s marcip\u00e1n form\u00e1k kisz\u00far\u00e1s\u00e1hoz<\/span><\/h3>\n<\/li>\n<\/ul>\n<h3><span style=\"color: #7a7a7a;\"><strong>Alapanyag:<\/strong><\/span><\/h3>\n<ul>\n<li>\n<h3><span style=\"color: #878787;\">rozsdamentes ac\u00e9l, haszn\u00e1latkor formatart\u00f3 marad<\/span><\/h3>\n<\/li>\n<li>\n<h3>a kisz\u00far\u00f3 mindk\u00e9t oldala haszn\u00e1lhat\u00f3<\/h3>\n<\/li>\n<\/ul>\n<h3><strong>Kezel\u00e9si \u00fatmutat\u00f3:<\/strong><\/h3>\n<ul>\n<li>\n<h3>k\u00e9zzel moshat\u00f3, leveg\u0151n sz\u00e1r\u00edtand\u00f3<\/h3>\n<\/li>\n<\/ul>\n<div id=\"themify_builder_content-13540\" data-postid=\"13540\" class=\"themify_builder_content themify_builder_content-13540 themify_builder\">\n    <\/div>\n<!-- \/themify_builder_content -->","protected":false},"excerpt":{"rendered":"<h3><strong>Kisz\u00far\u00f3 m\u00e9rete:<\/strong><\/h3>\n<ul>\n<li>\n<h3>sz\u00e9less\u00e9g: \u00a0 \u00a0 \u00a0 50 mm<\/h3>\n<\/li>\n<li>\n<h3>magass\u00e1g: \u00a0 \u00a0125 mm<\/h3>\n<\/li>\n<\/ul>\n","protected":false},"featured_media":13542,"comment_status":"open","ping_status":"closed","template":"","meta":[],"builder_content":"","_links":{"self":[{"href":"https:\/\/jhcakes.com\/shop\/wp-json\/wp\/v2\/product\/13540"}],"collection":[{"href":"https:\/\/jhcakes.com\/shop\/wp-json\/wp\/v2\/product"}],"about":[{"href":"https:\/\/jhcakes.com\/shop\/wp-json\/wp\/v2\/types\/product"}],"replies":[{"embeddable":true,"href":"https:\/\/jhcakes.com\/shop\/wp-json\/wp\/v2\/comments?post=13540"}],"wp:featuredmedia":[{"embeddable":true,"href":"https:\/\/jhcakes.com\/shop\/wp-json\/wp\/v2\/media\/13542"}],"wp:attachment":[{"href":"https:\/\/jhcakes.com\/shop\/wp-json\/wp\/v2\/media?parent=13540"}],"curies":[{"name":"wp","href":"https:\/\/api.w.org\/{rel}","templated":true}]}}