{"id":13481,"date":"2019-09-25T18:46:16","date_gmt":"2019-09-25T16:46:16","guid":{"rendered":"https:\/\/jhcakes.com\/shop\/?post_type=product&#038;p=13481"},"modified":"2021-03-09T09:26:24","modified_gmt":"2021-03-09T08:26:24","slug":"angyalka-mezes-kiszuro-80-mm","status":"publish","type":"product","link":"https:\/\/jhcakes.com\/shop\/termek\/angyalka-mezes-kiszuro-80-mm\/","title":{"rendered":"Angyalka m\u00e9zes kisz\u00far\u00f3 80 mm"},"content":{"rendered":"<h3 style=\"text-align: justify;\"><span style=\"color: #878787;\"><span style=\"color: #ec008c;\"><span style=\"color: #878787;\">A 80 mm magas, nagyon aranyos form\u00e1j\u00fa <\/span><strong>angyalka kisz\u00far\u00f3 <\/strong><span style=\"color: #878787;\">remek m\u00e9ret\u0171 forma, a kar\u00e1csonyf\u00e1ra f\u00fcggeszthet\u0151 m\u00e9zesek k\u00e9sz\u00edt\u00e9s\u00e9hez.<\/span><\/span><\/span><\/h3>\n<h3 style=\"text-align: justify;\"><\/h3>\n<p>&nbsp;<\/p>\n<h3><strong>Mihez aj\u00e1nljuk a kisz\u00far\u00f3t?<\/strong><\/h3>\n<ul>\n<li>\n<h3>m\u00e9zes \u00e9s egy\u00e9b t\u00e9sztaf\u00e9l\u00e9khez<\/h3>\n<\/li>\n<li>\n<h3>fondant, cukormassza \u00e9s marcip\u00e1n form\u00e1k kisz\u00far\u00e1s\u00e1hoz<\/h3>\n<\/li>\n<\/ul>\n<h3><strong>Alapanyag:<\/strong><\/h3>\n<ul>\n<li>\n<h3>rozsdamentes ac\u00e9l, haszn\u00e1latkor formatart\u00f3 marad<\/h3>\n<\/li>\n<li>\n<h3>a kisz\u00far\u00f3 mindk\u00e9t oldala haszn\u00e1lhat\u00f3<\/h3>\n<\/li>\n<\/ul>\n<h3 id=\"tab-description\"><strong>Kezel\u00e9si \u00fatmutat\u00f3:<\/strong><\/h3>\n<ul>\n<li>\n<h3>k\u00e9zzel moshat\u00f3, leveg\u0151n sz\u00e1r\u00edtand\u00f3<\/h3>\n<\/li>\n<\/ul>\n<div id=\"themify_builder_content-13481\" data-postid=\"13481\" class=\"themify_builder_content themify_builder_content-13481 themify_builder\">\n    <\/div>\n<!-- \/themify_builder_content -->","protected":false},"excerpt":{"rendered":"<h3><strong>Kisz\u00far\u00f3 m\u00e9rete:<\/strong><\/h3>\n<ul>\n<li>\n<h3>sz\u00e9less\u00e9g: \u00a0 \u00a0 70 mm<\/h3>\n<\/li>\n<li>\n<h3>magass\u00e1g: \u00a0 \u00a080 mm<\/h3>\n<\/li>\n<\/ul>\n","protected":false},"featured_media":13484,"comment_status":"open","ping_status":"closed","template":"","meta":[],"builder_content":"","_links":{"self":[{"href":"https:\/\/jhcakes.com\/shop\/wp-json\/wp\/v2\/product\/13481"}],"collection":[{"href":"https:\/\/jhcakes.com\/shop\/wp-json\/wp\/v2\/product"}],"about":[{"href":"https:\/\/jhcakes.com\/shop\/wp-json\/wp\/v2\/types\/product"}],"replies":[{"embeddable":true,"href":"https:\/\/jhcakes.com\/shop\/wp-json\/wp\/v2\/comments?post=13481"}],"wp:featuredmedia":[{"embeddable":true,"href":"https:\/\/jhcakes.com\/shop\/wp-json\/wp\/v2\/media\/13484"}],"wp:attachment":[{"href":"https:\/\/jhcakes.com\/shop\/wp-json\/wp\/v2\/media?parent=13481"}],"curies":[{"name":"wp","href":"https:\/\/api.w.org\/{rel}","templated":true}]}}