{"id":13284,"date":"2019-09-18T16:08:58","date_gmt":"2019-09-18T14:08:58","guid":{"rendered":"https:\/\/jhcakes.com\/shop\/?post_type=product&#038;p=13284"},"modified":"2022-12-29T21:10:47","modified_gmt":"2022-12-29T20:10:47","slug":"piros-eheto-csillampor","status":"publish","type":"product","link":"https:\/\/jhcakes.com\/shop\/termek\/piros-eheto-csillampor\/","title":{"rendered":"Igazi piros ehet\u0151 csill\u00e1mpor"},"content":{"rendered":"<h3 style=\"text-align: justify;\"><strong><span style=\"color: #ec008c;\">Igazi piros sz\u00edn\u0171 ehet\u0151 csill\u00e1mpor\u00a0<\/span><\/strong>&#8211; gy\u00f6ny\u00f6r\u0171en csillog\u00f3, figyelemfelkelt\u0151, ehet\u0151 sz\u00f3rat az angliai Rainbow Dust-t\u00f3l.<\/h3>\n<h3><\/h3>\n<p>&nbsp;<\/p>\n<h3><strong>Tudnival\u00f3k ehet\u0151 csill\u00e1mporainkr\u00f3l:<\/strong><\/h3>\n<ul>\n<li>\n<h3>csill\u00e1mporaink nagyon finom szemcs\u00e9s, sz\u00ednes sz\u00f3ratok, melyet sz\u00e1raz ecsettel sz\u00f3rhatunk fel legegyszer\u0171bben a k\u00edv\u00e1nt fel\u00fcletre<\/h3>\n<\/li>\n<li>\n<h3>nagyon kis mennyis\u00e9g\u0171 csill\u00e1mpor is csod\u00e1s eredm\u00e9nyt kelt<\/h3>\n<\/li>\n<li>\n<h3>minden \u00e9tkez\u00e9sre sz\u00e1nt k\u00e9sz\u00edtm\u00e9nyre haszn\u00e1lhat\u00f3k<\/h3>\n<\/li>\n<li>\n<h3>szavatoss\u00e1gi id\u0151vel ell\u00e1tottak<\/h3>\n<\/li>\n<li>\n<h3>kellemesen csillognak &#8211; csillog\u00e1suk a <strong><span style=\"color: #339966;\"><a style=\"color: #1ba6b4;\" href=\"https:\/\/jhcakes.com\/shop\/termekkategoria\/festekek-ecsetek\/csillogo-csillamporok\/hobbi-csillamporok\/\" target=\"_blank\" rel=\"noopener noreferrer\">hobbi csill\u00e1mporokhoz<\/a><\/span><\/strong> k\u00e9pest kev\u00e9sb\u00e9 intenz\u00edv<\/h3>\n<\/li>\n<\/ul>\n<h3><strong>Mire haszn\u00e1lhatjuk az ehet\u0151 csill\u00e1mporokat?<\/strong><\/h3>\n<ul>\n<li>\n<h3>ehet\u0151 m\u00e9zesek d\u00edsz\u00edt\u00e9s\u00e9re<\/h3>\n<\/li>\n<li>\n<h3>ehet\u0151 cukorkompoz\u00edci\u00f3k d\u00edsz\u00edt\u00e9s\u00e9re<\/h3>\n<\/li>\n<li>\n<h3>tortadekor\u00e1l\u00e1sra<\/h3>\n<\/li>\n<\/ul>\n<h3><strong>Csill\u00e1mporok felvitele:<\/strong><\/h3>\n<ul>\n<li>\n<h3>glaz\u00farra: miel\u0151tt a glaz\u00far megkem\u00e9nyedne, sz\u00f3rjuk r\u00e1 a csill\u00e1mport<\/h3>\n<\/li>\n<li>\n<h3>cukorvir\u00e1gokra, fondantra, marcip\u00e1nra &#8211; \u00e9l\u00e9nk, l\u00e1tv\u00e1nyos mennyis\u00e9g\u0171 d\u00edsz\u00edt\u00e9s eset\u00e9n: ehet\u0151 ragaszt\u00f3val kenj\u00fck be a k\u00edv\u00e1nt fel\u00fcletet, majd sz\u00f3rjuk meg csill\u00e1mporral<\/h3>\n<\/li>\n<li>\n<h3>cukorvir\u00e1gokra, fondantra, marcip\u00e1nra &#8211; itt-ott megcsillan\u00f3 d\u00edsz\u00edt\u00e9s eset\u00e9n: sz\u00e1raz kis ecsettel vigy\u00fck fel a a k\u00edv\u00e1nt mennyis\u00e9get a fel\u00fcletre<\/h3>\n<\/li>\n<\/ul>\n<h3><strong>\u00d6sszetev\u0151k:<\/strong><\/h3>\n<ul>\n<li>\n<h3>gumi arabikum, tart\u00f3s\u00edt\u00f3szer: k\u00e1lium-szorb\u00e1t<\/h3>\n<\/li>\n<li>\n<h3>sz\u00ednez\u00e9kek: E124, E171 &#8211; E124 k\u00e1ros hat\u00e1ssal lehet gyerekekre<\/h3>\n<\/li>\n<\/ul>\n<h3><strong>Lej\u00e1rati id\u0151:<\/strong><\/h3>\n<ul>\n<li>\n<h3>2023. december 31.<\/h3>\n<\/li>\n<\/ul>\n<h3><strong>Nett\u00f3 s\u00faly:<\/strong><\/h3>\n<ul>\n<li>\n<h3>5 gramm<\/h3>\n<\/li>\n<\/ul>\n<div id=\"themify_builder_content-13284\" data-postid=\"13284\" class=\"themify_builder_content themify_builder_content-13284 themify_builder\">\n    <\/div>\n<!-- \/themify_builder_content -->","protected":false},"excerpt":{"rendered":"<p>Igazi piros sz\u00edn\u0171 ehet\u0151 csill\u00e1mpor\u00a0&#8211; gy\u00f6ny\u00f6r\u0171en csillog\u00f3, figyelemfelkelt\u0151, ehet\u0151 sz\u00f3rat az angliai Rainbow Dust-t\u00f3l. &nbsp; Tudnival\u00f3k ehet\u0151 csill\u00e1mporainkr\u00f3l: csill\u00e1mporaink nagyon finom szemcs\u00e9s, sz\u00ednes sz\u00f3ratok, melyet sz\u00e1raz ecsettel sz\u00f3rhatunk fel legegyszer\u0171bben a k\u00edv\u00e1nt fel\u00fcletre nagyon kis mennyis\u00e9g\u0171 csill\u00e1mpor is csod\u00e1s eredm\u00e9nyt kelt minden \u00e9tkez\u00e9sre sz\u00e1nt k\u00e9sz\u00edtm\u00e9nyre haszn\u00e1lhat\u00f3k szavatoss\u00e1gi id\u0151vel ell\u00e1tottak kellemesen csillognak &#8211; csillog\u00e1suk a hobbi [&hellip;]<\/p>\n","protected":false},"featured_media":13285,"comment_status":"closed","ping_status":"closed","template":"","meta":[],"builder_content":"","_links":{"self":[{"href":"https:\/\/jhcakes.com\/shop\/wp-json\/wp\/v2\/product\/13284"}],"collection":[{"href":"https:\/\/jhcakes.com\/shop\/wp-json\/wp\/v2\/product"}],"about":[{"href":"https:\/\/jhcakes.com\/shop\/wp-json\/wp\/v2\/types\/product"}],"replies":[{"embeddable":true,"href":"https:\/\/jhcakes.com\/shop\/wp-json\/wp\/v2\/comments?post=13284"}],"wp:featuredmedia":[{"embeddable":true,"href":"https:\/\/jhcakes.com\/shop\/wp-json\/wp\/v2\/media\/13285"}],"wp:attachment":[{"href":"https:\/\/jhcakes.com\/shop\/wp-json\/wp\/v2\/media?parent=13284"}],"curies":[{"name":"wp","href":"https:\/\/api.w.org\/{rel}","templated":true}]}}