{"id":13248,"date":"2019-09-18T10:11:14","date_gmt":"2019-09-18T08:11:14","guid":{"rendered":"https:\/\/jhcakes.com\/shop\/?post_type=product&#038;p=13248"},"modified":"2022-06-24T22:03:26","modified_gmt":"2022-06-24T20:03:26","slug":"5-darabos-csillag-kiszuroszett","status":"publish","type":"product","link":"https:\/\/jhcakes.com\/shop\/termek\/5-darabos-csillag-kiszuroszett\/","title":{"rendered":"5 darabos csillag kisz\u00far\u00f3szett"},"content":{"rendered":"<h3><span style=\"color: #ec008c;\"><strong>5 darabos, csillag alak\u00fa, m\u0171anyag kisz\u00far\u00f3szett<\/strong><\/span>\u00a0minden alkalomra. K\u00f6nny\u0171 t\u00e1rol\u00e1s c\u00e9lj\u00e1b\u00f3l, a szetthez m\u0171anyag tart\u00f3doboz is tartozik.\u00a0A szett 36 mm-es m\u00e9rett\u0151l indul.<\/h3>\n<p>&nbsp;<\/p>\n<h3><strong>Mihez aj\u00e1nljuk a kisz\u00far\u00f3szettet?<\/strong><\/h3>\n<ul>\n<li>\n<h3>m\u00e9zes \u00e9s egy\u00e9b t\u00e9sztaf\u00e9l\u00e9khez<\/h3>\n<\/li>\n<li>\n<h3>fondant, cukormassza \u00e9s marcip\u00e1n form\u00e1k kisz\u00far\u00e1s\u00e1hoz<\/h3>\n<\/li>\n<\/ul>\n<h3><strong>Alapanyag:<\/strong><\/h3>\n<ul>\n<li>\n<h3>sz\u00ednes m\u0171anyag, haszn\u00e1latkor formatart\u00f3 marad<\/h3>\n<\/li>\n<\/ul>\n<h3 id=\"tab-description\"><strong>Kezel\u00e9si \u00fatmutat\u00f3:<\/strong><\/h3>\n<ul>\n<li>\n<h3>k\u00e9zzel moshat\u00f3, leveg\u0151n sz\u00e1r\u00edtand\u00f3<\/h3>\n<\/li>\n<\/ul>\n<div id=\"themify_builder_content-13248\" data-postid=\"13248\" class=\"themify_builder_content themify_builder_content-13248 themify_builder\">\n    <\/div>\n<!-- \/themify_builder_content -->","protected":false},"excerpt":{"rendered":"<h3><strong>Kisz\u00far\u00f3k m\u00e9rete:<\/strong><\/h3>\n<ul>\n<li>\n<h3>36, 53, 65, 80, 95 mm<\/h3>\n<\/li>\n<\/ul>\n","protected":false},"featured_media":13249,"comment_status":"closed","ping_status":"closed","template":"","meta":[],"builder_content":"","_links":{"self":[{"href":"https:\/\/jhcakes.com\/shop\/wp-json\/wp\/v2\/product\/13248"}],"collection":[{"href":"https:\/\/jhcakes.com\/shop\/wp-json\/wp\/v2\/product"}],"about":[{"href":"https:\/\/jhcakes.com\/shop\/wp-json\/wp\/v2\/types\/product"}],"replies":[{"embeddable":true,"href":"https:\/\/jhcakes.com\/shop\/wp-json\/wp\/v2\/comments?post=13248"}],"wp:featuredmedia":[{"embeddable":true,"href":"https:\/\/jhcakes.com\/shop\/wp-json\/wp\/v2\/media\/13249"}],"wp:attachment":[{"href":"https:\/\/jhcakes.com\/shop\/wp-json\/wp\/v2\/media?parent=13248"}],"curies":[{"name":"wp","href":"https:\/\/api.w.org\/{rel}","templated":true}]}}