{"id":13245,"date":"2019-09-17T21:57:24","date_gmt":"2019-09-17T19:57:24","guid":{"rendered":"https:\/\/jhcakes.com\/shop\/?post_type=product&#038;p=13245"},"modified":"2024-10-21T19:48:11","modified_gmt":"2024-10-21T17:48:11","slug":"valentin-csupasziv-konfettimix","status":"publish","type":"product","link":"https:\/\/jhcakes.com\/shop\/termek\/valentin-csupasziv-konfettimix\/","title":{"rendered":"Valentin csupasz\u00edv konfettimix"},"content":{"rendered":"<h3 style=\"text-align: justify;\"><strong><span style=\"color: #ec008c;\">Valentin csupasz\u00edv konfettimix<\/span><\/strong>\u00a0&#8211; sokf\u00e9le ehet\u0151 dekor\u00e1ci\u00f3s cukorka egy csomagban. A konfettimixet cukorb\u00f3l k\u00e9sz\u00fclt ny\u00edlt sz\u00edvek, gy\u00f6ngyh\u00e1z sz\u00edvek, matt sz\u00edvek, mim\u00f3z\u00e1k, gy\u00f6ngyh\u00e1zf\u00e9ny\u0171 cukorgy\u00f6ngy\u00f6k alkotj\u00e1k, feh\u00e9r \u00e9s a r\u00f3zsasz\u00edn sokf\u00e9le \u00e1rnyalat\u00e1ban. Kiv\u00e1l\u00f3 v\u00e1laszt\u00e1s esk\u00fcv\u0151i, valentin-napi, sz\u00fclinapi kupactort\u00e1k \u00e9s m\u00e9zesek d\u00edsz\u00edt\u00e9s\u00e9re.<\/h3>\n<p>&nbsp;<\/p>\n<h3><strong>\u00d6sszetev\u0151k:<\/strong><\/h3>\n<ul>\n<li>\n<h3>cukor, dextr\u00f3z, rizsliszt, gl\u00fck\u00f3zszirup, repceolaj, repcezs\u00edr, hidrog\u00e9nezett repceolaj, s\u0171r\u00edt\u0151anyagok: E413, E414, \u00e9desburgonya-, alma-, retek-, cseresznye-, f\u00f6ldiszeder-, c\u00e9kla-koncentr\u00e1tum, van\u00edlia, s\u00f3,\u00a0savszab\u00e1lyz\u00f3: E330, \u00edzes\u00edt\u0151 &#8211;\u00a0nyomokban tartalmazhat mogyor\u00f3t, sz\u00f3j\u00e1t, tejet<\/h3>\n<\/li>\n<li>\n<h3>sz\u00ednez\u00e9kek: E120, E160a, E903, E904<\/h3>\n<\/li>\n<\/ul>\n<h3><strong>T\u00e1rol\u00e1si javaslat:<\/strong><\/h3>\n<ul>\n<li>\n<h3>alacsony p\u00e1ratartalommal rendelkez\u0151, sz\u00e1raz, h\u0171v\u00f6s helyen t\u00e1roland\u00f3<\/h3>\n<\/li>\n<\/ul>\n<h3><strong>Lej\u00e1rati id\u0151:<\/strong><\/h3>\n<ul>\n<li>\n<h3>2026. november 30.<\/h3>\n<\/li>\n<\/ul>\n<h3><strong>Nett\u00f3 s\u00faly:<\/strong><\/h3>\n<ul>\n<li>\n<h3>30 gramm<\/h3>\n<\/li>\n<\/ul>\n<div id=\"themify_builder_content-13245\" data-postid=\"13245\" class=\"themify_builder_content themify_builder_content-13245 themify_builder\">\n    <\/div>\n<!-- \/themify_builder_content -->","protected":false},"excerpt":{"rendered":"<p>Valentin csupasz\u00edv konfettimix\u00a0&#8211; sokf\u00e9le ehet\u0151 dekor\u00e1ci\u00f3s cukorka egy csomagban. A konfettimixet cukorb\u00f3l k\u00e9sz\u00fclt ny\u00edlt sz\u00edvek, gy\u00f6ngyh\u00e1z sz\u00edvek, matt sz\u00edvek, mim\u00f3z\u00e1k, gy\u00f6ngyh\u00e1zf\u00e9ny\u0171 cukorgy\u00f6ngy\u00f6k alkotj\u00e1k, feh\u00e9r \u00e9s a r\u00f3zsasz\u00edn sokf\u00e9le \u00e1rnyalat\u00e1ban. Kiv\u00e1l\u00f3 v\u00e1laszt\u00e1s esk\u00fcv\u0151i, valentin-napi, sz\u00fclinapi kupactort\u00e1k \u00e9s m\u00e9zesek d\u00edsz\u00edt\u00e9s\u00e9re. &nbsp; \u00d6sszetev\u0151k: cukor, dextr\u00f3z, rizsliszt, gl\u00fck\u00f3zszirup, repceolaj, repcezs\u00edr, hidrog\u00e9nezett repceolaj, s\u0171r\u00edt\u0151anyagok: E413, E414, \u00e9desburgonya-, alma-, retek-, cseresznye-, [&hellip;]<\/p>\n","protected":false},"featured_media":13246,"comment_status":"closed","ping_status":"closed","template":"","meta":[],"builder_content":"","_links":{"self":[{"href":"https:\/\/jhcakes.com\/shop\/wp-json\/wp\/v2\/product\/13245"}],"collection":[{"href":"https:\/\/jhcakes.com\/shop\/wp-json\/wp\/v2\/product"}],"about":[{"href":"https:\/\/jhcakes.com\/shop\/wp-json\/wp\/v2\/types\/product"}],"replies":[{"embeddable":true,"href":"https:\/\/jhcakes.com\/shop\/wp-json\/wp\/v2\/comments?post=13245"}],"wp:featuredmedia":[{"embeddable":true,"href":"https:\/\/jhcakes.com\/shop\/wp-json\/wp\/v2\/media\/13246"}],"wp:attachment":[{"href":"https:\/\/jhcakes.com\/shop\/wp-json\/wp\/v2\/media?parent=13245"}],"curies":[{"name":"wp","href":"https:\/\/api.w.org\/{rel}","templated":true}]}}