{"id":13237,"date":"2019-09-17T15:54:55","date_gmt":"2019-09-17T13:54:55","guid":{"rendered":"https:\/\/jhcakes.com\/shop\/?post_type=product&#038;p=13237"},"modified":"2024-10-21T19:27:46","modified_gmt":"2024-10-21T17:27:46","slug":"kek-babas-konfettimix","status":"publish","type":"product","link":"https:\/\/jhcakes.com\/shop\/termek\/kek-babas-konfettimix\/","title":{"rendered":"K\u00e9k bab\u00e1s konfettimix"},"content":{"rendered":"<h3 style=\"text-align: justify;\"><strong><span style=\"color: #ec008c;\">K\u00e9k bab\u00e1s konfettimix<\/span><\/strong>\u00a0&#8211; sokf\u00e9le ehet\u0151 dekor\u00e1ci\u00f3s cukorka egy csomagban. A konfettimixet cukorb\u00f3l k\u00e9sz\u00fclt babatalpak, cumis\u00fcvekek, hintalovak, r\u00e9klik, nagy m\u00e9ret\u0171 csillog\u00f3 konfettikorongok, mim\u00f3z\u00e1k \u00e9s cukorgy\u00f6ngy\u00f6k alkotj\u00e1k, babak\u00e9k \u00e9s feh\u00e9r sz\u00ednekben. Kiv\u00e1l\u00f3 v\u00e1laszt\u00e1s babav\u00e1r\u00f3 vagy keresztel\u0151s kupactort\u00e1k \u00e9s m\u00e9zesek d\u00edsz\u00edt\u00e9s\u00e9re.<\/h3>\n<p>&nbsp;<\/p>\n<h3><strong>\u00d6sszetev\u0151k:<\/strong><\/h3>\n<ul>\n<li>\n<h3>alapanyagok: cukor, rizsliszt, repceolaj, dextr\u00f3z, gluk\u00f3z szirup, s\u0171r\u00edt\u0151: E413, szpirulina- \u00a0\u00e9s almakoncentr\u00e1tum, \u00edzes\u00edt\u0151, f\u00e9nyez\u0151anyag: E904,\u00a0s\u00f3, k\u00f3kusz- \u00e9s repceolaj, sav-szab\u00e1lyz\u00f3: E330<\/h3>\n<\/li>\n<li>\n<h3>sz\u00ednez\u00e9kek: E132, E171<\/h3>\n<\/li>\n<\/ul>\n<h3><strong>T\u00e1rol\u00e1si javaslat:<\/strong><\/h3>\n<ul>\n<li>\n<h3>alacsony p\u00e1ratartalommal rendelkez\u0151, sz\u00e1raz, h\u0171v\u00f6s helyen t\u00e1roland\u00f3<\/h3>\n<\/li>\n<\/ul>\n<h3><strong>Lej\u00e1rati id\u0151:<\/strong><\/h3>\n<ul>\n<li>\n<h3>2026. j\u00falius 31.<\/h3>\n<\/li>\n<\/ul>\n<h3><strong>Nett\u00f3 s\u00faly:<\/strong><\/h3>\n<ul>\n<li>\n<h3>45 gramm<\/h3>\n<\/li>\n<\/ul>\n<div id=\"themify_builder_content-13237\" data-postid=\"13237\" class=\"themify_builder_content themify_builder_content-13237 themify_builder\">\n    <\/div>\n<!-- \/themify_builder_content -->","protected":false},"excerpt":{"rendered":"<p>K\u00e9k bab\u00e1s konfettimix\u00a0&#8211; sokf\u00e9le ehet\u0151 dekor\u00e1ci\u00f3s cukorka egy csomagban. A konfettimixet cukorb\u00f3l k\u00e9sz\u00fclt babatalpak, cumis\u00fcvekek, hintalovak, r\u00e9klik, nagy m\u00e9ret\u0171 csillog\u00f3 konfettikorongok, mim\u00f3z\u00e1k \u00e9s cukorgy\u00f6ngy\u00f6k alkotj\u00e1k, babak\u00e9k \u00e9s feh\u00e9r sz\u00ednekben. Kiv\u00e1l\u00f3 v\u00e1laszt\u00e1s babav\u00e1r\u00f3 vagy keresztel\u0151s kupactort\u00e1k \u00e9s m\u00e9zesek d\u00edsz\u00edt\u00e9s\u00e9re. &nbsp; \u00d6sszetev\u0151k: alapanyagok: cukor, rizsliszt, repceolaj, dextr\u00f3z, gluk\u00f3z szirup, s\u0171r\u00edt\u0151: E413, szpirulina- \u00a0\u00e9s almakoncentr\u00e1tum, \u00edzes\u00edt\u0151, f\u00e9nyez\u0151anyag: E904,\u00a0s\u00f3, [&hellip;]<\/p>\n","protected":false},"featured_media":13231,"comment_status":"closed","ping_status":"closed","template":"","meta":[],"builder_content":"","_links":{"self":[{"href":"https:\/\/jhcakes.com\/shop\/wp-json\/wp\/v2\/product\/13237"}],"collection":[{"href":"https:\/\/jhcakes.com\/shop\/wp-json\/wp\/v2\/product"}],"about":[{"href":"https:\/\/jhcakes.com\/shop\/wp-json\/wp\/v2\/types\/product"}],"replies":[{"embeddable":true,"href":"https:\/\/jhcakes.com\/shop\/wp-json\/wp\/v2\/comments?post=13237"}],"wp:featuredmedia":[{"embeddable":true,"href":"https:\/\/jhcakes.com\/shop\/wp-json\/wp\/v2\/media\/13231"}],"wp:attachment":[{"href":"https:\/\/jhcakes.com\/shop\/wp-json\/wp\/v2\/media?parent=13237"}],"curies":[{"name":"wp","href":"https:\/\/api.w.org\/{rel}","templated":true}]}}