{"id":13223,"date":"2019-09-17T14:31:16","date_gmt":"2019-09-17T12:31:16","guid":{"rendered":"https:\/\/jhcakes.com\/shop\/?post_type=product&#038;p=13223"},"modified":"2025-09-01T21:55:10","modified_gmt":"2025-09-01T19:55:10","slug":"szerelem-szorocukorkamix","status":"publish","type":"product","link":"https:\/\/jhcakes.com\/shop\/termek\/szerelem-szorocukorkamix\/","title":{"rendered":"Szerelem matt sz\u00f3r\u00f3cukorkamix"},"content":{"rendered":"<h3><strong><span style=\"color: #ec008c;\">Matt, szerelem sz\u00f3r\u00f3cukorkamix\u00fcnk\u00a0<\/span><\/strong>ak\u00e1r a legkisebb m\u00e9zesek, apr\u00f3s\u00fctik \u00e9s cupcake-ek d\u00edsz\u00edt\u00e9s\u00e9re is kiv\u00e1l\u00f3an alkalmas. Term\u00e9szetesen kiv\u00e1l\u00f3an mutat tort\u00e1kon is:). A sz\u00f3r\u00f3cukorkamix feh\u00e9r, babapink, s\u00f6t\u00e9tpink \u00e9s piros cukrokat tartalmaz.<\/h3>\n<p>&nbsp;<\/p>\n<h3><strong>\u00d6sszetev\u0151k:<\/strong><\/h3>\n<ul>\n<li>\n<h3>cukor, b\u00faza- \u00e9s kukoricakem\u00e9ny\u00edt\u0151, gl\u00fck\u00f3zszirup, alma-, f\u00f6ldiszeder-, retek- \u00e9s citromkoncentr\u00e1tum, k\u00f3kusz- \u00e9s repceolaj, f\u00e9nyez\u0151anyagok: E901, E903<\/h3>\n<\/li>\n<\/ul>\n<h3><strong>T\u00e1rol\u00e1si javaslat:<\/strong><\/h3>\n<ul>\n<li>\n<h3>alacsony p\u00e1ratartalommal rendelkez\u0151, sz\u00e1raz, h\u0171v\u00f6s helyen t\u00e1roland\u00f3<\/h3>\n<\/li>\n<\/ul>\n<h3><strong>Lej\u00e1rati id\u0151:<\/strong><\/h3>\n<ul>\n<li>\n<h3>2027. j\u00falius 31.<\/h3>\n<\/li>\n<\/ul>\n<h3><strong>Nett\u00f3 s\u00faly:<\/strong><\/h3>\n<ul>\n<li>\n<h3>50 gramm<\/h3>\n<\/li>\n<\/ul>\n<div id=\"themify_builder_content-13223\" data-postid=\"13223\" class=\"themify_builder_content themify_builder_content-13223 themify_builder\">\n    <\/div>\n<!-- \/themify_builder_content -->","protected":false},"excerpt":{"rendered":"<h3><strong>Cukorszemek m\u00e9rete:<\/strong><\/h3>\n<ul>\n<li>\n<h3>kb 1 mm<\/h3>\n<\/li>\n<\/ul>\n","protected":false},"featured_media":13224,"comment_status":"open","ping_status":"closed","template":"","meta":[],"builder_content":"","_links":{"self":[{"href":"https:\/\/jhcakes.com\/shop\/wp-json\/wp\/v2\/product\/13223"}],"collection":[{"href":"https:\/\/jhcakes.com\/shop\/wp-json\/wp\/v2\/product"}],"about":[{"href":"https:\/\/jhcakes.com\/shop\/wp-json\/wp\/v2\/types\/product"}],"replies":[{"embeddable":true,"href":"https:\/\/jhcakes.com\/shop\/wp-json\/wp\/v2\/comments?post=13223"}],"wp:featuredmedia":[{"embeddable":true,"href":"https:\/\/jhcakes.com\/shop\/wp-json\/wp\/v2\/media\/13224"}],"wp:attachment":[{"href":"https:\/\/jhcakes.com\/shop\/wp-json\/wp\/v2\/media?parent=13223"}],"curies":[{"name":"wp","href":"https:\/\/api.w.org\/{rel}","templated":true}]}}