{"id":13196,"date":"2019-09-14T18:42:25","date_gmt":"2019-09-14T16:42:25","guid":{"rendered":"https:\/\/jhcakes.com\/shop\/?post_type=product&#038;p=13196"},"modified":"2025-12-16T11:01:59","modified_gmt":"2025-12-16T10:01:59","slug":"matt-ejfekete-szorocukorka","status":"publish","type":"product","link":"https:\/\/jhcakes.com\/shop\/termek\/matt-ejfekete-szorocukorka\/","title":{"rendered":"Matt \u00e9jfekete sz\u00f3r\u00f3cukorka"},"content":{"rendered":"<h3 style=\"text-align: justify;\"><strong><span style=\"color: #ec008c;\">Matt, \u00e9jfekete sz\u00f3r\u00f3cukork\u00e1k\u00a0<\/span><\/strong>a legkisebb m\u00e9zesek, apr\u00f3s\u00fctik, cupcake-ek d\u00edsz\u00edt\u00e9s\u00e9re is kiv\u00e1l\u00f3an alkalmasak. Term\u00e9szetesen tort\u00e1kon is remek\u00fcl mutatnak:).<\/h3>\n<p>&nbsp;<\/p>\n<h3><strong>\u00d6sszetev\u0151k:<\/strong><\/h3>\n<ul>\n<li>\n<h3>cukor,\u00a0gluk\u00f3zszirup,\u00a0citromsav, karnauba viasz<\/h3>\n<\/li>\n<li>\n<h3>sz\u00ednez\u0151: E153<\/h3>\n<\/li>\n<\/ul>\n<h3><strong>T\u00e1rol\u00e1si javaslat:<\/strong><\/h3>\n<ul>\n<li>\n<h3>alacsony p\u00e1ratartalommal rendelkez\u0151, sz\u00e1raz, h\u0171v\u00f6s helyen t\u00e1roland\u00f3<\/h3>\n<\/li>\n<\/ul>\n<h3><strong>Lej\u00e1rati id\u0151:<\/strong><\/h3>\n<ul>\n<li>\n<h3>2026. december 31.<\/h3>\n<\/li>\n<\/ul>\n<h3><strong>Nett\u00f3 s\u00faly:<\/strong><\/h3>\n<ul>\n<li>\n<h3>\u00a050 gramm<\/h3>\n<\/li>\n<\/ul>\n<div id=\"themify_builder_content-13196\" data-postid=\"13196\" class=\"themify_builder_content themify_builder_content-13196 themify_builder\">\n    <\/div>\n<!-- \/themify_builder_content -->","protected":false},"excerpt":{"rendered":"<h3><strong>Cukorszemek m\u00e9rete:<\/strong><\/h3>\n<ul>\n<li>\n<h3>kb 1 mm<\/h3>\n<\/li>\n<\/ul>\n","protected":false},"featured_media":12192,"comment_status":"open","ping_status":"closed","template":"","meta":[],"builder_content":"","_links":{"self":[{"href":"https:\/\/jhcakes.com\/shop\/wp-json\/wp\/v2\/product\/13196"}],"collection":[{"href":"https:\/\/jhcakes.com\/shop\/wp-json\/wp\/v2\/product"}],"about":[{"href":"https:\/\/jhcakes.com\/shop\/wp-json\/wp\/v2\/types\/product"}],"replies":[{"embeddable":true,"href":"https:\/\/jhcakes.com\/shop\/wp-json\/wp\/v2\/comments?post=13196"}],"wp:featuredmedia":[{"embeddable":true,"href":"https:\/\/jhcakes.com\/shop\/wp-json\/wp\/v2\/media\/12192"}],"wp:attachment":[{"href":"https:\/\/jhcakes.com\/shop\/wp-json\/wp\/v2\/media?parent=13196"}],"curies":[{"name":"wp","href":"https:\/\/api.w.org\/{rel}","templated":true}]}}