{"id":12994,"date":"2019-08-27T19:35:35","date_gmt":"2019-08-27T17:35:35","guid":{"rendered":"https:\/\/jhcakes.com\/shop\/?post_type=product&#038;p=12994"},"modified":"2024-12-12T11:06:16","modified_gmt":"2024-12-12T10:06:16","slug":"teherauto-fenyofaval-kiszuro","status":"publish","type":"product","link":"https:\/\/jhcakes.com\/shop\/termek\/teherauto-fenyofaval-kiszuro\/","title":{"rendered":"Teheraut\u00f3 feny\u0151f\u00e1val kisz\u00far\u00f3"},"content":{"rendered":"<h3><strong><span style=\"color: #ec008c;\">Teheraut\u00f3 feny\u0151f\u00e1val kisz\u00far\u00f3<\/span>\u00a0<\/strong><span style=\"color: #878787;\">a t\u00e9li \u00fcnnepekre.<\/span><span style=\"color: #878787;\">\u00a0<\/span><\/h3>\n<p>&nbsp;<\/p>\n<h3><span style=\"color: #878787;\"><strong>Mihez aj\u00e1nljuk a kisz\u00far\u00f3t?<\/strong><\/span><\/h3>\n<ul>\n<li>\n<h3><span style=\"color: #878787;\">m\u00e9zes \u00e9s egy\u00e9b t\u00e9sztaf\u00e9l\u00e9khez<\/span><\/h3>\n<\/li>\n<li>\n<h3><span style=\"color: #878787;\">fondant, cukormassza \u00e9s marcip\u00e1n form\u00e1k kisz\u00far\u00e1s\u00e1hoz<\/span><\/h3>\n<\/li>\n<\/ul>\n<h3><span style=\"color: #878787;\"><strong>Alapanyag:<\/strong><\/span><\/h3>\n<ul>\n<li>\n<h3><span style=\"color: #878787;\">\u00f3nozott lemez, haszn\u00e1latkor formatart\u00f3 marad<\/span><\/h3>\n<\/li>\n<\/ul>\n<h3 id=\"tab-description\"><span style=\"color: #878787;\"><strong>Kezel\u00e9si \u00fatmutat\u00f3:<\/strong><\/span><\/h3>\n<ul>\n<li>\n<h3><span style=\"color: #878787;\">k\u00e9zzel moshat\u00f3, leveg\u0151n sz\u00e1r\u00edtand\u00f3<\/span><\/h3>\n<\/li>\n<\/ul>\n<div id=\"themify_builder_content-12994\" data-postid=\"12994\" class=\"themify_builder_content themify_builder_content-12994 themify_builder\">\n    <\/div>\n<!-- \/themify_builder_content -->","protected":false},"excerpt":{"rendered":"<h3><strong>Kisz\u00far\u00f3 m\u00e9rete:<\/strong><\/h3>\n<ul>\n<li>\n<h3>sz\u00e9less\u00e9g: \u00a0 \u00a0 122 mm<\/h3>\n<\/li>\n<li>\n<h3>magass\u00e1g: \u00a0 \u00a0 75 mm<\/h3>\n<\/li>\n<\/ul>\n","protected":false},"featured_media":12996,"comment_status":"closed","ping_status":"closed","template":"","meta":[],"builder_content":"","_links":{"self":[{"href":"https:\/\/jhcakes.com\/shop\/wp-json\/wp\/v2\/product\/12994"}],"collection":[{"href":"https:\/\/jhcakes.com\/shop\/wp-json\/wp\/v2\/product"}],"about":[{"href":"https:\/\/jhcakes.com\/shop\/wp-json\/wp\/v2\/types\/product"}],"replies":[{"embeddable":true,"href":"https:\/\/jhcakes.com\/shop\/wp-json\/wp\/v2\/comments?post=12994"}],"wp:featuredmedia":[{"embeddable":true,"href":"https:\/\/jhcakes.com\/shop\/wp-json\/wp\/v2\/media\/12996"}],"wp:attachment":[{"href":"https:\/\/jhcakes.com\/shop\/wp-json\/wp\/v2\/media?parent=12994"}],"curies":[{"name":"wp","href":"https:\/\/api.w.org\/{rel}","templated":true}]}}