{"id":12969,"date":"2019-08-27T13:21:58","date_gmt":"2019-08-27T11:21:58","guid":{"rendered":"https:\/\/jhcakes.com\/shop\/?post_type=product&#038;p=12969"},"modified":"2025-05-18T12:40:49","modified_gmt":"2025-05-18T10:40:49","slug":"muanyag-habzsakcsatt","status":"publish","type":"product","link":"https:\/\/jhcakes.com\/shop\/termek\/muanyag-habzsakcsatt\/","title":{"rendered":"M\u0171anyag habzs\u00e1kcsat"},"content":{"rendered":"<h3 style=\"text-align: justify;\"><strong><span style=\"color: #ec008c;\">M\u0171anyag habzs\u00e1klez\u00e1r\u00f3 csat\u00a0<\/span><\/strong>habzs\u00e1kos dekor\u00e1l\u00e1s megk\u00f6nny\u00edt\u00e9s\u00e9hez. A csat haszn\u00e1lat\u00e1val biztosak lehet\u00fcnk abban, hogy a glaz\u00far vagy vajkr\u00e9m nem folyik majd ki a habzs\u00e1k tetej\u00e9n, \u00edgy\u00a0a dekor\u00e1ci\u00f3k elk\u00e9sz\u00edt\u00e9s\u00e9re\u00a0\u00f6sszpontos\u00edthatjuk figyelm\u00fcnket.<\/h3>\n<h3>A habzs\u00e1klez\u00e1r\u00f3 csat sz\u00e9p, \u00e9l\u00e9nk sz\u00edne miatt a fi\u00f3kban is k\u00f6nnyen megtal\u00e1lhat\u00f3, a t\u00f6bbi dekor\u00e1ci\u00f3s eszk\u00f6z k\u00f6z\u00f6tt:).<\/h3>\n<p>&nbsp;<\/p>\n<h3><strong>Mihez aj\u00e1nljuk a habzs\u00e1kcsatot?<\/strong><\/h3>\n<ul>\n<li>\n<h3>b\u00e1rmely m\u00e9ret\u0171 \u00e9s anyag\u00fa habzs\u00e1khoz<\/h3>\n<\/li>\n<\/ul>\n<h3><strong>Alapanyag:<\/strong><\/h3>\n<ul>\n<li>\n<h3>m\u0171anyag<\/h3>\n<\/li>\n<\/ul>\n<h3 id=\"tab-description\"><strong>Kezel\u00e9si \u00fatmutat\u00f3:<\/strong><\/h3>\n<ul>\n<li>\n<h3>k\u00e9zzel moshat\u00f3, leveg\u0151n sz\u00e1r\u00edtand\u00f3<\/h3>\n<\/li>\n<\/ul>\n<div id=\"themify_builder_content-12969\" data-postid=\"12969\" class=\"themify_builder_content themify_builder_content-12969 themify_builder\">\n    <\/div>\n<!-- \/themify_builder_content -->","protected":false},"excerpt":{"rendered":"<h3><strong>Habzs\u00e1kcsat m\u00e9rete:<\/strong><\/h3>\n<ul>\n<li>\n<h3>sz\u00e9less\u00e9g: \u00a0 \u00a0 \u00a0 \u00a0 13 mm<\/h3>\n<\/li>\n<li>\n<h3>hossz\u00fas\u00e1g: \u00a0 \u00a0100 mm<\/h3>\n<\/li>\n<\/ul>\n","protected":false},"featured_media":25603,"comment_status":"closed","ping_status":"closed","template":"","meta":[],"builder_content":"","_links":{"self":[{"href":"https:\/\/jhcakes.com\/shop\/wp-json\/wp\/v2\/product\/12969"}],"collection":[{"href":"https:\/\/jhcakes.com\/shop\/wp-json\/wp\/v2\/product"}],"about":[{"href":"https:\/\/jhcakes.com\/shop\/wp-json\/wp\/v2\/types\/product"}],"replies":[{"embeddable":true,"href":"https:\/\/jhcakes.com\/shop\/wp-json\/wp\/v2\/comments?post=12969"}],"wp:featuredmedia":[{"embeddable":true,"href":"https:\/\/jhcakes.com\/shop\/wp-json\/wp\/v2\/media\/25603"}],"wp:attachment":[{"href":"https:\/\/jhcakes.com\/shop\/wp-json\/wp\/v2\/media?parent=12969"}],"curies":[{"name":"wp","href":"https:\/\/api.w.org\/{rel}","templated":true}]}}