{"id":12757,"date":"2019-07-31T16:53:48","date_gmt":"2019-07-31T14:53:48","guid":{"rendered":"https:\/\/jhcakes.com\/shop\/?post_type=product&#038;p=12757"},"modified":"2025-09-20T16:55:34","modified_gmt":"2025-09-20T14:55:34","slug":"princess-konfettimix","status":"publish","type":"product","link":"https:\/\/jhcakes.com\/shop\/termek\/princess-konfettimix\/","title":{"rendered":"Princess konfettimix"},"content":{"rendered":"<h3 style=\"text-align: justify;\"><strong><span style=\"color: #ec008c;\">Princess konfettimix<\/span><\/strong>\u00a0&#8211; sokf\u00e9le csajszis sz\u00edn\u0171, ehet\u0151 dekor\u00e1ci\u00f3s cukorka, egy csomagban. Gy\u00f6ny\u00f6r\u0171 lila \u00e9s pink gy\u00f6ngyh\u00e1zf\u00e9ny\u0171 sz\u00f3r\u00f3cukork\u00e1k, pink koron\u00e1k, fukszia sz\u00edvek \u00e9s mim\u00f3z\u00e1k, ez\u00fcst roppan\u00f3s cukorgy\u00f6ngy\u00f6k \u00e9s csill\u00e1ml\u00f3 kerek konfettikorongok alkotj\u00e1k ezt a nagyon cuki konfettimixet. T\u00e9nyleg nagyon sz\u00e9p cukorkakever\u00e9k, kiv\u00e1l\u00f3 v\u00e1laszt\u00e1s kupactort\u00e1k \u00e9s m\u00e9zesek d\u00edsz\u00edt\u00e9s\u00e9re.<\/h3>\n<p>&nbsp;<\/p>\n<h3><strong>\u00d6sszetev\u0151k:<\/strong><\/h3>\n<ul>\n<li>\n<h3>cukor, dextr\u00f3z, rizsliszt, gluk\u00f3zszirup, repceolaj, repcezs\u00edr, hidrog\u00e9niz\u00e1lt repceolaj \u00e9s zs\u00edr,\u00a0\u00e9desburgonya-, alma-, retek-, cseresznye-, c\u00e9kla-, feketeribizli-, szpirul\u00edna-koncentr\u00e1tum,\u00a0s\u0171r\u00edt\u0151: E413, E414, b\u00faza- \u00e9s kukoricakem\u00e9ny\u00edt\u0151,\u00a0marhazselatin, invert\u00e1lt cukorszirup, maltodextrin, korpa (kukorica), s\u00f3,\u00a0savszab\u00e1lyz\u00f3: E330,\u00a0f\u00e9nyez\u0151anyagok: E903, E904. \u00a0Nyomokban tartalmazhat mogyor\u00f3t, sz\u00f3j\u00e1t, tejet, magokat.<\/h3>\n<\/li>\n<li>\n<h3>sz\u00ednez\u00e9kek: E120, E132, E174<\/h3>\n<\/li>\n<\/ul>\n<h3><strong>Lej\u00e1rati id\u0151:<\/strong><\/h3>\n<ul>\n<li>\n<h3>2027. november 15.<\/h3>\n<\/li>\n<\/ul>\n<h3><strong>Nett\u00f3 s\u00faly:<\/strong><\/h3>\n<ul>\n<li>\n<h3>30 gramm &#8211; kb egy maroknyi mennyis\u00e9g<\/h3>\n<\/li>\n<\/ul>\n<div id=\"themify_builder_content-12757\" data-postid=\"12757\" class=\"themify_builder_content themify_builder_content-12757 themify_builder\">\n    <\/div>\n<!-- \/themify_builder_content -->","protected":false},"excerpt":{"rendered":"<p>Princess konfettimix\u00a0&#8211; sokf\u00e9le csajszis sz\u00edn\u0171, ehet\u0151 dekor\u00e1ci\u00f3s cukorka, egy csomagban. Gy\u00f6ny\u00f6r\u0171 lila \u00e9s pink gy\u00f6ngyh\u00e1zf\u00e9ny\u0171 sz\u00f3r\u00f3cukork\u00e1k, pink koron\u00e1k, fukszia sz\u00edvek \u00e9s mim\u00f3z\u00e1k, ez\u00fcst roppan\u00f3s cukorgy\u00f6ngy\u00f6k \u00e9s csill\u00e1ml\u00f3 kerek konfettikorongok alkotj\u00e1k ezt a nagyon cuki konfettimixet. T\u00e9nyleg nagyon sz\u00e9p cukorkakever\u00e9k, kiv\u00e1l\u00f3 v\u00e1laszt\u00e1s kupactort\u00e1k \u00e9s m\u00e9zesek d\u00edsz\u00edt\u00e9s\u00e9re. &nbsp; \u00d6sszetev\u0151k: cukor, dextr\u00f3z, rizsliszt, gluk\u00f3zszirup, repceolaj, repcezs\u00edr, hidrog\u00e9niz\u00e1lt repceolaj [&hellip;]<\/p>\n","protected":false},"featured_media":12759,"comment_status":"closed","ping_status":"closed","template":"","meta":[],"builder_content":"","_links":{"self":[{"href":"https:\/\/jhcakes.com\/shop\/wp-json\/wp\/v2\/product\/12757"}],"collection":[{"href":"https:\/\/jhcakes.com\/shop\/wp-json\/wp\/v2\/product"}],"about":[{"href":"https:\/\/jhcakes.com\/shop\/wp-json\/wp\/v2\/types\/product"}],"replies":[{"embeddable":true,"href":"https:\/\/jhcakes.com\/shop\/wp-json\/wp\/v2\/comments?post=12757"}],"wp:featuredmedia":[{"embeddable":true,"href":"https:\/\/jhcakes.com\/shop\/wp-json\/wp\/v2\/media\/12759"}],"wp:attachment":[{"href":"https:\/\/jhcakes.com\/shop\/wp-json\/wp\/v2\/media?parent=12757"}],"curies":[{"name":"wp","href":"https:\/\/api.w.org\/{rel}","templated":true}]}}