{"id":12739,"date":"2019-07-30T16:58:27","date_gmt":"2019-07-30T14:58:27","guid":{"rendered":"https:\/\/jhcakes.com\/shop\/?post_type=product&#038;p=12739"},"modified":"2023-07-10T21:31:18","modified_gmt":"2023-07-10T19:31:18","slug":"selymes-o-arany-cukornyilak","status":"publish","type":"product","link":"https:\/\/jhcakes.com\/shop\/termek\/selymes-o-arany-cukornyilak\/","title":{"rendered":"Selymes \u00f3-arany cukornyilak"},"content":{"rendered":"<h3 style=\"text-align: justify;\"><strong><span style=\"color: #ec008c;\">Ehet\u0151, selymes \u00f3-arany cukornyilak\u00a0<\/span><\/strong>&#8211; m\u00e9zesekre, tort\u00e1kra, mindenkorra. A cukornyilak selymes hat\u00e1s\u00faak \u00e9s nagyon sz\u00e9p form\u00e1j\u00faak.<\/h3>\n<p>&nbsp;<\/p>\n<h3><strong>\u00d6sszetev\u0151k:<\/strong><\/h3>\n<ul>\n<li>\n<h3>dextr\u00f3z, kem\u00e9ny\u00edt\u0151, dextrin, csom\u00f3sod\u00e1sg\u00e1tl\u00f3: E470b, s\u0171r\u00edt\u0151anyag: E414, \u00edzes\u00edt\u0151, f\u00e9nyez\u0151anyagok: E904, E903<\/h3>\n<\/li>\n<li>\n<h3>sz\u00ednez\u00e9kek: E555, E171, E150a, E102, E129 &#8211; E102 \u00e9s E129 k\u00e1ros hat\u00e1ssal lehetnek gyerekekre<\/h3>\n<\/li>\n<li>\n<h3>nyomokban tartalmazhat sz\u00f3j\u00e1t, f\u00e1n term\u0151 magokat<\/h3>\n<\/li>\n<\/ul>\n<h3><strong>T\u00e1rol\u00e1si javaslat:<\/strong><\/h3>\n<ul>\n<li>\n<h3>alacsony p\u00e1ratartalommal rendelkez\u0151, sz\u00e1raz, h\u0171v\u00f6s helyen t\u00e1roland\u00f3<\/h3>\n<\/li>\n<\/ul>\n<h3><strong>Lej\u00e1rati id\u0151:<\/strong><\/h3>\n<ul>\n<li>\n<h3>2024. december 31.<\/h3>\n<\/li>\n<\/ul>\n<h3><strong>Nett\u00f3 s\u00faly:<\/strong><\/h3>\n<ul>\n<li>\n<h3>kb 23 gramm<\/h3>\n<\/li>\n<\/ul>\n<div id=\"themify_builder_content-12739\" data-postid=\"12739\" class=\"themify_builder_content themify_builder_content-12739 themify_builder\">\n    <\/div>\n<!-- \/themify_builder_content -->","protected":false},"excerpt":{"rendered":"<h3><strong>Cukork\u00e1k m\u00e9rete, darabsz\u00e1ma:<\/strong><\/h3>\n<ul>\n<li>\n<h3>sz\u00e9less\u00e9g: \u00a0 \u00a0 \u00a0 \u00a04 mm<\/h3>\n<\/li>\n<li>\n<h3>hossz\u00fas\u00e1g: \u00a0 \u00a0 \u00a012 mm<\/h3>\n<\/li>\n<\/ul>\n","protected":false},"featured_media":12737,"comment_status":"closed","ping_status":"closed","template":"","meta":[],"builder_content":"","_links":{"self":[{"href":"https:\/\/jhcakes.com\/shop\/wp-json\/wp\/v2\/product\/12739"}],"collection":[{"href":"https:\/\/jhcakes.com\/shop\/wp-json\/wp\/v2\/product"}],"about":[{"href":"https:\/\/jhcakes.com\/shop\/wp-json\/wp\/v2\/types\/product"}],"replies":[{"embeddable":true,"href":"https:\/\/jhcakes.com\/shop\/wp-json\/wp\/v2\/comments?post=12739"}],"wp:featuredmedia":[{"embeddable":true,"href":"https:\/\/jhcakes.com\/shop\/wp-json\/wp\/v2\/media\/12737"}],"wp:attachment":[{"href":"https:\/\/jhcakes.com\/shop\/wp-json\/wp\/v2\/media?parent=12739"}],"curies":[{"name":"wp","href":"https:\/\/api.w.org\/{rel}","templated":true}]}}