{"id":12625,"date":"2019-06-25T13:01:47","date_gmt":"2019-06-25T11:01:47","guid":{"rendered":"https:\/\/jhcakes.com\/shop\/?post_type=product&#038;p=12625"},"modified":"2021-12-15T14:39:54","modified_gmt":"2021-12-15T13:39:54","slug":"viragok-es-levelek-patchworkszett","status":"publish","type":"product","link":"https:\/\/jhcakes.com\/shop\/termek\/viragok-es-levelek-patchworkszett\/","title":{"rendered":"Vir\u00e1gok \u00e9s levelek patchworkszett"},"content":{"rendered":"<h3>Nagyon kedves form\u00e1j\u00fa <strong><span style=\"color: #ec008c;\">vir\u00e1gok \u00e9s levelek patchwork kisz\u00far\u00f3szett<\/span><\/strong> tort\u00e1k, m\u00e9zeskal\u00e1csok, linzerek dekor\u00e1l\u00e1s\u00e1ra. A szett 10 darab kisz\u00far\u00f3b\u00f3l \u00e1ll. Haszn\u00e1lat el\u0151tt minden darabot v\u00e1gjunk le az \u00f6sszetart\u00f3 m\u0171anyagr\u00f3l.<\/h3>\n<p>&nbsp;<\/p>\n<h3><strong>Hogyan haszn\u00e1ljuk a patchwork kisz\u00far\u00f3kat?<\/strong><\/h3>\n<p>&nbsp;<\/p>\n<h3><strong><span style=\"color: #1ba6b4;\">TIPPEK<\/span><\/strong><\/h3>\n<h3><strong>Mint\u00e1k kisz\u00far\u00e1sa:<\/strong><\/h3>\n<ul>\n<li>\n<h3>alapanyagk\u00e9nt haszn\u00e1lhatunk cukormassz\u00e1t, marcip\u00e1nt \u00e9s fondantot is, a dekor\u00e1ci\u00f3 c\u00e9lj\u00e1nak megfelel\u0151en<\/h3>\n<\/li>\n<li>\n<h3>a patchwork kisz\u00far\u00f3k v\u00e1g\u00f3\u00e9le felfel\u00e9 sz\u0171k\u00fcl\u0151 \u00e9s mind\u00f6ssze 3 millim\u00e9ter magas, ez\u00e9rt csak nagyon v\u00e9konyra ny\u00fajtott massz\u00e1val dolgozzunk<\/h3>\n<\/li>\n<li>\n<h3>a kisz\u00fart massz\u00e1t azonnal a tort\u00e1ra illetve kekszekre helyezhetj\u00fck, vagy megv\u00e1rhatjuk, hogy a kisz\u00fart minta megkem\u00e9nyedjen, amennyiben mag\u00e1ban meg\u00e1ll\u00f3 d\u00edszt k\u00e9sz\u00edt\u00fcnk<\/h3>\n<\/li>\n<li>\n<h3>FONTOS: a patchwork kisz\u00far\u00f3k nyers, s\u00fct\u00e9sre v\u00e1r\u00f3 t\u00e9szt\u00e1k kisz\u00far\u00e1s\u00e1ra nem alkalmasak<\/h3>\n<\/li>\n<\/ul>\n<h3><strong>Stempliz\u00e9s:<\/strong><\/h3>\n<ul>\n<li>\n<h3>a m\u00e9zes-, illetve linzert\u00e9szt\u00e1t kiny\u00fajt\u00e1s \u00e9s szaggat\u00e1s ut\u00e1n &#8220;stemplizz\u00fck&#8221; meg a patchwork kisz\u00far\u00f3val &#8211; a &#8220;stemplizett&#8221; minta s\u00fct\u00e9skor a t\u00e9szt\u00e1ban marad, \u00edgy d\u00edsz\u00edt\u00e9skor csak k\u00f6vetn\u00fcnk kell a vonalakat \ud83d\ude42<\/h3>\n<\/li>\n<li>\n<h3>FONTOS: amennyiben nagyon ter\u00fcl\u0151s t\u00e9szt\u00e1t haszn\u00e1lunk, a &#8220;stempliz\u0151&#8221; m\u00f3dszer nem biztos, hogy t\u00f6k\u00e9letesen bev\u00e1lik<\/h3>\n<\/li>\n<li>\n<h3>tortadekor\u00e1l\u00e1s eset\u00e9n szint\u00e9n haszn\u00e1lhatjuk a &#8220;stempliz\u0151&#8221; m\u00f3dszert &#8211; a puha fondantot &#8220;stemplizz\u00fck&#8221; meg a patchwork kisz\u00far\u00f3val \u00e9s az \u00edgy keletkezett k\u00f6rvonalakat haszn\u00e1ljuk fest\u00e9shez, glaz\u00far mint\u00e1k k\u00e9sz\u00edt\u00e9s\u00e9hez<\/h3>\n<\/li>\n<li>\n<h3>kem\u00e9ny fondant illetve egy\u00e9b alapanyag &#8220;stempliz\u00e9s\u00e9t&#8221; \u00fagy oldhatjuk meg, hogy a patchwork kisz\u00far\u00f3t minden haszn\u00e1lat el\u0151tt, \u00f3vatosan, \u00e9telfest\u00e9kkel bekenj\u00fck &#8211; a beken\u00e9shez haszn\u00e1lhatunk kis darab \u00e9telfest\u00e9kbe m\u00e1rtott szivacsot<\/h3>\n<\/li>\n<\/ul>\n<div id=\"themify_builder_content-12625\" data-postid=\"12625\" class=\"themify_builder_content themify_builder_content-12625 themify_builder\">\n    <\/div>\n<!-- \/themify_builder_content -->","protected":false},"excerpt":{"rendered":"<h3><strong>Kisz\u00far\u00f3k m\u00e9rete:<\/strong><\/h3>\n<ul>\n<li>\n<h3>levelek hossza: \u00a0 \u00a0 \u00a0 \u00a0 \u00a0 \u00a0 \u00a0 \u00a0 \u00a0 \u00a0 \u00a0 \u00a0 20 &#8211; 40 mm<\/h3>\n<\/li>\n<li>\n<h3>kis vir\u00e1g \u00e9s levelek hossza: \u00a0 \u00a032 mm<\/h3>\n<\/li>\n<li>\n<h3>girland hossza: \u00a0 \u00a0 \u00a0 \u00a0 \u00a0 \u00a0 \u00a0 \u00a0 \u00a0 \u00a0 \u00a0 \u00a0 73 mm<\/h3>\n<\/li>\n<\/ul>\n","protected":false},"featured_media":12631,"comment_status":"closed","ping_status":"closed","template":"","meta":[],"builder_content":"","_links":{"self":[{"href":"https:\/\/jhcakes.com\/shop\/wp-json\/wp\/v2\/product\/12625"}],"collection":[{"href":"https:\/\/jhcakes.com\/shop\/wp-json\/wp\/v2\/product"}],"about":[{"href":"https:\/\/jhcakes.com\/shop\/wp-json\/wp\/v2\/types\/product"}],"replies":[{"embeddable":true,"href":"https:\/\/jhcakes.com\/shop\/wp-json\/wp\/v2\/comments?post=12625"}],"wp:featuredmedia":[{"embeddable":true,"href":"https:\/\/jhcakes.com\/shop\/wp-json\/wp\/v2\/media\/12631"}],"wp:attachment":[{"href":"https:\/\/jhcakes.com\/shop\/wp-json\/wp\/v2\/media?parent=12625"}],"curies":[{"name":"wp","href":"https:\/\/api.w.org\/{rel}","templated":true}]}}