{"id":12584,"date":"2019-05-30T12:25:42","date_gmt":"2019-05-30T10:25:42","guid":{"rendered":"https:\/\/jhcakes.com\/shop\/?post_type=product&#038;p=12584"},"modified":"2024-10-18T22:53:10","modified_gmt":"2024-10-18T20:53:10","slug":"hopehelyszett-stencil","status":"publish","type":"product","link":"https:\/\/jhcakes.com\/shop\/termek\/hopehelyszett-stencil\/","title":{"rendered":"H\u00f3pehelyszett stencil"},"content":{"rendered":"<h3 style=\"text-align: justify;\"><span style=\"color: #878787;\">5 f\u00e9le k\u00fcl\u00f6nb\u00f6z\u0151 form\u00e1j\u00fa h\u00f3pelyhet k\u00e9sz\u00edthet\u00fcnk a<\/span><strong><span style=\"color: #ec008c;\">\u00a0h\u00f3pehelyszett stencillel. <\/span><\/strong><span style=\"color: #878787;\">A stencilt alkalmazhatjuk m\u00e9zesek \u00e9s tort\u00e1k dekor\u00e1l\u00e1s\u00e1ra egyar\u00e1nt.<\/span><span style=\"color: #878787;\">\u00a0<\/span><\/h3>\n<p>&nbsp;<\/p>\n<h3><strong><span style=\"color: #1ba6b4;\">TIPP:<\/span><\/strong><\/h3>\n<h3 style=\"text-align: justify;\"><span style=\"color: #878787;\">Amennyiben csak egy, vagy n\u00e9h\u00e1ny mint\u00e1t szeretn\u00e9nk megjelentetni \u00e9s airbrush-t haszn\u00e1lunk, \u00e9rdemes letakarni a t\u00f6bbi h\u00f3pelyhet.<\/span><\/h3>\n<h3><\/h3>\n<p>&nbsp;<\/p>\n<h3><strong>Milyen eszk\u00f6z\u00f6ket \u00e9s alapanyagokat aj\u00e1nlunk stencilek haszn\u00e1lat\u00e1hoz?<\/strong><\/h3>\n<ul>\n<li>\n<h3>glaz\u00fart\u00a0vagy vajkr\u00e9met\u00a0<span style=\"color: #1ba6b5;\"><strong><a style=\"color: #1ba6b5;\" href=\"https:\/\/jhcakes.com\/shop\/termek\/keno-lap-stencilek-hasznalatahoz\/\" target=\"_blank\" rel=\"noopener\">ken\u0151lappal<\/a><\/strong><\/span>\u00a0illetve\u00a0<span style=\"color: #1ba6b5;\"><strong><a style=\"color: #1ba6b5;\" href=\"https:\/\/jhcakes.com\/shop\/termek\/spatula\/\" target=\"_blank\" rel=\"noopener\">spatul\u00e1val<\/a><\/strong><\/span>\u00a0felkenve<\/h3>\n<\/li>\n<li>\n<h3><strong><span style=\"color: #1ba6b5;\"><span style=\"color: #ffcc00;\"><a style=\"color: #1ba6b4;\" href=\"https:\/\/jhcakes.com\/shop\/termekkategoria\/festekek-ecsetek\/etelfestek-ecsetek-tollak\/\" target=\"_blank\" rel=\"noopener\">\u00e9telfest\u00e9kecseteket,<\/a>\u00a0<a style=\"color: #1ba6b4;\" href=\"https:\/\/jhcakes.com\/shop\/termekkategoria\/festekek-ecsetek\/folyekony-etelfestekek\/\" target=\"_blank\" rel=\"noopener\">foly\u00e9kony \u00e9telfest\u00e9keket,<\/a>\u00a0<\/span><\/span><\/strong><span style=\"color: #1ba6b4;\"><strong><a style=\"color: #1ba6b4;\" href=\"https:\/\/jhcakes.com\/shop\/termekkategoria\/festekek-ecsetek\/eheto-luszter-festekek\/\" target=\"_blank\" rel=\"noopener\">l\u00fcszterfest\u00e9keket<\/a><\/strong><\/span>\u00a0fest\u00e9shez<\/h3>\n<\/li>\n<li>\n<h3><span style=\"color: #1ba6b5;\"><strong><a style=\"color: #1ba6b5;\" href=\"https:\/\/jhcakes.com\/shop\/termekkategoria\/festekek-ecsetek\/eheto-szirom-festekek\/\" target=\"_blank\" rel=\"noopener\">sziromporokat<\/a><\/strong>\u00a0<\/span>sz\u00ednez\u00e9shez<\/h3>\n<\/li>\n<li>\n<h3>kaka\u00f3port,\u00a0<strong><span style=\"color: #1ba6b5;\"><a style=\"color: #1ba6b5;\" href=\"https:\/\/jhcakes.com\/shop\/termekkategoria\/festekek-ecsetek\/eheto-disco-festekek\/\" target=\"_blank\" rel=\"noopener\">discofest\u00e9keket<\/a>,\u00a0<a style=\"color: #1ba6b5;\" href=\"https:\/\/jhcakes.com\/shop\/termekkategoria\/eheto-dekoraciok\/cukorgyongyok\/1-2-mm-szorocukrok\/\" target=\"_blank\" rel=\"noopener\">sz\u00f3r\u00f3cukrokat<\/a><\/span>\u00a0<\/strong>\u00e9s egy\u00e9b sz\u00f3rhat\u00f3,\u00a0<strong><span style=\"color: #1ba6b5;\"><a style=\"color: #1ba6b5;\" href=\"https:\/\/jhcakes.com\/shop\/termekkategoria\/eheto-dekoraciok\/\" target=\"_blank\" rel=\"noopener\">\u00e9tkez\u00e9sre alkalmas d\u00edsz\u00edt\u0151anyagokat<\/a>,<\/span><\/strong>\u00a0felsz\u00f3r\u00e1shoz<\/h3>\n<\/li>\n<\/ul>\n<h3><strong>Alapanyag:<\/strong><\/h3>\n<ul>\n<li>\n<h3>10 mil vastags\u00e1g\u00fa, \u00e9telk\u00e9sz\u00edt\u00e9sre enged\u00e9lyezett, hajl\u00e9kony m\u0171anyag lap<\/h3>\n<\/li>\n<\/ul>\n<h3 id=\"tab-description\"><strong>Kezel\u00e9si \u00fatmutat\u00f3:<\/strong><\/h3>\n<ul>\n<li>\n<h3>k\u00e9zzel moshat\u00f3, leveg\u0151n sz\u00e1r\u00edtand\u00f3<\/h3>\n<\/li>\n<\/ul>\n<div id=\"themify_builder_content-12584\" data-postid=\"12584\" class=\"themify_builder_content themify_builder_content-12584 themify_builder\">\n    <\/div>\n<!-- \/themify_builder_content -->","protected":false},"excerpt":{"rendered":"<h3><strong>H\u00f3helyhek \u00e1tm\u00e9r\u0151je:<\/strong><\/h3>\n<ul>\n<li>\n<h3>26 mm<\/h3>\n<\/li>\n<\/ul>\n<h3><strong>Stencil teljes m\u00e9rete:<\/strong><\/h3>\n<ul>\n<li>\n<h3>210 x 80 mm<\/h3>\n<\/li>\n<\/ul>\n","protected":false},"featured_media":12585,"comment_status":"open","ping_status":"closed","template":"","meta":[],"builder_content":"","_links":{"self":[{"href":"https:\/\/jhcakes.com\/shop\/wp-json\/wp\/v2\/product\/12584"}],"collection":[{"href":"https:\/\/jhcakes.com\/shop\/wp-json\/wp\/v2\/product"}],"about":[{"href":"https:\/\/jhcakes.com\/shop\/wp-json\/wp\/v2\/types\/product"}],"replies":[{"embeddable":true,"href":"https:\/\/jhcakes.com\/shop\/wp-json\/wp\/v2\/comments?post=12584"}],"wp:featuredmedia":[{"embeddable":true,"href":"https:\/\/jhcakes.com\/shop\/wp-json\/wp\/v2\/media\/12585"}],"wp:attachment":[{"href":"https:\/\/jhcakes.com\/shop\/wp-json\/wp\/v2\/media?parent=12584"}],"curies":[{"name":"wp","href":"https:\/\/api.w.org\/{rel}","templated":true}]}}