{"id":12494,"date":"2019-04-27T15:53:59","date_gmt":"2019-04-27T13:53:59","guid":{"rendered":"https:\/\/jhcakes.com\/shop\/?post_type=product&#038;p=12494"},"modified":"2025-06-03T19:24:56","modified_gmt":"2025-06-03T17:24:56","slug":"mattfekete-kerek-kis-feju-bibek","status":"publish","type":"product","link":"https:\/\/jhcakes.com\/shop\/termek\/mattfekete-kerek-kis-feju-bibek\/","title":{"rendered":"Mattfekete kerek kis fej\u0171 bib\u00e9k"},"content":{"rendered":"<h3><strong><span style=\"color: #ec008c;\">Mattfekete, kerek, kis m\u00e9ret\u0171 bibefejek<\/span><span style=\"color: #ec008c;\">, fekete sz\u00e1lon,<\/span><\/strong>\u00a0kisebb \u00e9s k\u00f6zepes cukorvir\u00e1gok k\u00e9sz\u00edt\u00e9s\u00e9hez. Kiv\u00e1l\u00f3 min\u0151s\u00e9g Jap\u00e1nb\u00f3l.<\/h3>\n<p>&nbsp;<\/p>\n<h3><strong>Bibefejek sz\u00e1ma:<\/strong><\/h3>\n<ul>\n<li>\n<h3>144 fej<\/h3>\n<\/li>\n<\/ul>\n<h3><strong>Bibefejek \u00e1tm\u00e9r\u0151je:<\/strong><\/h3>\n<ul>\n<li>\n<h3>2 mm<\/h3>\n<\/li>\n<\/ul>\n<h3><strong>Bibesz\u00e1lak hossza:<\/strong><\/h3>\n<ul>\n<li>\n<h3>55 mm<\/h3>\n<\/li>\n<\/ul>\n<h3><strong>Gy\u00e1rt\u00f3:<\/strong><\/h3>\n<ul>\n<li>\n<h3>Jap\u00e1n<\/h3>\n<\/li>\n<\/ul>\n<div id=\"themify_builder_content-12494\" data-postid=\"12494\" class=\"themify_builder_content themify_builder_content-12494 themify_builder\">\n    <\/div>\n<!-- \/themify_builder_content -->","protected":false},"excerpt":{"rendered":"<p>Mattfekete, kerek, kis m\u00e9ret\u0171 bibefejek, fekete sz\u00e1lon,\u00a0kisebb \u00e9s k\u00f6zepes cukorvir\u00e1gok k\u00e9sz\u00edt\u00e9s\u00e9hez. Kiv\u00e1l\u00f3 min\u0151s\u00e9g Jap\u00e1nb\u00f3l. &nbsp; Bibefejek sz\u00e1ma: 144 fej Bibefejek \u00e1tm\u00e9r\u0151je: 2 mm Bibesz\u00e1lak hossza: 55 mm Gy\u00e1rt\u00f3: Jap\u00e1n<\/p>\n","protected":false},"featured_media":12421,"comment_status":"closed","ping_status":"closed","template":"","meta":[],"builder_content":"","_links":{"self":[{"href":"https:\/\/jhcakes.com\/shop\/wp-json\/wp\/v2\/product\/12494"}],"collection":[{"href":"https:\/\/jhcakes.com\/shop\/wp-json\/wp\/v2\/product"}],"about":[{"href":"https:\/\/jhcakes.com\/shop\/wp-json\/wp\/v2\/types\/product"}],"replies":[{"embeddable":true,"href":"https:\/\/jhcakes.com\/shop\/wp-json\/wp\/v2\/comments?post=12494"}],"wp:featuredmedia":[{"embeddable":true,"href":"https:\/\/jhcakes.com\/shop\/wp-json\/wp\/v2\/media\/12421"}],"wp:attachment":[{"href":"https:\/\/jhcakes.com\/shop\/wp-json\/wp\/v2\/media?parent=12494"}],"curies":[{"name":"wp","href":"https:\/\/api.w.org\/{rel}","templated":true}]}}