{"id":12455,"date":"2019-04-24T15:12:37","date_gmt":"2019-04-24T13:12:37","guid":{"rendered":"https:\/\/jhcakes.com\/shop\/?post_type=product&#038;p=12455"},"modified":"2023-05-18T22:01:04","modified_gmt":"2023-05-18T20:01:04","slug":"puspoklila-kis-feju-bibek","status":"publish","type":"product","link":"https:\/\/jhcakes.com\/shop\/termek\/puspoklila-kis-feju-bibek\/","title":{"rendered":"P\u00fcsp\u00f6klila kis fej\u0171 bib\u00e9k"},"content":{"rendered":"<h3>K\u00fcl\u00f6nleges, matt, nagyon sz\u00e9p sz\u00edn\u0171,<strong><span style=\"color: #ec008c;\">\u00a0p\u00fcsp\u00f6klila, kis m\u00e9ret\u0171 bibefejek<\/span><span style=\"color: #ec008c;\">, \u00e9l\u00e9nkr\u00f3zsasz\u00edn sz\u00e1lon,<\/span><\/strong>\u00a0kisebb \u00e9s k\u00f6zepes cukorvir\u00e1gok k\u00e9sz\u00edt\u00e9s\u00e9hez. Kiv\u00e1l\u00f3 min\u0151s\u00e9g N\u00e9metorsz\u00e1gb\u00f3l.<\/h3>\n<p>&nbsp;<\/p>\n<h3><strong>Bibefejek sz\u00e1ma:<\/strong><\/h3>\n<ul>\n<li>\n<h3>200 fej<\/h3>\n<\/li>\n<\/ul>\n<h3><strong>Bibefejek hossza:<\/strong><\/h3>\n<ul>\n<li>\n<h3>3 mm<\/h3>\n<\/li>\n<\/ul>\n<h3><strong>Bibesz\u00e1lak hossza:<\/strong><\/h3>\n<ul>\n<li>\n<h3>60 mm<\/h3>\n<\/li>\n<\/ul>\n<h3><strong>Gy\u00e1rt\u00f3:<\/strong><\/h3>\n<ul>\n<li>\n<h3>N\u00e9metorsz\u00e1g<\/h3>\n<\/li>\n<\/ul>\n<div id=\"themify_builder_content-12455\" data-postid=\"12455\" class=\"themify_builder_content themify_builder_content-12455 themify_builder\">\n    <\/div>\n<!-- \/themify_builder_content -->","protected":false},"excerpt":{"rendered":"<p>K\u00fcl\u00f6nleges, matt, nagyon sz\u00e9p sz\u00edn\u0171,\u00a0p\u00fcsp\u00f6klila, kis m\u00e9ret\u0171 bibefejek, \u00e9l\u00e9nkr\u00f3zsasz\u00edn sz\u00e1lon,\u00a0kisebb \u00e9s k\u00f6zepes cukorvir\u00e1gok k\u00e9sz\u00edt\u00e9s\u00e9hez. Kiv\u00e1l\u00f3 min\u0151s\u00e9g N\u00e9metorsz\u00e1gb\u00f3l. &nbsp; Bibefejek sz\u00e1ma: 200 fej Bibefejek hossza: 3 mm Bibesz\u00e1lak hossza: 60 mm Gy\u00e1rt\u00f3: N\u00e9metorsz\u00e1g<\/p>\n","protected":false},"featured_media":12413,"comment_status":"closed","ping_status":"closed","template":"","meta":[],"builder_content":"","_links":{"self":[{"href":"https:\/\/jhcakes.com\/shop\/wp-json\/wp\/v2\/product\/12455"}],"collection":[{"href":"https:\/\/jhcakes.com\/shop\/wp-json\/wp\/v2\/product"}],"about":[{"href":"https:\/\/jhcakes.com\/shop\/wp-json\/wp\/v2\/types\/product"}],"replies":[{"embeddable":true,"href":"https:\/\/jhcakes.com\/shop\/wp-json\/wp\/v2\/comments?post=12455"}],"wp:featuredmedia":[{"embeddable":true,"href":"https:\/\/jhcakes.com\/shop\/wp-json\/wp\/v2\/media\/12413"}],"wp:attachment":[{"href":"https:\/\/jhcakes.com\/shop\/wp-json\/wp\/v2\/media?parent=12455"}],"curies":[{"name":"wp","href":"https:\/\/api.w.org\/{rel}","templated":true}]}}