{"id":12396,"date":"2019-04-24T09:54:17","date_gmt":"2019-04-24T07:54:17","guid":{"rendered":"https:\/\/jhcakes.com\/shop\/?post_type=product&#038;p=12396"},"modified":"2021-07-14T19:06:03","modified_gmt":"2021-07-14T17:06:03","slug":"sargaszold-szatenszalag","status":"publish","type":"product","link":"https:\/\/jhcakes.com\/shop\/termek\/sargaszold-szatenszalag\/","title":{"rendered":"S\u00e1rg\u00e1sz\u00f6ld szat\u00e9nszalag"},"content":{"rendered":"<h3>Sz\u00e9pen f\u00e9nyl\u0151 <strong><span style=\"color: #ec008c;\">s\u00e1rg\u00e1sz\u00f6ld szat\u00e9nszalag<\/span><\/strong> csomagol\u00e1shoz, tortadekor\u00e1l\u00e1shoz.<br \/>\nA szalagok m\u00e9terenk\u00e9nt rendelhet\u0151k.<\/h3>\n<p>&nbsp;<\/p>\n<p>&nbsp;<\/p>\n<div id=\"themify_builder_content-12396\" data-postid=\"12396\" class=\"themify_builder_content themify_builder_content-12396 themify_builder\">\n    <\/div>\n<!-- \/themify_builder_content -->","protected":false},"excerpt":{"rendered":"<h3><strong>Szalag sz\u00e9less\u00e9ge:<\/strong><\/h3>\n<ul>\n<li>\n<h3>6 mm<\/h3>\n<\/li>\n<\/ul>\n<h3><strong>Teljes tekercs hossza:<\/strong><\/h3>\n<ul>\n<li>\n<h3>50 m &#8211; m\u00e9terenk\u00e9nt rendelhet\u0151<\/h3>\n<\/li>\n<\/ul>\n","protected":false},"featured_media":12404,"comment_status":"closed","ping_status":"closed","template":"","meta":[],"builder_content":"","_links":{"self":[{"href":"https:\/\/jhcakes.com\/shop\/wp-json\/wp\/v2\/product\/12396"}],"collection":[{"href":"https:\/\/jhcakes.com\/shop\/wp-json\/wp\/v2\/product"}],"about":[{"href":"https:\/\/jhcakes.com\/shop\/wp-json\/wp\/v2\/types\/product"}],"replies":[{"embeddable":true,"href":"https:\/\/jhcakes.com\/shop\/wp-json\/wp\/v2\/comments?post=12396"}],"wp:featuredmedia":[{"embeddable":true,"href":"https:\/\/jhcakes.com\/shop\/wp-json\/wp\/v2\/media\/12404"}],"wp:attachment":[{"href":"https:\/\/jhcakes.com\/shop\/wp-json\/wp\/v2\/media?parent=12396"}],"curies":[{"name":"wp","href":"https:\/\/api.w.org\/{rel}","templated":true}]}}