{"id":12338,"date":"2019-04-17T16:29:45","date_gmt":"2019-04-17T14:29:45","guid":{"rendered":"https:\/\/jhcakes.com\/shop\/?post_type=product&#038;p=12338"},"modified":"2023-05-18T21:44:45","modified_gmt":"2023-05-18T19:44:45","slug":"kis-feher-liliomfeju-bibek","status":"publish","type":"product","link":"https:\/\/jhcakes.com\/shop\/termek\/kis-feher-liliomfeju-bibek\/","title":{"rendered":"Kis feh\u00e9r liliomfej\u0171 bib\u00e9k"},"content":{"rendered":"<h3>Feh\u00e9r sz\u00e1lon,\u00a0<strong><span style=\"color: #ec008c;\">kis m\u00e9ret\u0171, feh\u00e9r liliomfej\u0171 bib\u00e9k<\/span><span style=\"color: #ec008c;\">,<\/span><\/strong>\u00a0cukorvir\u00e1gok k\u00e9sz\u00edt\u00e9s\u00e9hez. Kiv\u00e1l\u00f3 min\u0151s\u00e9g Jap\u00e1nb\u00f3l.<\/h3>\n<p>&nbsp;<\/p>\n<h3><strong>Bibefejek sz\u00e1ma:<\/strong><\/h3>\n<ul>\n<li>\n<h3>142 fej<\/h3>\n<\/li>\n<\/ul>\n<h3><strong>Bibefejek hossza:<\/strong><\/h3>\n<ul>\n<li>\n<h3>2 mm<\/h3>\n<\/li>\n<\/ul>\n<h3><strong>Bibesz\u00e1lak hossza:<\/strong><\/h3>\n<ul>\n<li>\n<h3>55 mm<\/h3>\n<\/li>\n<\/ul>\n<h3><strong>Gy\u00e1rt\u00f3:<\/strong><\/h3>\n<ul>\n<li>\n<h3>Jap\u00e1n<\/h3>\n<\/li>\n<\/ul>\n<div id=\"themify_builder_content-12338\" data-postid=\"12338\" class=\"themify_builder_content themify_builder_content-12338 themify_builder\">\n    <\/div>\n<!-- \/themify_builder_content -->","protected":false},"excerpt":{"rendered":"<p>Feh\u00e9r sz\u00e1lon,\u00a0kis m\u00e9ret\u0171, feh\u00e9r liliomfej\u0171 bib\u00e9k,\u00a0cukorvir\u00e1gok k\u00e9sz\u00edt\u00e9s\u00e9hez. Kiv\u00e1l\u00f3 min\u0151s\u00e9g Jap\u00e1nb\u00f3l. &nbsp; Bibefejek sz\u00e1ma: 142 fej Bibefejek hossza: 2 mm Bibesz\u00e1lak hossza: 55 mm Gy\u00e1rt\u00f3: Jap\u00e1n<\/p>\n","protected":false},"featured_media":12572,"comment_status":"closed","ping_status":"closed","template":"","meta":[],"builder_content":"","_links":{"self":[{"href":"https:\/\/jhcakes.com\/shop\/wp-json\/wp\/v2\/product\/12338"}],"collection":[{"href":"https:\/\/jhcakes.com\/shop\/wp-json\/wp\/v2\/product"}],"about":[{"href":"https:\/\/jhcakes.com\/shop\/wp-json\/wp\/v2\/types\/product"}],"replies":[{"embeddable":true,"href":"https:\/\/jhcakes.com\/shop\/wp-json\/wp\/v2\/comments?post=12338"}],"wp:featuredmedia":[{"embeddable":true,"href":"https:\/\/jhcakes.com\/shop\/wp-json\/wp\/v2\/media\/12572"}],"wp:attachment":[{"href":"https:\/\/jhcakes.com\/shop\/wp-json\/wp\/v2\/media?parent=12338"}],"curies":[{"name":"wp","href":"https:\/\/api.w.org\/{rel}","templated":true}]}}