{"id":12313,"date":"2019-04-17T13:51:02","date_gmt":"2019-04-17T11:51:02","guid":{"rendered":"https:\/\/jhcakes.com\/shop\/?post_type=product&#038;p=12313"},"modified":"2026-03-31T14:05:58","modified_gmt":"2026-03-31T12:05:58","slug":"mattekru-mikrofeju-bibek","status":"publish","type":"product","link":"https:\/\/jhcakes.com\/shop\/termek\/mattekru-mikrofeju-bibek\/","title":{"rendered":"Mattekr\u00fc mikrofej\u0171 bib\u00e9k"},"content":{"rendered":"<h3>Halv\u00e1nyekr\u00fc sz\u00e1lon <strong><span style=\"color: #ec008c;\">matt, ekr\u00fc sz\u00edn\u0171, mikrom\u00e9ret\u0171 bibefejek<\/span><span style=\"color: #ec008c;\">,<\/span><\/strong>\u00a0apr\u00f3bb cukorvir\u00e1gok k\u00e9sz\u00edt\u00e9s\u00e9hez. Kiv\u00e1l\u00f3 min\u0151s\u00e9g Jap\u00e1nb\u00f3l.<\/h3>\n<p>&nbsp;<\/p>\n<h3><strong>Bibefejek sz\u00e1ma:<\/strong><\/h3>\n<ul>\n<li>\n<h3>144 fej<\/h3>\n<\/li>\n<\/ul>\n<h3><strong>Bibefejek hossza:<\/strong><\/h3>\n<ul>\n<li>\n<h3>2 mm<\/h3>\n<\/li>\n<\/ul>\n<h3><strong>Bibesz\u00e1lak hossza:<\/strong><\/h3>\n<ul>\n<li>\n<h3>55 mm<\/h3>\n<\/li>\n<\/ul>\n<h3><strong>Gy\u00e1rt\u00f3:<\/strong><\/h3>\n<ul>\n<li>\n<h3>Jap\u00e1n<\/h3>\n<\/li>\n<\/ul>\n<div id=\"themify_builder_content-12313\" data-postid=\"12313\" class=\"themify_builder_content themify_builder_content-12313 themify_builder\">\n    <\/div>\n<!-- \/themify_builder_content -->","protected":false},"excerpt":{"rendered":"<p>Halv\u00e1nyekr\u00fc sz\u00e1lon matt, ekr\u00fc sz\u00edn\u0171, mikrom\u00e9ret\u0171 bibefejek,\u00a0apr\u00f3bb cukorvir\u00e1gok k\u00e9sz\u00edt\u00e9s\u00e9hez. Kiv\u00e1l\u00f3 min\u0151s\u00e9g Jap\u00e1nb\u00f3l. &nbsp; Bibefejek sz\u00e1ma: 144 fej Bibefejek hossza: 2 mm Bibesz\u00e1lak hossza: 55 mm Gy\u00e1rt\u00f3: Jap\u00e1n<\/p>\n","protected":false},"featured_media":12329,"comment_status":"closed","ping_status":"closed","template":"","meta":[],"builder_content":"","_links":{"self":[{"href":"https:\/\/jhcakes.com\/shop\/wp-json\/wp\/v2\/product\/12313"}],"collection":[{"href":"https:\/\/jhcakes.com\/shop\/wp-json\/wp\/v2\/product"}],"about":[{"href":"https:\/\/jhcakes.com\/shop\/wp-json\/wp\/v2\/types\/product"}],"replies":[{"embeddable":true,"href":"https:\/\/jhcakes.com\/shop\/wp-json\/wp\/v2\/comments?post=12313"}],"wp:featuredmedia":[{"embeddable":true,"href":"https:\/\/jhcakes.com\/shop\/wp-json\/wp\/v2\/media\/12329"}],"wp:attachment":[{"href":"https:\/\/jhcakes.com\/shop\/wp-json\/wp\/v2\/media?parent=12313"}],"curies":[{"name":"wp","href":"https:\/\/api.w.org\/{rel}","templated":true}]}}