{"id":12263,"date":"2019-04-14T19:17:52","date_gmt":"2019-04-14T17:17:52","guid":{"rendered":"https:\/\/jhcakes.com\/shop\/?post_type=product&#038;p=12263"},"modified":"2022-05-19T18:29:11","modified_gmt":"2022-05-19T16:29:11","slug":"ekru-extra-mikromeretu-bibek","status":"publish","type":"product","link":"https:\/\/jhcakes.com\/shop\/termek\/ekru-extra-mikromeretu-bibek\/","title":{"rendered":"Ekr\u00fc extra mikrofej\u0171 bib\u00e9k"},"content":{"rendered":"<h3>Feh\u00e9r sz\u00e1lon <strong><span style=\"color: #ec008c;\">matt, ekr\u00fc sz\u00edn\u0171 extra pici bibefejek<\/span><span style=\"color: #ec008c;\">,<\/span><\/strong> a legkisebb m\u00e9ret\u0171 cukorvir\u00e1gok k\u00e9sz\u00edt\u00e9s\u00e9hez. Kiv\u00e1l\u00f3 min\u0151s\u00e9g Jap\u00e1nb\u00f3l.<\/h3>\n<p>&nbsp;<\/p>\n<h3><strong>Bibefejek sz\u00e1ma:<\/strong><\/h3>\n<ul>\n<li>\n<h3>144 fej<\/h3>\n<\/li>\n<\/ul>\n<h3><strong>Bibefejek hossza:<\/strong><\/h3>\n<ul>\n<li>\n<h3>1,5 mm<\/h3>\n<\/li>\n<\/ul>\n<h3><strong>Bibesz\u00e1lak hossza:<\/strong><\/h3>\n<ul>\n<li>\n<h3>55 mm<\/h3>\n<\/li>\n<\/ul>\n<h3><strong>Gy\u00e1rt\u00f3:<\/strong><\/h3>\n<ul>\n<li>\n<h3>Jap\u00e1n<\/h3>\n<\/li>\n<\/ul>\n<div id=\"themify_builder_content-12263\" data-postid=\"12263\" class=\"themify_builder_content themify_builder_content-12263 themify_builder\">\n    <\/div>\n<!-- \/themify_builder_content -->","protected":false},"excerpt":{"rendered":"<p>Feh\u00e9r sz\u00e1lon matt, ekr\u00fc sz\u00edn\u0171 extra pici bibefejek, a legkisebb m\u00e9ret\u0171 cukorvir\u00e1gok k\u00e9sz\u00edt\u00e9s\u00e9hez. Kiv\u00e1l\u00f3 min\u0151s\u00e9g Jap\u00e1nb\u00f3l. &nbsp; Bibefejek sz\u00e1ma: 144 fej Bibefejek hossza: 1,5 mm Bibesz\u00e1lak hossza: 55 mm Gy\u00e1rt\u00f3: Jap\u00e1n<\/p>\n","protected":false},"featured_media":12269,"comment_status":"closed","ping_status":"closed","template":"","meta":[],"builder_content":"","_links":{"self":[{"href":"https:\/\/jhcakes.com\/shop\/wp-json\/wp\/v2\/product\/12263"}],"collection":[{"href":"https:\/\/jhcakes.com\/shop\/wp-json\/wp\/v2\/product"}],"about":[{"href":"https:\/\/jhcakes.com\/shop\/wp-json\/wp\/v2\/types\/product"}],"replies":[{"embeddable":true,"href":"https:\/\/jhcakes.com\/shop\/wp-json\/wp\/v2\/comments?post=12263"}],"wp:featuredmedia":[{"embeddable":true,"href":"https:\/\/jhcakes.com\/shop\/wp-json\/wp\/v2\/media\/12269"}],"wp:attachment":[{"href":"https:\/\/jhcakes.com\/shop\/wp-json\/wp\/v2\/media?parent=12263"}],"curies":[{"name":"wp","href":"https:\/\/api.w.org\/{rel}","templated":true}]}}