{"id":12123,"date":"2019-03-22T16:28:42","date_gmt":"2019-03-22T15:28:42","guid":{"rendered":"https:\/\/jhcakes.com\/shop\/?post_type=product&#038;p=12123"},"modified":"2025-02-12T19:38:34","modified_gmt":"2025-02-12T18:38:34","slug":"rose-pink-sugarflair-gelfestek","status":"publish","type":"product","link":"https:\/\/jhcakes.com\/shop\/termek\/rose-pink-sugarflair-gelfestek\/","title":{"rendered":"Rose pink Sugarflair g\u00e9lfest\u00e9k"},"content":{"rendered":"<h3 style=\"text-align: center;\"><span style=\"color: #878787;\">K\u00fcl\u00f6nlegesen sz\u00e9p sz\u00edn\u0171 <\/span><strong><span style=\"color: #ec008c;\">rose pink g\u00e9lfest\u00e9k,<\/span> <\/strong><span style=\"color: #878787;\">az angliai Sugarflairt\u0151l<\/span><\/h3>\n<p>&nbsp;<\/p>\n<div id=\"themify_builder_content-12123\" data-postid=\"12123\" class=\"themify_builder_content themify_builder_content-12123 themify_builder\">\n    \t<!-- module_row -->\n\t<div  class=\"themify_builder_row module_row clearfix module_row_0 themify_builder_12123_row module_row_12123-0 tb_xhw5707\">\n\t    \t    <div class=\"row_inner col_align_top\" >\n\t\t\t<div  class=\"module_column tb-column col-full first tb_12123_column module_column_0 module_column_12123-0-0 tb_sod9106\">\n\t    \t    \t        <div class=\"tb-column-inner\">\n\t\t    <!-- module text -->\n<div  class=\"module module-text tb_mkq1000  repeat  \">\n            <div  class=\"tb_text_wrap\">\n    <h3><strong>\u00c1ltal\u00e1nos jellemz\u0151k a Sugarflair \u00e1ltal gy\u00e1rtott g\u00e9lekre:<\/strong><\/h3><ul><li><h3 style=\"text-align: justify;\">kiv\u00e1l\u00f3 sz\u00ednez\u00e9si adotts\u00e1g\u00a0<\/h3><\/li><li style=\"text-align: justify;\"><h3>kiv\u00e1l\u00f3 sz\u00edntart\u00e1s<\/h3><\/li><li><h3 style=\"text-align: justify;\">sz\u00e9les sk\u00e1l\u00e1j\u00fa felhaszn\u00e1l\u00e1si lehet\u0151s\u00e9gek, professzion\u00e1lis eredm\u00e9nnyel &#8211; fondant, cukormassza, marcip\u00e1n, glaz\u00far \u00e9s egy\u00e9b alapanyagok sz\u00ednez\u00e9s\u00e9re, kiv\u00e1l\u00f3 eredm\u00e9nnyel<\/h3><\/li><li><h3 style=\"text-align: justify;\">gazdas\u00e1goss\u00e1g &#8211; kis mennyis\u00e9g haszn\u00e1lata is kiv\u00e1l\u00f3 eredm\u00e9nyt hoz<\/h3><\/li><\/ul><h3><strong>Adagol\u00e1si \u00fatmutat\u00f3:<\/strong><\/h3><ul><li><h3>mindig kis mennyis\u00e9geket adagoljunk \u00e9s vegy\u00fck figyelembe, hogy a megsz\u00ednezett massza \u00e1ll\u00e1s\u00e1ban 1-2 \u00e1rnyalattal s\u00f6t\u00e9tedik<\/h3><\/li><\/ul>    <\/div>\n<\/div>\n<!-- \/module text -->\n\t        <\/div>\n\t    \t<\/div>\n\t\t    <\/div>\n\t    <!-- \/row_inner -->\n\t<\/div>\n\t<!-- \/module_row -->\n\t\t<!-- module_row -->\n\t<div  class=\"themify_builder_row module_row clearfix module_row_1 themify_builder_12123_row module_row_12123-1 tb_dbgr230\">\n\t    \t    <div class=\"row_inner col_align_top\" >\n\t\t\t<div  class=\"module_column tb-column col4-2 first tb_12123_column module_column_0 module_column_12123-1-0 tb_jy2d036\">\n\t    \t    \t        <div class=\"tb-column-inner\">\n\t\t    <!-- module text -->\n<div  class=\"module module-text tb_6f35303  repeat  \">\n            <div  class=\"tb_text_wrap\">\n    <h3><span style=\"color: #878787;\"><strong>Nett\u00f3 tartalom:<\/strong><\/span><\/h3>\n<ul>\n<li>\n<h3><span style=\"color: #ec008c;\">25 gramm<\/span><\/h3>\n<\/li>\n<\/ul>    <\/div>\n<\/div>\n<!-- \/module text -->\n<!-- module text -->\n<div  class=\"module module-text tb_os75503  repeat  \">\n            <div  class=\"tb_text_wrap\">\n    <h3><strong>\u00d6sszetev\u0151k:<\/strong><\/h3><ul><li><h3>n\u00f6v\u00e9nyi glicerin, propil\u00e9n glikol, szilikon dioxid<\/h3><\/li><li><h3>sz\u00ednez\u0151k: E122, E129, E171 &#8211; E122 \u00e9s E129 k\u00e1ros hat\u00e1ssal lehetnek gyerekekre<\/h3><\/li><\/ul>    <\/div>\n<\/div>\n<!-- \/module text -->\n\t<div  class=\"themify_builder_sub_row module_subrow clearfix sub_row_1-0-2 tb_5g8x500\">\n\t    \t    <div class=\"subrow_inner col_align_top\" >\n\t\t\t<div  class=\"sub_column module_column col4-2 first sub_column_post_12123 sub_column_1-0-2-0 tb_ns1u550\"> \n\t    \t    \t<\/div>\n\t\t<div  class=\"sub_column module_column col4-2 last sub_column_post_12123 sub_column_1-0-2-1 tb_h8dz606\"> \n\t    \t    \t<\/div>\n\t\t    <\/div>\n\t<\/div><!-- \/themify_builder_sub_row -->\n\t\t        <\/div>\n\t    \t<\/div>\n\t\t<div  class=\"module_column tb-column col4-2 last tb_12123_column module_column_1 module_column_12123-1-1 tb_yswd096\">\n\t    \t    \t        <div class=\"tb-column-inner\">\n\t\t    <!-- module text -->\n<div  class=\"module module-text tb_ox67033  repeat  \">\n            <div  class=\"tb_text_wrap\">\n    <h3><span style=\"color: #878787;\"><strong>Lej\u00e1rati id\u0151:<\/strong><\/span><\/h3><ul><li><h3><span style=\"color: #ec008c;\">2026. november 30.<\/span><\/h3><\/li><\/ul>    <\/div>\n<\/div>\n<!-- \/module text -->\n<!-- module text -->\n<div  class=\"module module-text tb_czhk301  repeat  \">\n            <div  class=\"tb_text_wrap\">\n    <h3><span style=\"color: #878787;\"><strong>T\u00e1rol\u00e1si \u00fatmutat\u00f3:<\/strong><\/span><\/h3>\n<ul>\n<li>\n<h3><span style=\"color: #878787;\">s\u00f6t\u00e9t, h\u0171v\u00f6s, sz\u00e1raz helyen t\u00e1roland\u00f3<\/span><\/h3>\n<\/li>\n<\/ul>    <\/div>\n<\/div>\n<!-- \/module text -->\n\t        <\/div>\n\t    \t<\/div>\n\t\t    <\/div>\n\t    <!-- \/row_inner -->\n\t<\/div>\n\t<!-- \/module_row -->\n\t<\/div>\n\n","protected":false},"excerpt":{"rendered":"<p>K\u00fcl\u00f6nlegesen sz\u00e9p sz\u00edn\u0171 rose pink g\u00e9lfest\u00e9k, az angliai Sugarflairt\u0151l &nbsp; \u00c1ltal\u00e1nos jellemz\u0151k a Sugarflair \u00e1ltal gy\u00e1rtott g\u00e9lekre: kiv\u00e1l\u00f3 sz\u00ednez\u00e9si adotts\u00e1g kiv\u00e1l\u00f3 sz\u00edntart\u00e1s sz\u00e9les sk\u00e1l\u00e1j\u00fa felhaszn\u00e1l\u00e1si lehet\u0151s\u00e9gek, professzion\u00e1lis eredm\u00e9nnyel &#8211; fondant, cukormassza, marcip\u00e1n, glaz\u00far \u00e9s egy\u00e9b alapanyagok sz\u00ednez\u00e9s\u00e9re, kiv\u00e1l\u00f3 eredm\u00e9nnyel gazdas\u00e1goss\u00e1g &#8211; kis mennyis\u00e9g haszn\u00e1lata is kiv\u00e1l\u00f3 eredm\u00e9nyt hoz Adagol\u00e1si \u00fatmutat\u00f3: mindig kis mennyis\u00e9geket adagoljunk \u00e9s [&hellip;]<\/p>\n","protected":false},"featured_media":16630,"comment_status":"open","ping_status":"closed","template":"","meta":[],"builder_content":"<h3><strong>\u00c1ltal\u00e1nos jellemz\u0151k a Sugarflair \u00e1ltal gy\u00e1rtott g\u00e9lekre:<\/strong><\/h3><ul><li><h3 style=\"text-align: justify;\">kiv\u00e1l\u00f3 sz\u00ednez\u00e9si adotts\u00e1g\u00a0<\/h3><\/li><li style=\"text-align: justify;\"><h3>kiv\u00e1l\u00f3 sz\u00edntart\u00e1s<\/h3><\/li><li><h3 style=\"text-align: justify;\">sz\u00e9les sk\u00e1l\u00e1j\u00fa felhaszn\u00e1l\u00e1si lehet\u0151s\u00e9gek, professzion\u00e1lis eredm\u00e9nnyel - fondant, cukormassza, marcip\u00e1n, glaz\u00far \u00e9s egy\u00e9b alapanyagok sz\u00ednez\u00e9s\u00e9re, kiv\u00e1l\u00f3 eredm\u00e9nnyel<\/h3><\/li><li><h3 style=\"text-align: justify;\">gazdas\u00e1goss\u00e1g - kis mennyis\u00e9g haszn\u00e1lata is kiv\u00e1l\u00f3 eredm\u00e9nyt hoz<\/h3><\/li><\/ul><h3><strong>Adagol\u00e1si \u00fatmutat\u00f3:<\/strong><\/h3><ul><li><h3>mindig kis mennyis\u00e9geket adagoljunk \u00e9s vegy\u00fck figyelembe, hogy a megsz\u00ednezett massza \u00e1ll\u00e1s\u00e1ban 1-2 \u00e1rnyalattal s\u00f6t\u00e9tedik<\/h3><\/li><\/ul>\n<h3><strong>Nett\u00f3 tartalom:<\/strong><\/h3> <ul> <li> <h3>25 gramm<\/h3> <\/li> <\/ul>\n<h3><strong>\u00d6sszetev\u0151k:<\/strong><\/h3><ul><li><h3>n\u00f6v\u00e9nyi glicerin, propil\u00e9n glikol, szilikon dioxid<\/h3><\/li><li><h3>sz\u00ednez\u0151k: E122, E129, E171 - E122 \u00e9s E129 k\u00e1ros hat\u00e1ssal lehetnek gyerekekre<\/h3><\/li><\/ul>\n<h3><strong>Lej\u00e1rati id\u0151:<\/strong><\/h3><ul><li><h3>2026. november 30.<\/h3><\/li><\/ul>\n<h3><strong>T\u00e1rol\u00e1si \u00fatmutat\u00f3:<\/strong><\/h3> <ul> <li> <h3>s\u00f6t\u00e9t, h\u0171v\u00f6s, sz\u00e1raz helyen t\u00e1roland\u00f3<\/h3> <\/li> <\/ul>","_links":{"self":[{"href":"https:\/\/jhcakes.com\/shop\/wp-json\/wp\/v2\/product\/12123"}],"collection":[{"href":"https:\/\/jhcakes.com\/shop\/wp-json\/wp\/v2\/product"}],"about":[{"href":"https:\/\/jhcakes.com\/shop\/wp-json\/wp\/v2\/types\/product"}],"replies":[{"embeddable":true,"href":"https:\/\/jhcakes.com\/shop\/wp-json\/wp\/v2\/comments?post=12123"}],"wp:featuredmedia":[{"embeddable":true,"href":"https:\/\/jhcakes.com\/shop\/wp-json\/wp\/v2\/media\/16630"}],"wp:attachment":[{"href":"https:\/\/jhcakes.com\/shop\/wp-json\/wp\/v2\/media?parent=12123"}],"curies":[{"name":"wp","href":"https:\/\/api.w.org\/{rel}","templated":true}]}}