{"id":12031,"date":"2019-03-05T19:22:54","date_gmt":"2019-03-05T18:22:54","guid":{"rendered":"https:\/\/jhcakes.com\/shop\/?post_type=product&#038;p=12031"},"modified":"2024-05-07T02:10:30","modified_gmt":"2024-05-07T00:10:30","slug":"babakek-sugarflair-gelfestek","status":"publish","type":"product","link":"https:\/\/jhcakes.com\/shop\/termek\/babakek-sugarflair-gelfestek\/","title":{"rendered":"Babak\u00e9k Sugarflair g\u00e9lfest\u00e9k"},"content":{"rendered":"<h3 style=\"text-align: center;\"><span style=\"color: #878787;\">Pasztell t\u00f3nus\u00fa\u00a0<\/span><strong><span style=\"color: #ec008c;\">babak\u00e9k g\u00e9lfest\u00e9k,<\/span> <\/strong><span style=\"color: #878787;\">az angliai Sugarflairt\u0151l<\/span><\/h3>\n<p>&nbsp;<\/p>\n<div id=\"themify_builder_content-12031\" data-postid=\"12031\" class=\"themify_builder_content themify_builder_content-12031 themify_builder\">\n    \t<!-- module_row -->\n\t<div  class=\"themify_builder_row module_row clearfix module_row_0 themify_builder_12031_row module_row_12031-0 tb_af8n430\">\n\t    \t    <div class=\"row_inner col_align_top\" >\n\t\t\t<div  class=\"module_column tb-column col-full first tb_12031_column module_column_0 module_column_12031-0-0 tb_ur4i503\">\n\t    \t    \t        <div class=\"tb-column-inner\">\n\t\t    <!-- module text -->\n<div  class=\"module module-text tb_rve6500  repeat  \">\n            <div  class=\"tb_text_wrap\">\n    <h3><strong>\u00c1ltal\u00e1nos jellemz\u0151k a Sugarflair \u00e1ltal gy\u00e1rtott g\u00e9lekre:<\/strong><\/h3>\n<ul>\n<li>\n<h3 style=\"text-align: justify;\">kiv\u00e1l\u00f3 sz\u00ednez\u00e9si adotts\u00e1g\u00a0<\/h3>\n<\/li>\n<li style=\"text-align: justify;\">\n<h3>kiv\u00e1l\u00f3 sz\u00edntart\u00e1s<\/h3>\n<\/li>\n<li>\n<h3 style=\"text-align: justify;\">sz\u00e9les sk\u00e1l\u00e1j\u00fa felhaszn\u00e1l\u00e1si lehet\u0151s\u00e9gek, professzion\u00e1lis eredm\u00e9nnyel &#8211; fondant, cukormassza, marcip\u00e1n, glaz\u00far \u00e9s egy\u00e9b alapanyagok sz\u00ednez\u00e9s\u00e9re, kiv\u00e1l\u00f3 eredm\u00e9nnyel<\/h3>\n<\/li>\n<li>\n<h3 style=\"text-align: justify;\">gazdas\u00e1goss\u00e1g &#8211; kis mennyis\u00e9g haszn\u00e1lata is kiv\u00e1l\u00f3 eredm\u00e9nyt hoz<\/h3>\n<\/li>\n<\/ul>\n<h3><strong>Adagol\u00e1si \u00fatmutat\u00f3:<\/strong><\/h3>\n<ul>\n<li>\n<h3>mindig kis mennyis\u00e9geket adagoljunk \u00e9s vegy\u00fck figyelembe, hogy a megsz\u00ednezett massza \u00e1ll\u00e1s\u00e1ban 1-2 \u00e1rnyalattal s\u00f6t\u00e9tedik<\/h3>\n<\/li>\n<\/ul>    <\/div>\n<\/div>\n<!-- \/module text -->\n\t        <\/div>\n\t    \t<\/div>\n\t\t    <\/div>\n\t    <!-- \/row_inner -->\n\t<\/div>\n\t<!-- \/module_row -->\n\t\t<!-- module_row -->\n\t<div  class=\"themify_builder_row module_row clearfix module_row_1 themify_builder_12031_row module_row_12031-1 tb_m0m1444\">\n\t    \t    <div class=\"row_inner col_align_top\" >\n\t\t\t<div  class=\"module_column tb-column col4-2 first tb_12031_column module_column_0 module_column_12031-1-0 tb_jd8v291\">\n\t    \t    \t        <div class=\"tb-column-inner\">\n\t\t    <!-- module text -->\n<div  class=\"module module-text tb_tkp2233  repeat  \">\n            <div  class=\"tb_text_wrap\">\n    <h3><span style=\"color: #878787;\"><strong>Nett\u00f3 tartalom:<\/strong><\/span><\/h3>\n<ul>\n<li>\n<h3><strong><span style=\"color: #ec008c;\">25 gramm<\/span><\/strong><\/h3>\n<\/li>\n<\/ul>    <\/div>\n<\/div>\n<!-- \/module text -->\n<!-- module text -->\n<div  class=\"module module-text tb_hecg303  repeat  \">\n            <div  class=\"tb_text_wrap\">\n    <h3><strong>\u00d6sszetev\u0151k:<\/strong><\/h3>\n<ul>\n<li>\n<h3>nedves\u00edt\u0151anyag: E422, s\u0171r\u00edt\u0151anyag: E551<\/h3>\n<\/li>\n<li>\n<h3>sz\u00ednez\u00e9kek: E122, E133 &#8211; E122 k\u00e1ros hat\u00e1ssal lehet gyerekekre<\/h3>\n<\/li>\n<\/ul>    <\/div>\n<\/div>\n<!-- \/module text -->\n\t<div  class=\"themify_builder_sub_row module_subrow clearfix sub_row_1-0-2 tb_2cv8034\">\n\t    \t    <div class=\"subrow_inner col_align_top\" >\n\t\t\t<div  class=\"sub_column module_column col4-2 first sub_column_post_12031 sub_column_1-0-2-0 tb_915m302\"> \n\t    \t    \t<\/div>\n\t\t<div  class=\"sub_column module_column col4-2 last sub_column_post_12031 sub_column_1-0-2-1 tb_kke6203\"> \n\t    \t    \t<\/div>\n\t\t    <\/div>\n\t<\/div><!-- \/themify_builder_sub_row -->\n\t\t        <\/div>\n\t    \t<\/div>\n\t\t<div  class=\"module_column tb-column col4-2 last tb_12031_column module_column_1 module_column_12031-1-1 tb_swqr041\">\n\t    \t    \t        <div class=\"tb-column-inner\">\n\t\t    <!-- module text -->\n<div  class=\"module module-text tb_33cq532  repeat  \">\n            <div  class=\"tb_text_wrap\">\n    <h3><span style=\"color: #878787;\"><strong>Lej\u00e1rati id\u0151:<\/strong><\/span><\/h3>\n<ul>\n<li>\n<h3><strong><span style=\"color: #ec008c;\">2028. december 30.<\/span><\/strong><\/h3>\n<\/li>\n<\/ul>    <\/div>\n<\/div>\n<!-- \/module text -->\n<!-- module text -->\n<div  class=\"module module-text tb_d61w241  repeat  \">\n            <div  class=\"tb_text_wrap\">\n    <h3><span style=\"color: #878787;\"><strong>T\u00e1rol\u00e1si \u00fatmutat\u00f3:<\/strong><\/span><\/h3>\n<ul>\n<li>\n<h3><span style=\"color: #878787;\">s\u00f6t\u00e9t, h\u0171v\u00f6s, sz\u00e1raz helyen t\u00e1roland\u00f3<\/span><\/h3>\n<\/li>\n<\/ul>    <\/div>\n<\/div>\n<!-- \/module text -->\n\t        <\/div>\n\t    \t<\/div>\n\t\t    <\/div>\n\t    <!-- \/row_inner -->\n\t<\/div>\n\t<!-- \/module_row -->\n\t<\/div>\n\n","protected":false},"excerpt":{"rendered":"<p>Pasztell t\u00f3nus\u00fa\u00a0babak\u00e9k g\u00e9lfest\u00e9k, az angliai Sugarflairt\u0151l &nbsp; \u00c1ltal\u00e1nos jellemz\u0151k a Sugarflair \u00e1ltal gy\u00e1rtott g\u00e9lekre: kiv\u00e1l\u00f3 sz\u00ednez\u00e9si adotts\u00e1g kiv\u00e1l\u00f3 sz\u00edntart\u00e1s sz\u00e9les sk\u00e1l\u00e1j\u00fa felhaszn\u00e1l\u00e1si lehet\u0151s\u00e9gek, professzion\u00e1lis eredm\u00e9nnyel &#8211; fondant, cukormassza, marcip\u00e1n, glaz\u00far \u00e9s egy\u00e9b alapanyagok sz\u00ednez\u00e9s\u00e9re, kiv\u00e1l\u00f3 eredm\u00e9nnyel gazdas\u00e1goss\u00e1g &#8211; kis mennyis\u00e9g haszn\u00e1lata is kiv\u00e1l\u00f3 eredm\u00e9nyt hoz Adagol\u00e1si \u00fatmutat\u00f3: mindig kis mennyis\u00e9geket adagoljunk \u00e9s vegy\u00fck figyelembe, hogy [&hellip;]<\/p>\n","protected":false},"featured_media":15896,"comment_status":"open","ping_status":"closed","template":"","meta":[],"builder_content":"<h3><strong>\u00c1ltal\u00e1nos jellemz\u0151k a Sugarflair \u00e1ltal gy\u00e1rtott g\u00e9lekre:<\/strong><\/h3> <ul> <li> <h3 style=\"text-align: justify;\">kiv\u00e1l\u00f3 sz\u00ednez\u00e9si adotts\u00e1g\u00a0<\/h3> <\/li> <li style=\"text-align: justify;\"> <h3>kiv\u00e1l\u00f3 sz\u00edntart\u00e1s<\/h3> <\/li> <li> <h3 style=\"text-align: justify;\">sz\u00e9les sk\u00e1l\u00e1j\u00fa felhaszn\u00e1l\u00e1si lehet\u0151s\u00e9gek, professzion\u00e1lis eredm\u00e9nnyel - fondant, cukormassza, marcip\u00e1n, glaz\u00far \u00e9s egy\u00e9b alapanyagok sz\u00ednez\u00e9s\u00e9re, kiv\u00e1l\u00f3 eredm\u00e9nnyel<\/h3> <\/li> <li> <h3 style=\"text-align: justify;\">gazdas\u00e1goss\u00e1g - kis mennyis\u00e9g haszn\u00e1lata is kiv\u00e1l\u00f3 eredm\u00e9nyt hoz<\/h3> <\/li> <\/ul> <h3><strong>Adagol\u00e1si \u00fatmutat\u00f3:<\/strong><\/h3> <ul> <li> <h3>mindig kis mennyis\u00e9geket adagoljunk \u00e9s vegy\u00fck figyelembe, hogy a megsz\u00ednezett massza \u00e1ll\u00e1s\u00e1ban 1-2 \u00e1rnyalattal s\u00f6t\u00e9tedik<\/h3> <\/li> <\/ul>\n<h3><strong>Nett\u00f3 tartalom:<\/strong><\/h3> <ul> <li> <h3><strong>25 gramm<\/strong><\/h3> <\/li> <\/ul>\n<h3><strong>\u00d6sszetev\u0151k:<\/strong><\/h3> <ul> <li> <h3>nedves\u00edt\u0151anyag: E422, s\u0171r\u00edt\u0151anyag: E551<\/h3> <\/li> <li> <h3>sz\u00ednez\u00e9kek: E122, E133 - E122 k\u00e1ros hat\u00e1ssal lehet gyerekekre<\/h3> <\/li> <\/ul>\n<h3><strong>Lej\u00e1rati id\u0151:<\/strong><\/h3> <ul> <li> <h3><strong>2028. december 30.<\/strong><\/h3> <\/li> <\/ul>\n<h3><strong>T\u00e1rol\u00e1si \u00fatmutat\u00f3:<\/strong><\/h3> <ul> <li> <h3>s\u00f6t\u00e9t, h\u0171v\u00f6s, sz\u00e1raz helyen t\u00e1roland\u00f3<\/h3> <\/li> <\/ul>","_links":{"self":[{"href":"https:\/\/jhcakes.com\/shop\/wp-json\/wp\/v2\/product\/12031"}],"collection":[{"href":"https:\/\/jhcakes.com\/shop\/wp-json\/wp\/v2\/product"}],"about":[{"href":"https:\/\/jhcakes.com\/shop\/wp-json\/wp\/v2\/types\/product"}],"replies":[{"embeddable":true,"href":"https:\/\/jhcakes.com\/shop\/wp-json\/wp\/v2\/comments?post=12031"}],"wp:featuredmedia":[{"embeddable":true,"href":"https:\/\/jhcakes.com\/shop\/wp-json\/wp\/v2\/media\/15896"}],"wp:attachment":[{"href":"https:\/\/jhcakes.com\/shop\/wp-json\/wp\/v2\/media?parent=12031"}],"curies":[{"name":"wp","href":"https:\/\/api.w.org\/{rel}","templated":true}]}}