{"id":12014,"date":"2019-03-04T23:38:12","date_gmt":"2019-03-04T22:38:12","guid":{"rendered":"https:\/\/jhcakes.com\/shop\/?post_type=product&#038;p=12014"},"modified":"2023-08-02T20:37:15","modified_gmt":"2023-08-02T18:37:15","slug":"vizkek-sugarflair-gelfestek","status":"publish","type":"product","link":"https:\/\/jhcakes.com\/shop\/termek\/vizkek-sugarflair-gelfestek\/","title":{"rendered":"V\u00edzk\u00e9k Sugarflair gv\u00e9lfest\u00e9k"},"content":{"rendered":"<h3 style=\"text-align: center;\"><span style=\"color: #878787;\">Nagyon sz\u00e9p sz\u00edn\u0171 <\/span><strong><span style=\"color: #ec008c;\">v\u00edzk\u00e9k g\u00e9lfest\u00e9k,<\/span> <\/strong><span style=\"color: #878787;\">az angliai Sugarflairt\u0151l<\/span><\/h3>\n<p>&nbsp;<\/p>\n<div id=\"themify_builder_content-12014\" data-postid=\"12014\" class=\"themify_builder_content themify_builder_content-12014 themify_builder\">\n    \t<!-- module_row -->\n\t<div  class=\"themify_builder_row module_row clearfix module_row_0 themify_builder_12014_row module_row_12014-0 tb_iftr205\">\n\t    \t    <div class=\"row_inner col_align_top\" >\n\t\t\t<div  class=\"module_column tb-column col-full first tb_12014_column module_column_0 module_column_12014-0-0 tb_boqj423\">\n\t    \t    \t        <div class=\"tb-column-inner\">\n\t\t    <!-- module text -->\n<div  class=\"module module-text tb_hht6902  repeat  \">\n            <div  class=\"tb_text_wrap\">\n    <h3><strong>\u00c1ltal\u00e1nos jellemz\u0151k a Sugarflair \u00e1ltal gy\u00e1rtott g\u00e9lekre:<\/strong><\/h3><ul><li><h3 style=\"text-align: justify;\">kiv\u00e1l\u00f3 sz\u00ednez\u00e9si adotts\u00e1g\u00a0<\/h3><\/li><li style=\"text-align: justify;\"><h3>kiv\u00e1l\u00f3 sz\u00edntart\u00e1s<\/h3><\/li><li><h3 style=\"text-align: justify;\">sz\u00e9les sk\u00e1l\u00e1j\u00fa felhaszn\u00e1l\u00e1si lehet\u0151s\u00e9gek, professzion\u00e1lis eredm\u00e9nnyel &#8211; fondant, cukormassza, marcip\u00e1n, glaz\u00far \u00e9s egy\u00e9b alapanyagok sz\u00ednez\u00e9s\u00e9re, kiv\u00e1l\u00f3 eredm\u00e9nnyel<\/h3><\/li><li><h3 style=\"text-align: justify;\">gazdas\u00e1goss\u00e1g &#8211; kis mennyis\u00e9g haszn\u00e1lata is kiv\u00e1l\u00f3 eredm\u00e9nyt hoz<\/h3><\/li><\/ul><h3><strong>Adagol\u00e1si \u00fatmutat\u00f3:<\/strong><\/h3><ul><li><h3>mindig kis mennyis\u00e9geket adagoljunk \u00e9s vegy\u00fck figyelembe, hogy a megsz\u00ednezett massza \u00e1ll\u00e1s\u00e1ban 1-2 \u00e1rnyalattal s\u00f6t\u00e9tedik<\/h3><\/li><\/ul>    <\/div>\n<\/div>\n<!-- \/module text -->\n\t        <\/div>\n\t    \t<\/div>\n\t\t    <\/div>\n\t    <!-- \/row_inner -->\n\t<\/div>\n\t<!-- \/module_row -->\n\t\t<!-- module_row -->\n\t<div  class=\"themify_builder_row module_row clearfix module_row_1 themify_builder_12014_row module_row_12014-1 tb_26m9104\">\n\t    \t    <div class=\"row_inner col_align_top\" >\n\t\t\t<div  class=\"module_column tb-column col4-2 first tb_12014_column module_column_0 module_column_12014-1-0 tb_yqmj224\">\n\t    \t    \t        <div class=\"tb-column-inner\">\n\t\t    <!-- module text -->\n<div  class=\"module module-text tb_mfbq909  repeat  \">\n            <div  class=\"tb_text_wrap\">\n    <h3><span style=\"color: #878787;\"><strong>Nett\u00f3 tartalom:<\/strong><\/span><\/h3><ul><li><h3><span style=\"color: #ec008c;\">25 gramm<\/span><\/h3><\/li><\/ul>    <\/div>\n<\/div>\n<!-- \/module text -->\n<!-- module text -->\n<div  class=\"module module-text tb_2by9992  repeat  \">\n            <div  class=\"tb_text_wrap\">\n    <h3><strong>\u00d6sszetev\u0151k:<\/strong><\/h3><ul><li><h3>n\u00f6v\u00e9nyi glicerin E422, propil\u00e9n glikol: E1520, szilikon dioxid: E551<\/h3><\/li><li><h3>sz\u00ednez\u0151k: E171, E102, E133 &#8211; E102 k\u00e1ros hat\u00e1ssal lehet gyerekekre<\/h3><\/li><\/ul>    <\/div>\n<\/div>\n<!-- \/module text -->\n\t<div  class=\"themify_builder_sub_row module_subrow clearfix sub_row_1-0-2 tb_ip18252\">\n\t    \t    <div class=\"subrow_inner col_align_top\" >\n\t\t\t<div  class=\"sub_column module_column col4-2 first sub_column_post_12014 sub_column_1-0-2-0 tb_5urb252\"> \n\t    \t    \t<\/div>\n\t\t<div  class=\"sub_column module_column col4-2 last sub_column_post_12014 sub_column_1-0-2-1 tb_udv4250\"> \n\t    \t    \t<\/div>\n\t\t    <\/div>\n\t<\/div><!-- \/themify_builder_sub_row -->\n\t\t        <\/div>\n\t    \t<\/div>\n\t\t<div  class=\"module_column tb-column col4-2 last tb_12014_column module_column_1 module_column_12014-1-1 tb_e3z9052\">\n\t    \t    \t        <div class=\"tb-column-inner\">\n\t\t    <!-- module text -->\n<div  class=\"module module-text tb_4xss000  repeat  \">\n            <div  class=\"tb_text_wrap\">\n    <h3><span style=\"color: #878787;\"><strong>Lej\u00e1rati id\u0151:<\/strong><\/span><\/h3><ul><li><h3><span style=\"color: #ec008c;\">2026. november 30.<\/span><\/h3><\/li><\/ul>    <\/div>\n<\/div>\n<!-- \/module text -->\n<!-- module text -->\n<div  class=\"module module-text tb_sj1d095  repeat  \">\n            <div  class=\"tb_text_wrap\">\n    <h3><span style=\"color: #878787;\"><strong>T\u00e1rol\u00e1si \u00fatmutat\u00f3:<\/strong><\/span><\/h3>\n<ul>\n<li>\n<h3><span style=\"color: #878787;\">s\u00f6t\u00e9t, h\u0171v\u00f6s, sz\u00e1raz helyen t\u00e1roland\u00f3<\/span><\/h3>\n<\/li>\n<\/ul>    <\/div>\n<\/div>\n<!-- \/module text -->\n\t        <\/div>\n\t    \t<\/div>\n\t\t    <\/div>\n\t    <!-- \/row_inner -->\n\t<\/div>\n\t<!-- \/module_row -->\n\t<\/div>\n\n","protected":false},"excerpt":{"rendered":"<p>Nagyon sz\u00e9p sz\u00edn\u0171 v\u00edzk\u00e9k g\u00e9lfest\u00e9k, az angliai Sugarflairt\u0151l &nbsp; \u00c1ltal\u00e1nos jellemz\u0151k a Sugarflair \u00e1ltal gy\u00e1rtott g\u00e9lekre: kiv\u00e1l\u00f3 sz\u00ednez\u00e9si adotts\u00e1g kiv\u00e1l\u00f3 sz\u00edntart\u00e1s sz\u00e9les sk\u00e1l\u00e1j\u00fa felhaszn\u00e1l\u00e1si lehet\u0151s\u00e9gek, professzion\u00e1lis eredm\u00e9nnyel &#8211; fondant, cukormassza, marcip\u00e1n, glaz\u00far \u00e9s egy\u00e9b alapanyagok sz\u00ednez\u00e9s\u00e9re, kiv\u00e1l\u00f3 eredm\u00e9nnyel gazdas\u00e1goss\u00e1g &#8211; kis mennyis\u00e9g haszn\u00e1lata is kiv\u00e1l\u00f3 eredm\u00e9nyt hoz Adagol\u00e1si \u00fatmutat\u00f3: mindig kis mennyis\u00e9geket adagoljunk \u00e9s vegy\u00fck [&hellip;]<\/p>\n","protected":false},"featured_media":11965,"comment_status":"open","ping_status":"closed","template":"","meta":[],"builder_content":"<h3><strong>\u00c1ltal\u00e1nos jellemz\u0151k a Sugarflair \u00e1ltal gy\u00e1rtott g\u00e9lekre:<\/strong><\/h3><ul><li><h3 style=\"text-align: justify;\">kiv\u00e1l\u00f3 sz\u00ednez\u00e9si adotts\u00e1g\u00a0<\/h3><\/li><li style=\"text-align: justify;\"><h3>kiv\u00e1l\u00f3 sz\u00edntart\u00e1s<\/h3><\/li><li><h3 style=\"text-align: justify;\">sz\u00e9les sk\u00e1l\u00e1j\u00fa felhaszn\u00e1l\u00e1si lehet\u0151s\u00e9gek, professzion\u00e1lis eredm\u00e9nnyel - fondant, cukormassza, marcip\u00e1n, glaz\u00far \u00e9s egy\u00e9b alapanyagok sz\u00ednez\u00e9s\u00e9re, kiv\u00e1l\u00f3 eredm\u00e9nnyel<\/h3><\/li><li><h3 style=\"text-align: justify;\">gazdas\u00e1goss\u00e1g - kis mennyis\u00e9g haszn\u00e1lata is kiv\u00e1l\u00f3 eredm\u00e9nyt hoz<\/h3><\/li><\/ul><h3><strong>Adagol\u00e1si \u00fatmutat\u00f3:<\/strong><\/h3><ul><li><h3>mindig kis mennyis\u00e9geket adagoljunk \u00e9s vegy\u00fck figyelembe, hogy a megsz\u00ednezett massza \u00e1ll\u00e1s\u00e1ban 1-2 \u00e1rnyalattal s\u00f6t\u00e9tedik<\/h3><\/li><\/ul>\n<h3><strong>Nett\u00f3 tartalom:<\/strong><\/h3><ul><li><h3>25 gramm<\/h3><\/li><\/ul>\n<h3><strong>\u00d6sszetev\u0151k:<\/strong><\/h3><ul><li><h3>n\u00f6v\u00e9nyi glicerin E422, propil\u00e9n glikol: E1520, szilikon dioxid: E551<\/h3><\/li><li><h3>sz\u00ednez\u0151k: E171, E102, E133 - E102 k\u00e1ros hat\u00e1ssal lehet gyerekekre<\/h3><\/li><\/ul>\n<h3><strong>Lej\u00e1rati id\u0151:<\/strong><\/h3><ul><li><h3>2026. november 30.<\/h3><\/li><\/ul>\n<h3><strong>T\u00e1rol\u00e1si \u00fatmutat\u00f3:<\/strong><\/h3> <ul> <li> <h3>s\u00f6t\u00e9t, h\u0171v\u00f6s, sz\u00e1raz helyen t\u00e1roland\u00f3<\/h3> <\/li> <\/ul>","_links":{"self":[{"href":"https:\/\/jhcakes.com\/shop\/wp-json\/wp\/v2\/product\/12014"}],"collection":[{"href":"https:\/\/jhcakes.com\/shop\/wp-json\/wp\/v2\/product"}],"about":[{"href":"https:\/\/jhcakes.com\/shop\/wp-json\/wp\/v2\/types\/product"}],"replies":[{"embeddable":true,"href":"https:\/\/jhcakes.com\/shop\/wp-json\/wp\/v2\/comments?post=12014"}],"wp:featuredmedia":[{"embeddable":true,"href":"https:\/\/jhcakes.com\/shop\/wp-json\/wp\/v2\/media\/11965"}],"wp:attachment":[{"href":"https:\/\/jhcakes.com\/shop\/wp-json\/wp\/v2\/media?parent=12014"}],"curies":[{"name":"wp","href":"https:\/\/api.w.org\/{rel}","templated":true}]}}