{"id":11847,"date":"2019-01-27T14:59:33","date_gmt":"2019-01-27T13:59:33","guid":{"rendered":"https:\/\/jhcakes.com\/shop\/?post_type=product&#038;p=11847"},"modified":"2025-09-01T22:14:58","modified_gmt":"2025-09-01T20:14:58","slug":"rozsaszin-mimoza-cukorgolyok","status":"publish","type":"product","link":"https:\/\/jhcakes.com\/shop\/termek\/rozsaszin-mimoza-cukorgolyok\/","title":{"rendered":"R\u00f3zsasz\u00edn mim\u00f3za cukorgoly\u00f3k"},"content":{"rendered":"<h3 style=\"text-align: justify;\"><strong><span style=\"color: #ec008c;\">R\u00f3zsasz\u00edn mim\u00f3za cukorgoly\u00f3k.\u00a0<\/span><\/strong>Kiv\u00e1l\u00f3 v\u00e1laszt\u00e1s kupactort\u00e1k \u00e9s m\u00e9zesek d\u00edsz\u00edt\u00e9s\u00e9re.<\/h3>\n<p>&nbsp;<\/p>\n<h3><strong>\u00d6sszetev\u0151k:<\/strong><\/h3>\n<ul>\n<li>\n<h3>cukor, gluk\u00f3zszirup, rizsliszt, alma-, feketeribizli- \u00e9s retekkoncentr\u00e1tum s\u00f3, van\u00edlia &#8211; nyomokban tartalmazhat glut\u00e9nt, f\u00f6ldimogyor\u00f3t, sz\u00f3j\u00e1t, tejet \u00e9s f\u00e1n term\u0151 magokat<\/h3>\n<\/li>\n<\/ul>\n<h3><strong>Lej\u00e1rati id\u0151:<\/strong><\/h3>\n<ul>\n<li>\n<h3>2027. szeptember 30.<\/h3>\n<\/li>\n<\/ul>\n<h3><strong>Nett\u00f3 s\u00faly:<\/strong><\/h3>\n<ul>\n<li>\n<h3>45 gramm &#8211; kb: 210 cukorgoly\u00f3 per csomag<\/h3>\n<\/li>\n<\/ul>\n<div id=\"themify_builder_content-11847\" data-postid=\"11847\" class=\"themify_builder_content themify_builder_content-11847 themify_builder\">\n    <\/div>\n<!-- \/themify_builder_content -->","protected":false},"excerpt":{"rendered":"<h3><strong>Cukorgoly\u00f3k m\u00e9rete:<\/strong><\/h3>\n<ul>\n<li>\n<h3>kb: 7-8 mm<\/h3>\n<\/li>\n<\/ul>\n","protected":false},"featured_media":11852,"comment_status":"closed","ping_status":"closed","template":"","meta":[],"builder_content":"","_links":{"self":[{"href":"https:\/\/jhcakes.com\/shop\/wp-json\/wp\/v2\/product\/11847"}],"collection":[{"href":"https:\/\/jhcakes.com\/shop\/wp-json\/wp\/v2\/product"}],"about":[{"href":"https:\/\/jhcakes.com\/shop\/wp-json\/wp\/v2\/types\/product"}],"replies":[{"embeddable":true,"href":"https:\/\/jhcakes.com\/shop\/wp-json\/wp\/v2\/comments?post=11847"}],"wp:featuredmedia":[{"embeddable":true,"href":"https:\/\/jhcakes.com\/shop\/wp-json\/wp\/v2\/media\/11852"}],"wp:attachment":[{"href":"https:\/\/jhcakes.com\/shop\/wp-json\/wp\/v2\/media?parent=11847"}],"curies":[{"name":"wp","href":"https:\/\/api.w.org\/{rel}","templated":true}]}}