{"id":11735,"date":"2019-01-19T11:32:58","date_gmt":"2019-01-19T10:32:58","guid":{"rendered":"https:\/\/jhcakes.com\/shop\/?post_type=product&#038;p=11735"},"modified":"2024-05-16T21:27:27","modified_gmt":"2024-05-16T19:27:27","slug":"jobbkezes-pme-sziromcso-57r","status":"publish","type":"product","link":"https:\/\/jhcakes.com\/shop\/termek\/jobbkezes-pme-sziromcso-57r\/","title":{"rendered":"Jobbkezes PME sziromcs\u0151 #57R"},"content":{"rendered":"<h3 style=\"text-align: justify;\"><strong><span style=\"color: #ec008c;\">#57R jobbkezes PME sziromcs\u0151,<\/span><\/strong>\u00a0k\u00f6zepes vir\u00e1gszirmok egyes\u00e9vel t\u00f6rt\u00e9n\u0151 elk\u00e9sz\u00edt\u00e9s\u00e9hez.<\/h3>\n<h3 style=\"text-align: justify;\">Az &#8220;R&#8221; jel\u00f6l\u00e9s a &#8220;right&#8221; vagyis jobbkezes cs\u00f6veket jel\u00f6li. Ez az\u00e9rt fontos, mert ha jobbkezes k\u00e9sz\u00edt\u0151 balkezes cs\u00f6veket haszn\u00e1l, a vir\u00e1gszirmok vagy term\u00e9szetellenes ir\u00e1nyba fognak hajolni, vagy fejjel lefel\u00e9 fognak elk\u00e9sz\u00fclni, att\u00f3l f\u00fcgg\u0151en, hogy a k\u00e9sz\u00edt\u0151 hogyan tartja kez\u00e9ben a habzs\u00e1kot.<\/h3>\n<h3 style=\"text-align: justify;\">Balkezes k\u00e9sz\u00edt\u0151k keress\u00e9k az &#8220;L&#8221; vagyis &#8220;left&#8221; jel\u00f6l\u00e9ssel ell\u00e1tott cs\u00f6veket. Jobb- \u00e9s balkezes cs\u00f6vek csak \u00edves sziromcs\u00f6vekb\u0151l k\u00e9sz\u00fclnek.<\/h3>\n<h3 style=\"text-align: justify;\">A PME d\u00edsz\u00edt\u0151cs\u00f6vek a legjobb min\u0151s\u00e9g\u0171 cs\u00f6vek Magyarorsz\u00e1gon, bizalommal aj\u00e1nljuk haszn\u00e1latukat.<\/h3>\n<p>&nbsp;<\/p>\n<h3><strong>A PME d\u00edsz\u00edt\u0151cs\u00f6vek el\u0151nyei:<\/strong><\/h3>\n<ul>\n<li>\n<h3>nem szinez\u0151dnek el<\/h3>\n<\/li>\n<li>\n<h3>nem rozsd\u00e1sodnak<\/h3>\n<\/li>\n<li>\n<h3>nincsenek \u00f6sszeforraszt\u00e1si vonalai \u2013 a glaz\u00far nem p\u00f6r\u00f6g a cs\u0151b\u0151l t\u00f6rt\u00e9n\u0151 kinyom\u00e1skor<\/h3>\n<\/li>\n<\/ul>\n<h3 style=\"text-align: justify;\"><strong>Mit k\u00e9sz\u00edthet\u00fcnk az #57R sz\u00e1m\u00fa PME sziromcs\u0151vel?<\/strong><\/h3>\n<ul>\n<li>\n<h3>jobbkezes, k\u00f6zepes m\u00e9ret\u0171, \u00edves szirmokat &#8211; kiv\u00e1l\u00f3 k\u00f6zepes r\u00f3zsaszirmok k\u00e9sz\u00edt\u00e9s\u00e9re<\/h3>\n<\/li>\n<\/ul>\n<h3><strong>Milyen alapanyagot haszn\u00e1ljunk?<\/strong><\/h3>\n<ul>\n<li>\n<h3>vajkr\u00e9met<\/h3>\n<\/li>\n<li>\n<h3>glaz\u00fart\/\u00edr\u00f3k\u00e1t<\/h3>\n<\/li>\n<\/ul>\n<h3><strong>Milyen kieg\u00e9sz\u00edt\u0151t aj\u00e1nlunk a d\u00edsz\u00edt\u0151cs\u0151h\u00f6z?<\/strong><\/h3>\n<ul>\n<li>\n<h3>habzs\u00e1kot<\/h3>\n<\/li>\n<li>\n<h3><a href=\"https:\/\/jhcakes.com\/shop\/termek\/normal-meretu-csatolocso-szett\/\" target=\"_blank\" rel=\"noopener noreferrer\"><strong><span style=\"color: #1ba6b4;\">norm\u00e1l m\u00e9ret\u0171 csatol\u00f3cs\u00f6vet<\/span><\/strong><\/a><\/h3>\n<\/li>\n<\/ul>\n<h3><strong>Alapanyag:<\/strong><\/h3>\n<ul>\n<li>\n<h3>rozsdamentes ac\u00e9l<\/h3>\n<\/li>\n<\/ul>\n<h3 id=\"tab-description\"><strong>Kezel\u00e9si \u00fatmutat\u00f3:<\/strong><\/h3>\n<ul>\n<li>\n<h3>k\u00e9zzel moshat\u00f3, leveg\u0151n sz\u00e1r\u00edtand\u00f3<\/h3>\n<\/li>\n<\/ul>\n<div id=\"themify_builder_content-11735\" data-postid=\"11735\" class=\"themify_builder_content themify_builder_content-11735 themify_builder\">\n    <\/div>\n<!-- \/themify_builder_content -->","protected":false},"excerpt":{"rendered":"<h3><strong>Cs\u0151 m\u00e9rete:<\/strong><\/h3>\n<ul>\n<li>\n<h3>dekor\u00e1l\u00f3v\u00e9g hossza: \u00a0 \u00a0 \u00a0 \u00a0 7 mm<\/h3>\n<\/li>\n<li>\n<h3>cs\u0151hossz: \u00a0 \u00a0 \u00a0 \u00a0 \u00a0 \u00a0 \u00a0 \u00a0 \u00a0 \u00a0 \u00a0 \u00a0 \u00a0 30 mm<\/h3>\n<\/li>\n<\/ul>\n","protected":false},"featured_media":11737,"comment_status":"closed","ping_status":"closed","template":"","meta":[],"builder_content":"","_links":{"self":[{"href":"https:\/\/jhcakes.com\/shop\/wp-json\/wp\/v2\/product\/11735"}],"collection":[{"href":"https:\/\/jhcakes.com\/shop\/wp-json\/wp\/v2\/product"}],"about":[{"href":"https:\/\/jhcakes.com\/shop\/wp-json\/wp\/v2\/types\/product"}],"replies":[{"embeddable":true,"href":"https:\/\/jhcakes.com\/shop\/wp-json\/wp\/v2\/comments?post=11735"}],"wp:featuredmedia":[{"embeddable":true,"href":"https:\/\/jhcakes.com\/shop\/wp-json\/wp\/v2\/media\/11737"}],"wp:attachment":[{"href":"https:\/\/jhcakes.com\/shop\/wp-json\/wp\/v2\/media?parent=11735"}],"curies":[{"name":"wp","href":"https:\/\/api.w.org\/{rel}","templated":true}]}}