{"id":11705,"date":"2019-01-18T22:39:02","date_gmt":"2019-01-18T21:39:02","guid":{"rendered":"https:\/\/jhcakes.com\/shop\/?post_type=product&#038;p=11705"},"modified":"2023-11-01T15:28:21","modified_gmt":"2023-11-01T14:28:21","slug":"kozepes-levelcso-51-pme","status":"publish","type":"product","link":"https:\/\/jhcakes.com\/shop\/termek\/kozepes-levelcso-51-pme\/","title":{"rendered":"K\u00f6zepes lev\u00e9lcs\u0151 #51 PME"},"content":{"rendered":"<h3 style=\"text-align: justify;\"><strong><span style=\"color: #ec008c;\">#51 PME lev\u00e9lcs\u0151<\/span><\/strong>\u00a0k\u00f6zepes m\u00e9ret\u0171 levelek k\u00e9sz\u00edt\u00e9s\u00e9re.\u00a0A PME d\u00edsz\u00edt\u0151cs\u00f6vek a legjobb min\u0151s\u00e9g\u0171 cs\u00f6vek Magyarorsz\u00e1gon,\u00a0bizalommal aj\u00e1nljuk haszn\u00e1latukat.<\/h3>\n<p>&nbsp;<\/p>\n<h3><strong>A PME d\u00edsz\u00edt\u0151cs\u00f6vek el\u0151nyei:<\/strong><\/h3>\n<ul>\n<li>\n<h3>nem sz\u00ednez\u0151dnek el<\/h3>\n<\/li>\n<li>\n<h3>nem rozsd\u00e1sodnak<\/h3>\n<\/li>\n<li>\n<h3>nincsenek \u00f6sszeforraszt\u00e1si vonalai \u2013 a glaz\u00far nem p\u00f6r\u00f6g a cs\u0151b\u0151l t\u00f6rt\u00e9n\u0151 kinyom\u00e1skor<\/h3>\n<\/li>\n<\/ul>\n<h3 style=\"text-align: justify;\"><strong>Mit k\u00e9sz\u00edthet\u00fcnk az #51-es sz\u00e1m\u00fa PME lev\u00e9lcs\u0151vel?<\/strong><\/h3>\n<ul>\n<li>\n<h3>k\u00f6zepes leveleket k\u00f6zep\u00fck\u00f6n \u00e1tfut\u00f3 \u00e9rrel<\/h3>\n<\/li>\n<\/ul>\n<h3><strong>Milyen alapanyagot haszn\u00e1lhatunk?<\/strong><\/h3>\n<ul>\n<li>\n<h3>vajkr\u00e9met<\/h3>\n<\/li>\n<li>\n<h3>glaz\u00fart\/\u00edr\u00f3k\u00e1t<\/h3>\n<\/li>\n<\/ul>\n<h3><strong>Milyen kieg\u00e9sz\u00edt\u0151t aj\u00e1nlunk a d\u00edsz\u00edt\u0151cs\u0151h\u00f6z?<\/strong><\/h3>\n<ul>\n<li>\n<h3>habzs\u00e1kot<\/h3>\n<\/li>\n<li>\n<h3><a href=\"https:\/\/jhcakes.com\/shop\/termek\/normal-meretu-csatolocso-szett\/\" target=\"_blank\" rel=\"noopener noreferrer\"><strong><span style=\"color: #1ba6b4;\">norm\u00e1l m\u00e9ret\u0171 csatol\u00f3cs\u00f6vet<\/span><\/strong><\/a><\/h3>\n<\/li>\n<\/ul>\n<h3><strong>Alapanyag:<\/strong><\/h3>\n<ul>\n<li>\n<h3>rozsdamentes ac\u00e9l<\/h3>\n<\/li>\n<\/ul>\n<h3 id=\"tab-description\"><strong>Kezel\u00e9si \u00fatmutat\u00f3:<\/strong><\/h3>\n<ul>\n<li>\n<h3>k\u00e9zzel moshat\u00f3, leveg\u0151n sz\u00e1r\u00edtand\u00f3<\/h3>\n<\/li>\n<\/ul>\n<div id=\"themify_builder_content-11705\" data-postid=\"11705\" class=\"themify_builder_content themify_builder_content-11705 themify_builder\">\n    <\/div>\n<!-- \/themify_builder_content -->","protected":false},"excerpt":{"rendered":"<h3><strong>Cs\u0151 m\u00e9rete:<\/strong><\/h3>\n<ul>\n<li>\n<h3>dekor\u00e1l\u00f3v\u00e9g hossza: \u00a0 \u00a0 \u00a0 4 mm<\/h3>\n<\/li>\n<li>\n<h3>cs\u0151hossz: \u00a0 \u00a0 \u00a0 \u00a0 \u00a0 \u00a0 \u00a0 \u00a0 \u00a0 \u00a0 \u00a0 \u00a0 \u00a035 mm<\/h3>\n<\/li>\n<\/ul>\n","protected":false},"featured_media":11712,"comment_status":"closed","ping_status":"closed","template":"","meta":[],"builder_content":"","_links":{"self":[{"href":"https:\/\/jhcakes.com\/shop\/wp-json\/wp\/v2\/product\/11705"}],"collection":[{"href":"https:\/\/jhcakes.com\/shop\/wp-json\/wp\/v2\/product"}],"about":[{"href":"https:\/\/jhcakes.com\/shop\/wp-json\/wp\/v2\/types\/product"}],"replies":[{"embeddable":true,"href":"https:\/\/jhcakes.com\/shop\/wp-json\/wp\/v2\/comments?post=11705"}],"wp:featuredmedia":[{"embeddable":true,"href":"https:\/\/jhcakes.com\/shop\/wp-json\/wp\/v2\/media\/11712"}],"wp:attachment":[{"href":"https:\/\/jhcakes.com\/shop\/wp-json\/wp\/v2\/media?parent=11705"}],"curies":[{"name":"wp","href":"https:\/\/api.w.org\/{rel}","templated":true}]}}