{"id":11474,"date":"2019-01-02T15:26:53","date_gmt":"2019-01-02T14:26:53","guid":{"rendered":"https:\/\/jhcakes.com\/shop\/?post_type=product&#038;p=11474"},"modified":"2020-05-26T20:38:04","modified_gmt":"2020-05-26T18:38:04","slug":"viragindas-pava-tortastencil","status":"publish","type":"product","link":"https:\/\/jhcakes.com\/shop\/termek\/viragindas-pava-tortastencil\/","title":{"rendered":"Vir\u00e1gind\u00e1s p\u00e1va tortastencil"},"content":{"rendered":"<h3 style=\"text-align: justify;\">Nagyon apr\u00f3l\u00e9kos\u00a0<span style=\"color: #878787;\"><span style=\"color: #ec008c;\"><strong>vir\u00e1gind\u00e1s p\u00e1va stencil<\/strong><\/span><\/span><span style=\"color: #878787;\"><span style=\"color: #ec008c;\"><strong>\u00fcnk <\/strong><\/span>csipkeszer\u0171 mint\u00e1t var\u00e1zsol a tort\u00e1k oldal\u00e1ra. A stencilminta teljes magass\u00e1ga az \u00e1tlagosn\u00e1l magasabb, minimum 15 cm-es tort\u00e1t ig\u00e9nyel.\u00a0<\/span>A stencil az <strong>eredeti,<\/strong> amerikai Designer Stencils v\u00e1llalat \u00e1ltal tervezett \u00e9s gy\u00e1rtott term\u00e9k.<\/h3>\n<h3 style=\"text-align: justify;\"><span style=\"color: #878787;\">\u00a0<\/span><\/h3>\n<h3><span style=\"color: #878787;\"><strong>Milyen eszk\u00f6z\u00f6ket \u00e9s alapanyagokat aj\u00e1nlunk a stencilek haszn\u00e1lat\u00e1hoz?<\/strong><\/span><\/h3>\n<ul>\n<li>\n<h3><span style=\"color: #878787;\">glaz\u00fart\u00a0vagy vajkr\u00e9met\u00a0<span style=\"color: #1ba6b5;\"><strong><a style=\"color: #1ba6b5;\" href=\"https:\/\/jhcakes.com\/shop\/termek\/keno-lap-stencilek-hasznalatahoz\/\" target=\"_blank\" rel=\"noopener noreferrer\">ken\u0151lappal<\/a><\/strong><\/span>\u00a0illetve\u00a0<span style=\"color: #1ba6b5;\"><strong><a style=\"color: #1ba6b5;\" href=\"https:\/\/jhcakes.com\/shop\/termek\/hajlitott-kenokes-20-cm\/\" target=\"_blank\" rel=\"noopener noreferrer\">ken\u0151k\u00e9ssel<\/a><\/strong><\/span>\u00a0vihet\u00fcnk fel<\/span><\/h3>\n<\/li>\n<li>\n<h3><span style=\"color: #878787;\"><span style=\"color: #878787;\">airbrush-sal, <\/span><strong><span style=\"color: #1ba6b4;\"><span style=\"color: #00ff00;\"><a style=\"color: #1ba6b4;\" href=\"https:\/\/jhcakes.com\/shop\/termekkategoria\/festekek-ecsetek\/etelfestektollak-ecsetek\/\" target=\"_blank\" rel=\"noopener noreferrer\">\u00e9telfest\u00e9kecsetekkel<\/a><\/span>, <span style=\"color: #0000ff;\"><a style=\"color: #1ba6b4;\" href=\"https:\/\/jhcakes.com\/shop\/termekkategoria\/festekek-ecsetek\/folyekony-etelfestekek\/\" target=\"_blank\" rel=\"noopener noreferrer\">foly\u00e9kony \u00e9telfest\u00e9kekkel, <\/a><\/span><\/span><\/strong>\u00a0<a href=\"https:\/\/jhcakes.com\/shop\/termekkategoria\/festekek-ecsetek\/sziromporok-luszterporok\/eheto-luszterporok\/\" target=\"_blank\" rel=\"noopener noreferrer\"><span style=\"color: #1ba6b5;\"><strong>l\u00fcszterporokkal<\/strong><\/span><\/a>\u00a0festhet\u00fcnk<\/span><\/h3>\n<\/li>\n<li>\n<h3><span style=\"color: #878787;\"><a href=\"https:\/\/jhcakes.com\/shop\/termek\/stencilezo-ecsetszett\/\" target=\"_blank\" rel=\"noopener noreferrer\"><span style=\"color: #1ba6b5;\"><strong>stencilez\u0151 ecsettel<\/strong><\/span><\/a>\u00a0\u00e9s\u00a0<a href=\"https:\/\/jhcakes.com\/shop\/termekkategoria\/festekek-ecsetek\/sziromporok-luszterporok\/\" target=\"_blank\" rel=\"noopener noreferrer\"><span style=\"color: #1ba6b5;\"><strong>sziromporokkal<\/strong><\/span><\/a>\u00a0sz\u00ednezhet\u00fcnk<\/span><\/h3>\n<\/li>\n<li>\n<h3><span style=\"color: #878787;\">felsz\u00f3r\u00e1shoz kaka\u00f3port \u00e9s egy\u00e9b <strong><a href=\"https:\/\/jhcakes.com\/shop\/termekkategoria\/eheto-dekoraciok\/szorocukrok-cukorgyongyok\/\" target=\"_blank\" rel=\"noopener noreferrer\"><span style=\"color: #1ba6b5;\">sz\u00f3rhat\u00f3,<\/span><\/a><\/strong> \u00e9tkez\u00e9sre alkalmas d\u00edsz\u00edt\u0151anyagokat haszn\u00e1lhatunk<\/span><\/h3>\n<\/li>\n<\/ul>\n<h3><span style=\"color: #878787;\"><strong>Alapanyag:<\/strong><\/span><\/h3>\n<ul>\n<li>\n<h3><span style=\"color: #878787;\">10 mil vastags\u00e1g\u00fa, \u00e9telk\u00e9sz\u00edt\u00e9sre enged\u00e9lyezett, hajl\u00e9kony m\u0171anyag lap<\/span><\/h3>\n<\/li>\n<\/ul>\n<h3 id=\"tab-description\"><span style=\"color: #878787;\"><strong>Kezel\u00e9si \u00fatmutat\u00f3:<\/strong><\/span><\/h3>\n<ul>\n<li>\n<h3><span style=\"color: #878787;\">k\u00e9zzel moshat\u00f3, leveg\u0151n sz\u00e1r\u00edtand\u00f3<\/span><\/h3>\n<\/li>\n<\/ul>\n<div id=\"themify_builder_content-11474\" data-postid=\"11474\" class=\"themify_builder_content themify_builder_content-11474 themify_builder\">\n    <\/div>\n<!-- \/themify_builder_content -->","protected":false},"excerpt":{"rendered":"<h3><strong>Minta m\u00e9rete:<\/strong><\/h3>\n<ul>\n<li>\n<h3>sz\u00e9less\u00e9g: \u00a0 \u00a0200 mm<\/h3>\n<\/li>\n<li>\n<h3>magass\u00e1g: \u00a0 150 mm<\/h3>\n<\/li>\n<\/ul>\n","protected":false},"featured_media":11477,"comment_status":"open","ping_status":"closed","template":"","meta":[],"builder_content":"","_links":{"self":[{"href":"https:\/\/jhcakes.com\/shop\/wp-json\/wp\/v2\/product\/11474"}],"collection":[{"href":"https:\/\/jhcakes.com\/shop\/wp-json\/wp\/v2\/product"}],"about":[{"href":"https:\/\/jhcakes.com\/shop\/wp-json\/wp\/v2\/types\/product"}],"replies":[{"embeddable":true,"href":"https:\/\/jhcakes.com\/shop\/wp-json\/wp\/v2\/comments?post=11474"}],"wp:featuredmedia":[{"embeddable":true,"href":"https:\/\/jhcakes.com\/shop\/wp-json\/wp\/v2\/media\/11477"}],"wp:attachment":[{"href":"https:\/\/jhcakes.com\/shop\/wp-json\/wp\/v2\/media?parent=11474"}],"curies":[{"name":"wp","href":"https:\/\/api.w.org\/{rel}","templated":true}]}}