{"id":11295,"date":"2018-12-05T09:46:36","date_gmt":"2018-12-05T08:46:36","guid":{"rendered":"https:\/\/jhcakes.com\/shop\/?post_type=product&#038;p=11295"},"modified":"2026-04-15T07:50:55","modified_gmt":"2026-04-15T05:50:55","slug":"kerek-diszitocso-1-0-pme","status":"publish","type":"product","link":"https:\/\/jhcakes.com\/shop\/termek\/kerek-diszitocso-1-0-pme\/","title":{"rendered":"Kerek d\u00edsz\u00edt\u0151cs\u0151  #1.0 PME"},"content":{"rendered":"<h3><span style=\"color: #ec008c;\"><strong>#1.0 PME p<\/strong><\/span><span style=\"color: #ec008c;\"><strong>rofesszion\u00e1lis kerek d\u00edsz\u00edt\u0151cs\u0151 <\/strong>\u00a0<\/span>torta-, cupcake- \u00e9s m\u00e9zesdekor\u00e1l\u00e1shoz.<br \/>\nA PME d\u00edsz\u00edt\u0151cs\u00f6vek a legjobb min\u0151s\u00e9g\u0171 cs\u00f6vek Magyarorsz\u00e1gon. Egyik legnagyobb el\u0151ny\u00fck, hogy hossz\u00faak, ezzel nagyobb kontrollt biztos\u00edtanak az \u00edr\u00f3k\u00e1z\u00e1shoz.<\/h3>\n<p>&nbsp;<\/p>\n<h3><strong>Egy\u00e9b el\u0151nyeik:<\/strong><\/h3>\n<ul>\n<li>\n<h3>nem szinez\u0151dnek el<\/h3>\n<\/li>\n<li>\n<h3>nem rozsd\u00e1sodnak<\/h3>\n<\/li>\n<li>\n<h3>nincsenek \u00f6sszeforraszt\u00e1si vonalai &#8211; a glaz\u00far nem p\u00f6r\u00f6g a cs\u0151b\u0151l t\u00f6rt\u00e9n\u0151 kinyom\u00e1skor<\/h3>\n<\/li>\n<\/ul>\n<h3 style=\"text-align: justify;\"><strong>Mit k\u00e9sz\u00edthet\u00fcnk az 1.0-es sz\u00e1m\u00fa PME d\u00edsz\u00edt\u0151cs\u0151vel?<\/strong><\/h3>\n<ul>\n<li>\n<h3>v\u00e9kony kont\u00far \u00e9s dekor\u00e1l\u00f3 vonalakat<\/h3>\n<\/li>\n<li>\n<h3>p\u00f6tty\u00f6ket<\/h3>\n<\/li>\n<li>\n<h3>kis ter\u00fcletet bevon\u00f3 ter\u00fcl\u0151m\u00e1zat<\/h3>\n<\/li>\n<\/ul>\n<h3><strong>Milyen alapanyagot haszn\u00e1ljunk?<\/strong><\/h3>\n<ul>\n<li>\n<h3>glaz\u00fart\/\u00edr\u00f3k\u00e1t<\/h3>\n<\/li>\n<\/ul>\n<h3><strong>Milyen kieg\u00e9sz\u00edt\u0151t aj\u00e1nlunk a d\u00edsz\u00edt\u0151cs\u0151h\u00f6z?<\/strong><\/h3>\n<ul>\n<li>\n<h3>habzs\u00e1kot<\/h3>\n<\/li>\n<li>\n<h3><a href=\"https:\/\/jhcakes.com\/shop\/termek\/normal-meretu-csatolocso-szett\/\" target=\"_blank\" rel=\"noopener noreferrer\"><strong><span style=\"color: #1ba6b4;\">norm\u00e1l m\u00e9ret\u0171 csatol\u00f3cs\u00f6vet<\/span><\/strong><\/a><\/h3>\n<\/li>\n<\/ul>\n<h3><strong>Alapanyag:<\/strong><\/h3>\n<ul>\n<li>\n<h3>rozsdamentes ac\u00e9l<\/h3>\n<\/li>\n<\/ul>\n<h3 id=\"tab-description\"><strong>Kezel\u00e9si \u00fatmutat\u00f3:<\/strong><\/h3>\n<ul>\n<li>\n<h3>k\u00e9zzel moshat\u00f3, leveg\u0151n sz\u00e1r\u00edtand\u00f3<\/h3>\n<\/li>\n<\/ul>\n<div id=\"themify_builder_content-11295\" data-postid=\"11295\" class=\"themify_builder_content themify_builder_content-11295 themify_builder\">\n    <\/div>\n<!-- \/themify_builder_content -->","protected":false},"excerpt":{"rendered":"<h3><strong>Cs\u0151 m\u00e9rete:<\/strong><\/h3>\n<ul>\n<li>\n<h3>\u00e1tm\u00e9r\u0151: \u00a0 \u00a0 \u00a0 \u00a0 \u00a0 \u00a01 mm<\/h3>\n<\/li>\n<li>\n<h3>cs\u0151hossz: \u00a0 \u00a0 \u00a040 mm<\/h3>\n<\/li>\n<\/ul>\n","protected":false},"featured_media":11701,"comment_status":"closed","ping_status":"closed","template":"","meta":[],"builder_content":"","_links":{"self":[{"href":"https:\/\/jhcakes.com\/shop\/wp-json\/wp\/v2\/product\/11295"}],"collection":[{"href":"https:\/\/jhcakes.com\/shop\/wp-json\/wp\/v2\/product"}],"about":[{"href":"https:\/\/jhcakes.com\/shop\/wp-json\/wp\/v2\/types\/product"}],"replies":[{"embeddable":true,"href":"https:\/\/jhcakes.com\/shop\/wp-json\/wp\/v2\/comments?post=11295"}],"wp:featuredmedia":[{"embeddable":true,"href":"https:\/\/jhcakes.com\/shop\/wp-json\/wp\/v2\/media\/11701"}],"wp:attachment":[{"href":"https:\/\/jhcakes.com\/shop\/wp-json\/wp\/v2\/media?parent=11295"}],"curies":[{"name":"wp","href":"https:\/\/api.w.org\/{rel}","templated":true}]}}