{"id":11072,"date":"2018-11-08T08:23:20","date_gmt":"2018-11-08T07:23:20","guid":{"rendered":"https:\/\/jhcakes.com\/shop\/?post_type=product&#038;p=11072"},"modified":"2024-12-05T11:50:30","modified_gmt":"2024-12-05T10:50:30","slug":"mini-mezi-fiucskak-konfetti","status":"publish","type":"product","link":"https:\/\/jhcakes.com\/shop\/termek\/mini-mezi-fiucskak-konfetti\/","title":{"rendered":"Mini m\u00e9zi fi\u00facsk\u00e1k konfetti"},"content":{"rendered":"<h3>A\u00a0<strong><span style=\"color: #ec008c;\">mini m\u00e9zi fi\u00facsk\u00e1k konfetti\u00a0<\/span><\/strong>&#8211; nagyon cuki, selyemf\u00e9ny\u0171 m\u00e9zi fi\u00facsk\u00e1kb\u00f3l \u00e1ll. Remek v\u00e1laszt\u00e1s kar\u00e1csonyi kupactort\u00e1k, m\u00e9zesek, linzerek d\u00edsz\u00edt\u00e9s\u00e9re.<\/h3>\n<p>&nbsp;<\/p>\n<h3><strong>\u00d6sszetev\u0151k:<\/strong><\/h3>\n<ul>\n<li>\n<h3>cukor, burgonya- \u00e9s kukoricakem\u00e9ny\u00edt\u0151, kaka\u00f3vaj, rizsliszt, \u00edzes\u00edt\u0151, f\u00e9nyes\u00edt\u0151anyag: E904<\/h3>\n<\/li>\n<li>\n<h3>sz\u00ednez\u00e9kek: E172, E100, E162<\/h3>\n<\/li>\n<\/ul>\n<h3><strong>T\u00e1rol\u00e1si javaslat:<\/strong><\/h3>\n<ul>\n<li>\n<h3>alacsony p\u00e1ratartalommal rendelkez\u0151, sz\u00e1raz, h\u0171v\u00f6s helyen t\u00e1roland\u00f3<\/h3>\n<\/li>\n<\/ul>\n<h3><strong>Lej\u00e1rati id\u0151:<\/strong><\/h3>\n<ul>\n<li>\n<h3>2026. december 30.<\/h3>\n<\/li>\n<\/ul>\n<h3><strong>Nett\u00f3 s\u00faly:<\/strong><\/h3>\n<ul>\n<li>\n<h3>25 gramm<\/h3>\n<\/li>\n<\/ul>\n<div id=\"themify_builder_content-11072\" data-postid=\"11072\" class=\"themify_builder_content themify_builder_content-11072 themify_builder\">\n    <\/div>\n<!-- \/themify_builder_content -->","protected":false},"excerpt":{"rendered":"<h3><strong>Konfetti m\u00e9rete:<\/strong><\/h3>\n<ul>\n<li>\n<h3>sz\u00e9less\u00e9g: \u00a0 \u00a0 \u00a0 8 mm<\/h3>\n<\/li>\n<li>\n<h3>magass\u00e1g: \u00a0 \u00a0 10 mm<\/h3>\n<\/li>\n<\/ul>\n","protected":false},"featured_media":24654,"comment_status":"closed","ping_status":"closed","template":"","meta":[],"builder_content":"","_links":{"self":[{"href":"https:\/\/jhcakes.com\/shop\/wp-json\/wp\/v2\/product\/11072"}],"collection":[{"href":"https:\/\/jhcakes.com\/shop\/wp-json\/wp\/v2\/product"}],"about":[{"href":"https:\/\/jhcakes.com\/shop\/wp-json\/wp\/v2\/types\/product"}],"replies":[{"embeddable":true,"href":"https:\/\/jhcakes.com\/shop\/wp-json\/wp\/v2\/comments?post=11072"}],"wp:featuredmedia":[{"embeddable":true,"href":"https:\/\/jhcakes.com\/shop\/wp-json\/wp\/v2\/media\/24654"}],"wp:attachment":[{"href":"https:\/\/jhcakes.com\/shop\/wp-json\/wp\/v2\/media?parent=11072"}],"curies":[{"name":"wp","href":"https:\/\/api.w.org\/{rel}","templated":true}]}}