{"id":11060,"date":"2018-11-07T23:13:47","date_gmt":"2018-11-07T22:13:47","guid":{"rendered":"https:\/\/jhcakes.com\/shop\/?post_type=product&#038;p=11060"},"modified":"2025-12-10T21:21:41","modified_gmt":"2025-12-10T20:21:41","slug":"karacsonyi-magyal-konfettimix","status":"publish","type":"product","link":"https:\/\/jhcakes.com\/shop\/termek\/karacsonyi-magyal-konfettimix\/","title":{"rendered":"Kar\u00e1csonyi magyal konfettimix"},"content":{"rendered":"<h3 style=\"text-align: justify;\"><strong><span style=\"color: #ec008c;\">Kar\u00e1csonyi magyal konfettimix <\/span><\/strong>&#8211; nagyon mutat\u00f3s, matt, z\u00f6ld sz\u00edn\u0171 magyallevelek, \u00e9l\u00e9nkpiros cukorgy\u00f6ngy\u00f6kkel keverve. Remek v\u00e1laszt\u00e1s kar\u00e1csonyi kupactort\u00e1k, m\u00e9zesek, linzerek d\u00edsz\u00edt\u00e9s\u00e9re.<\/h3>\n<p>&nbsp;<\/p>\n<h3><strong>\u00d6sszetev\u0151k:<\/strong><\/h3>\n<ul>\n<li>\n<h3>cukor, dextr\u00f3z, rizsliszt, repce- \u00e9s k\u00f3kuszolaj, hidrog\u00e9niz\u00e1lt repceolaj, gluk\u00f3z szirup, s\u0171r\u00edt\u0151anyagok: E413, E414, b\u00fazakem\u00e9ny\u00edt\u0151, f\u00e9nyez\u0151anyag: E904, invert\u00e1lt cukorszirup, kukoricakorpa, \u00edzes\u00edt\u0151 &#8211; nyomokban tartalmazhat tejet \u00e9s f\u00e1n term\u0151 magokat<\/h3>\n<\/li>\n<li>\n<h3>sz\u00ednez\u00e9kek: E101, E132, E133, E141, feketeribizli, citrom \u00e9s retekkoncentr\u00e1tum<\/h3>\n<\/li>\n<\/ul>\n<h3><strong>T\u00e1rol\u00e1si javaslat:<\/strong><\/h3>\n<ul>\n<li>\n<h3>alacsony p\u00e1ratartalommal rendelkez\u0151, sz\u00e1raz, h\u0171v\u00f6s helyen t\u00e1roland\u00f3<\/h3>\n<\/li>\n<\/ul>\n<h3><strong>Lej\u00e1rati id\u0151:<\/strong><\/h3>\n<ul>\n<li>\n<h3>2027. december 30.<\/h3>\n<\/li>\n<\/ul>\n<h3><strong>Nett\u00f3 s\u00faly:<\/strong><\/h3>\n<ul>\n<li>\n<h3>25 gramm<\/h3>\n<\/li>\n<\/ul>\n<div id=\"themify_builder_content-11060\" data-postid=\"11060\" class=\"themify_builder_content themify_builder_content-11060 themify_builder\">\n    <\/div>\n<!-- \/themify_builder_content -->","protected":false},"excerpt":{"rendered":"<h3><strong>Konfetti m\u00e9rete:<\/strong><\/h3>\n<ul>\n<li>\n<h3>magyallevelek &#8211; sz: 6 mm x m: 11 mm<\/h3>\n<\/li>\n<li>\n<h3>cukorgy\u00f6ngy\u00f6k &#8211; \u00e1: 3 mm<\/h3>\n<\/li>\n<\/ul>\n","protected":false},"featured_media":11021,"comment_status":"closed","ping_status":"closed","template":"","meta":[],"builder_content":"","_links":{"self":[{"href":"https:\/\/jhcakes.com\/shop\/wp-json\/wp\/v2\/product\/11060"}],"collection":[{"href":"https:\/\/jhcakes.com\/shop\/wp-json\/wp\/v2\/product"}],"about":[{"href":"https:\/\/jhcakes.com\/shop\/wp-json\/wp\/v2\/types\/product"}],"replies":[{"embeddable":true,"href":"https:\/\/jhcakes.com\/shop\/wp-json\/wp\/v2\/comments?post=11060"}],"wp:featuredmedia":[{"embeddable":true,"href":"https:\/\/jhcakes.com\/shop\/wp-json\/wp\/v2\/media\/11021"}],"wp:attachment":[{"href":"https:\/\/jhcakes.com\/shop\/wp-json\/wp\/v2\/media?parent=11060"}],"curies":[{"name":"wp","href":"https:\/\/api.w.org\/{rel}","templated":true}]}}