{"id":10804,"date":"2018-10-20T20:22:09","date_gmt":"2018-10-20T18:22:09","guid":{"rendered":"https:\/\/jhcakes.com\/shop\/?post_type=product&#038;p=10804"},"modified":"2022-12-23T12:08:43","modified_gmt":"2022-12-23T11:08:43","slug":"utcareszlet-mezes-kiszuro","status":"publish","type":"product","link":"https:\/\/jhcakes.com\/shop\/termek\/utcareszlet-mezes-kiszuro\/","title":{"rendered":"Utcar\u00e9szlet m\u00e9zes kisz\u00far\u00f3"},"content":{"rendered":"<h3>Sz\u00e9p form\u00e1j\u00fa, igaz\u00e1n nagy m\u00e9ret\u0171\u00a0<strong><span style=\"color: #878787;\"><span style=\"color: #ec008c;\">\u00a0utcar\u00e9szlet kisz\u00far\u00f3\u00a0<\/span><\/span><\/strong>m\u00e9cses d\u00edszek, aj\u00e1nd\u00e9kok k\u00e9sz\u00edt\u00e9s\u00e9re.<\/h3>\n<h3><\/h3>\n<p>&nbsp;<\/p>\n<h3 style=\"text-align: justify;\"><strong><span style=\"color: #878787;\">Mihez aj\u00e1nljuk a kisz\u00far\u00f3t?<\/span><\/strong><\/h3>\n<ul>\n<li>\n<h3><span style=\"color: #878787;\">m\u00e9zes \u00e9s egy\u00e9b t\u00e9sztaf\u00e9l\u00e9khez<\/span><\/h3>\n<\/li>\n<li>\n<h3><span style=\"color: #878787;\">fondant, cukormassza \u00e9s marcip\u00e1n form\u00e1k kisz\u00far\u00e1s\u00e1hoz<\/span><\/h3>\n<\/li>\n<\/ul>\n<h3><strong>Alapanyag:<\/strong><\/h3>\n<ul>\n<li>\n<h3><span style=\"color: #878787;\">rozsdamentes ac\u00e9l, haszn\u00e1latkor formatart\u00f3 marad<\/span><\/h3>\n<\/li>\n<li>\n<h3>a kisz\u00far\u00f3 mindk\u00e9t oldala haszn\u00e1lhat\u00f3<\/h3>\n<\/li>\n<\/ul>\n<h3><strong><span style=\"color: #7a7a7a;\">Kezel\u00e9si \u00fatmutat\u00f3:<\/span><\/strong><\/h3>\n<ul>\n<li>\n<h3><span style=\"color: #878787;\">k\u00e9zzel moshat\u00f3, leveg\u0151n sz\u00e1r\u00edtand\u00f3<\/span><\/h3>\n<\/li>\n<\/ul>\n<div id=\"themify_builder_content-10804\" data-postid=\"10804\" class=\"themify_builder_content themify_builder_content-10804 themify_builder\">\n    <\/div>\n<!-- \/themify_builder_content -->","protected":false},"excerpt":{"rendered":"<h3><strong>Kisz\u00far\u00f3 m\u00e9rete:<\/strong><\/h3>\n<ul>\n<li>\n<h3>sz\u00e9less\u00e9g: \u00a0 \u00a0 \u00a0177 mm<\/h3>\n<\/li>\n<li>\n<h3>magass\u00e1g: \u00a0 \u00a0124 mm<\/h3>\n<\/li>\n<\/ul>\n","protected":false},"featured_media":10759,"comment_status":"open","ping_status":"closed","template":"","meta":[],"builder_content":"","_links":{"self":[{"href":"https:\/\/jhcakes.com\/shop\/wp-json\/wp\/v2\/product\/10804"}],"collection":[{"href":"https:\/\/jhcakes.com\/shop\/wp-json\/wp\/v2\/product"}],"about":[{"href":"https:\/\/jhcakes.com\/shop\/wp-json\/wp\/v2\/types\/product"}],"replies":[{"embeddable":true,"href":"https:\/\/jhcakes.com\/shop\/wp-json\/wp\/v2\/comments?post=10804"}],"wp:featuredmedia":[{"embeddable":true,"href":"https:\/\/jhcakes.com\/shop\/wp-json\/wp\/v2\/media\/10759"}],"wp:attachment":[{"href":"https:\/\/jhcakes.com\/shop\/wp-json\/wp\/v2\/media?parent=10804"}],"curies":[{"name":"wp","href":"https:\/\/api.w.org\/{rel}","templated":true}]}}