{"id":10456,"date":"2018-10-05T19:16:26","date_gmt":"2018-10-05T17:16:26","guid":{"rendered":"https:\/\/jhcakes.com\/shop\/?post_type=product&#038;p=10456"},"modified":"2023-12-04T13:54:13","modified_gmt":"2023-12-04T12:54:13","slug":"nagyon-nagy-mezi-haz-kiegeszitokkel","status":"publish","type":"product","link":"https:\/\/jhcakes.com\/shop\/termek\/nagyon-nagy-mezi-haz-kiegeszitokkel\/","title":{"rendered":"Nagyon nagy m\u00e9zi h\u00e1z kieg\u00e9sz\u00edt\u0151kkel"},"content":{"rendered":"<h3><strong><span style=\"color: #ec008c\">Nagyon nagy m\u00e9zeskal\u00e1cs h\u00e1zik\u00f3 kisz\u00far\u00f3 szuper kieg\u00e9sz\u00edt\u0151kkel.<\/span>\u00a0<\/strong>A h\u00e1zik\u00f3hoz az al\u00e1bbi 9 darab kieg\u00e9sz\u00edt\u0151 kisz\u00far\u00f3 tartozik:<\/h3>\n<ul>\n<li>\n<h3>bolt\u00edves ajt\u00f3 &#8211; sz: 24 mm x m: 35 mm<\/h3>\n<\/li>\n<li>\n<h3>katedr\u00e1lis form\u00e1j\u00fa ablak\u00a0&#8211; sz: 21 mm x m: 27 mm<\/h3>\n<\/li>\n<li>\n<h3>kis n\u00e9gyzetes ablak\u00a0&#8211; sz: 13 mm x m: 13 mm<\/h3>\n<\/li>\n<li>\n<h3>nagyobb n\u00e9gyzetes ablak &#8211; sz: 22 mm x m: 22 mm<\/h3>\n<\/li>\n<li>\n<h3>csillag\u00a0&#8211; \u00e1: 30 mm<\/h3>\n<\/li>\n<li>\n<h3>sz\u00edv\u00a0&#8211; sz: 28 mm x m: 28 mm<\/h3>\n<\/li>\n<li>\n<h3>k\u00f6r\u00a0&#8211; \u00e1: 24 mm<\/h3>\n<\/li>\n<li>\n<h3>mini m\u00e9zi\u00a0&#8211; sz: 29 mm x m: 39 mm<\/h3>\n<\/li>\n<li>\n<h3>feny\u0151fa\u00a0&#8211; sz: 34 mm x m: 39 mm<span style=\"color: #878787;font-size: 16px\">\u00a0<\/span><\/h3>\n<\/li>\n<\/ul>\n<h3><span style=\"color: #7a7a7a\"><strong>Mihez aj\u00e1nljuk a kisz\u00far\u00f3 szettet?<\/strong><\/span><\/h3>\n<ul>\n<li>\n<h3><span style=\"color: #878787\">ak\u00e1r \u00e1ll\u00f3, ak\u00e1r fekv\u0151, ak\u00e1r felakaszott m\u00e9zeskal\u00e1cs h\u00e1zik\u00f3 k\u00e9sz\u00edt\u00e9s\u00e9hez<\/span><\/h3>\n<\/li>\n<li>\n<h3><span style=\"color: #878787\">a form\u00e1k nagyon aranyosak egyed\u00fcli haszn\u00e1lat eset\u00e9n is<\/span><\/h3>\n<\/li>\n<\/ul>\n<h3><strong>Alapanyag:<\/strong><\/h3>\n<ul>\n<li>\n<h3><span style=\"color: #878787\">rozsdamentes ac\u00e9l, haszn\u00e1latkor formatart\u00f3 marad<\/span><\/h3>\n<\/li>\n<\/ul>\n<h3 id=\"tab-description\"><strong>Kezel\u00e9si \u00fatmutat\u00f3:<\/strong><\/h3>\n<ul>\n<li>\n<h3>k\u00e9zzel moshat\u00f3, leveg\u0151n sz\u00e1r\u00edtand\u00f3<\/h3>\n<\/li>\n<\/ul>\n<div id=\"themify_builder_content-10456\" data-postid=\"10456\" class=\"themify_builder_content themify_builder_content-10456 themify_builder\">\n    <\/div>\n<!-- \/themify_builder_content -->","protected":false},"excerpt":{"rendered":"<h3><strong>H\u00e1zik\u00f3 kisz\u00far\u00f3 m\u00e9rete:<\/strong><\/h3>\n<ul>\n<li>\n<h3>sz\u00e9less\u00e9g: \u00a0 \u00a0 \u00a0129 mm<\/h3>\n<\/li>\n<li>\n<h3>magass\u00e1g: \u00a0 \u00a0132 mm<\/h3>\n<\/li>\n<\/ul>\n","protected":false},"featured_media":10459,"comment_status":"open","ping_status":"closed","template":"","meta":[],"builder_content":"","_links":{"self":[{"href":"https:\/\/jhcakes.com\/shop\/wp-json\/wp\/v2\/product\/10456"}],"collection":[{"href":"https:\/\/jhcakes.com\/shop\/wp-json\/wp\/v2\/product"}],"about":[{"href":"https:\/\/jhcakes.com\/shop\/wp-json\/wp\/v2\/types\/product"}],"replies":[{"embeddable":true,"href":"https:\/\/jhcakes.com\/shop\/wp-json\/wp\/v2\/comments?post=10456"}],"wp:featuredmedia":[{"embeddable":true,"href":"https:\/\/jhcakes.com\/shop\/wp-json\/wp\/v2\/media\/10459"}],"wp:attachment":[{"href":"https:\/\/jhcakes.com\/shop\/wp-json\/wp\/v2\/media?parent=10456"}],"curies":[{"name":"wp","href":"https:\/\/api.w.org\/{rel}","templated":true}]}}