{"id":10379,"date":"2018-10-02T13:24:56","date_gmt":"2018-10-02T11:24:56","guid":{"rendered":"https:\/\/jhcakes.com\/shop\/?post_type=product&#038;p=10379"},"modified":"2022-11-03T20:40:07","modified_gmt":"2022-11-03T19:40:07","slug":"jegvarazs-kiszuro-szett","status":"publish","type":"product","link":"https:\/\/jhcakes.com\/shop\/termek\/jegvarazs-kiszuro-szett\/","title":{"rendered":"J\u00e9gvar\u00e1zs Kisz\u00far\u00f3 Szett"},"content":{"rendered":"<h3>Sz\u00e9p, nagy m\u00e9ret\u0171, k\u00e9t darabos\u00a0<strong><span style=\"color: #ec008c;\">J\u00e9gvar\u00e1zs Kisz\u00far\u00f3 Szett<\/span>\u00a0<\/strong>Olaf \u00e9s egy n\u00e9lk\u00fcl\u00f6zhetetlen h\u00f3pehely kisz\u00far\u00f3 k\u00f6zrem\u0171k\u00f6d\u00e9s\u00e9vel :).<span style=\"color: #878787;\">\u00a0<\/span><\/h3>\n<p>&nbsp;<\/p>\n<h3><strong>Mihez aj\u00e1nljuk a kisz\u00far\u00f3 szettet?<\/strong><\/h3>\n<ul>\n<li>\n<h3>m\u00e9zes \u00e9s egy\u00e9b t\u00e9sztaf\u00e9l\u00e9khez<\/h3>\n<\/li>\n<li>\n<h3>fondant, cukormassza \u00e9s marcip\u00e1n form\u00e1k kisz\u00far\u00e1s\u00e1hoz<\/h3>\n<\/li>\n<\/ul>\n<h3><strong>Alapanyag:<\/strong><\/h3>\n<ul>\n<li>\n<h3>rozsdamentes ac\u00e9l, haszn\u00e1latkor formatart\u00f3 marad<\/h3>\n<\/li>\n<\/ul>\n<h3 id=\"tab-description\"><strong>Kezel\u00e9si \u00fatmutat\u00f3:<\/strong><\/h3>\n<ul>\n<li>\n<h3>k\u00e9zzel moshat\u00f3, leveg\u0151n sz\u00e1r\u00edtand\u00f3<\/h3>\n<\/li>\n<\/ul>\n<div id=\"themify_builder_content-10379\" data-postid=\"10379\" class=\"themify_builder_content themify_builder_content-10379 themify_builder\">\n    <\/div>\n<!-- \/themify_builder_content -->","protected":false},"excerpt":{"rendered":"<h3><strong>Kisz\u00far\u00f3 Szett M\u00e9rete:<\/strong><\/h3>\n<ul>\n<li>\n<h3>Olaf: \u00a0 \u00a0 \u00a0 \u00a0 \u00a0 \u00a0 \u00a0Sz: 55 mm x M: 100 mm<\/h3>\n<\/li>\n<li>\n<h3>H\u00f3pehely: \u00a0 \u00a0\u00c1: 87 mm<\/h3>\n<\/li>\n<\/ul>\n","protected":false},"featured_media":10398,"comment_status":"closed","ping_status":"closed","template":"","meta":[],"builder_content":"","_links":{"self":[{"href":"https:\/\/jhcakes.com\/shop\/wp-json\/wp\/v2\/product\/10379"}],"collection":[{"href":"https:\/\/jhcakes.com\/shop\/wp-json\/wp\/v2\/product"}],"about":[{"href":"https:\/\/jhcakes.com\/shop\/wp-json\/wp\/v2\/types\/product"}],"replies":[{"embeddable":true,"href":"https:\/\/jhcakes.com\/shop\/wp-json\/wp\/v2\/comments?post=10379"}],"wp:featuredmedia":[{"embeddable":true,"href":"https:\/\/jhcakes.com\/shop\/wp-json\/wp\/v2\/media\/10398"}],"wp:attachment":[{"href":"https:\/\/jhcakes.com\/shop\/wp-json\/wp\/v2\/media?parent=10379"}],"curies":[{"name":"wp","href":"https:\/\/api.w.org\/{rel}","templated":true}]}}