{"id":10294,"date":"2018-09-28T15:13:56","date_gmt":"2018-09-28T13:13:56","guid":{"rendered":"https:\/\/jhcakes.com\/shop\/?post_type=product&#038;p=10294"},"modified":"2024-10-21T12:30:55","modified_gmt":"2024-10-21T10:30:55","slug":"feher-kinai-papirdoboz","status":"publish","type":"product","link":"https:\/\/jhcakes.com\/shop\/termek\/feher-kinai-papirdoboz\/","title":{"rendered":"Feh\u00e9r k\u00ednai pap\u00edrdoboz"},"content":{"rendered":"<h3>Divatos, csinos,\u00a0<strong><span style=\"color: #ec008c;\">feh\u00e9r k\u00ednai pap\u00edrdoboz\u00a0<\/span><\/strong>kis mennyis\u00e9g\u0171 \u00e9dess\u00e9gek, kisebb aj\u00e1nd\u00e9kok csomagol\u00e1s\u00e1hoz.\u00a0A dobozka teteje lez\u00e1rhat\u00f3 \u00e9s a kis, f\u00e9mb\u0151l k\u00e9sz\u00fclt f\u00fcl seg\u00edts\u00e9g\u00e9vel a dobozka felemelhet\u0151. A dobozok a tet\u0151 bez\u00e1r\u00e1s\u00e1n k\u00edv\u00fcl hajtogat\u00e1st nem ig\u00e9nyelnek.<\/h3>\n<h3>Tov\u00e1bbi csomagol\u00f3 dobozk\u00e1ink\u00a0<span style=\"color: #1ba6b4;\"><strong><a style=\"color: #1ba6b4;\" href=\"https:\/\/jhcakes.com\/shop\/termekkategoria\/csomagolas-es-parti-kellekek\/dobozok-zacskok\/\" target=\"_blank\" rel=\"noopener\">ITT<\/a><\/strong><\/span> tal\u00e1lhat\u00f3k.<\/h3>\n<h3><\/h3>\n<p>&nbsp;<\/p>\n<h3><span style=\"color: #7a7a7a;\"><strong>Mihez aj\u00e1nljuk a k\u00ednai pap\u00edrdobozt?<\/strong><\/span><\/h3>\n<ul>\n<li>\n<h3><span style=\"color: #878787;\">s\u00fctik, m\u00e9zesek, kekszek, csokik<\/span><\/h3>\n<\/li>\n<li>\n<h3><span style=\"color: #878787;\">maradand\u00f3 aj\u00e1nd\u00e9kok<\/span><\/h3>\n<\/li>\n<li>\n<h3><span style=\"color: #878787;\">k\u00f6sz\u00f6n\u0151aj\u00e1nd\u00e9kok csomagol\u00e1s\u00e1ra<\/span><\/h3>\n<\/li>\n<\/ul>\n<h3><strong>Alapanyag \u00e9s kiszerel\u00e9s:<\/strong><\/h3>\n<ul>\n<li>\n<h3>vastag, bel\u00fcl zs\u00edr\u00e1ll\u00f3 pap\u00edr<\/h3>\n<\/li>\n<li>\n<h3>\u00f6sszeszerelve \u00e9rkezik<\/h3>\n<\/li>\n<\/ul>\n<div id=\"themify_builder_content-10294\" data-postid=\"10294\" class=\"themify_builder_content themify_builder_content-10294 themify_builder\">\n    <\/div>\n<!-- \/themify_builder_content -->","protected":false},"excerpt":{"rendered":"<h3><strong>Doboz m\u00e9rete:<\/strong><\/h3>\n<ul>\n<li>\n<h3>sz\u00e9less\u00e9g: \u00a0 \u00a0 \u00a0 \u00a0 50 mm<\/h3>\n<\/li>\n<li>\n<h3>hossz\u00fas\u00e1g: \u00a0 \u00a0 \u00a0 70 mm<\/h3>\n<\/li>\n<li>\n<h3>magass\u00e1g: \u00a0 \u00a0 \u00a0 \u00a062 mm<\/h3>\n<\/li>\n<\/ul>\n","protected":false},"featured_media":5125,"comment_status":"open","ping_status":"closed","template":"","meta":[],"builder_content":"","_links":{"self":[{"href":"https:\/\/jhcakes.com\/shop\/wp-json\/wp\/v2\/product\/10294"}],"collection":[{"href":"https:\/\/jhcakes.com\/shop\/wp-json\/wp\/v2\/product"}],"about":[{"href":"https:\/\/jhcakes.com\/shop\/wp-json\/wp\/v2\/types\/product"}],"replies":[{"embeddable":true,"href":"https:\/\/jhcakes.com\/shop\/wp-json\/wp\/v2\/comments?post=10294"}],"wp:featuredmedia":[{"embeddable":true,"href":"https:\/\/jhcakes.com\/shop\/wp-json\/wp\/v2\/media\/5125"}],"wp:attachment":[{"href":"https:\/\/jhcakes.com\/shop\/wp-json\/wp\/v2\/media?parent=10294"}],"curies":[{"name":"wp","href":"https:\/\/api.w.org\/{rel}","templated":true}]}}